{"id":39544,"date":"2024-07-16T14:20:36","date_gmt":"2024-07-16T14:20:36","guid":{"rendered":"https:\/\/cultivers.es\/abonos\/prele-prete-a-lemploi\/"},"modified":"2025-09-22T05:45:00","modified_gmt":"2025-09-22T05:45:00","slug":"prele-prete-a-lemploi","status":"publish","type":"product","link":"https:\/\/cultivers.es\/fr\/abonnements\/prele-prete-a-lemploi\/","title":{"rendered":"Pr\u00eale Pr\u00eate \u00e0 l&#8217;emploi"},"content":{"rendered":"","protected":false},"excerpt":{"rendered":"<ul class=\"a-unordered-list a-vertical a-spacing-mini\">\n<li class=\"a-spacing-mini\"><span class=\"a-list-item\">Fongicide \u00e9cologique naturel \u00e0 base d&rsquo;extrait de pr\u00eale des champs Equisentum Arvense. Anti-fongique efficace et facile \u00e0 utiliser. <\/span><\/li>\n<li class=\"a-spacing-mini\"><span class=\"a-list-item\">Pr\u00e9ventif et curatif contre les maladies caus\u00e9es par des champignons pathog\u00e8nes tels que : le mildiou, l&rsquo;o\u00efdium, la rouille, etc. Augmente les d\u00e9fenses naturelles des plantes. <\/span><\/li>\n<li class=\"a-spacing-mini\"><span class=\"a-list-item\">Augmente les d\u00e9fenses naturelles des plantes. Renforce les tissus v\u00e9g\u00e9taux. Favorise la croissance et le d\u00e9veloppement des plantes. Efficace pour les plantes d&rsquo;int\u00e9rieur, d&rsquo;ext\u00e9rieur, de jardin et de potager.   <\/span><\/li>\n<li class=\"a-spacing-mini\"><span class=\"a-list-item\">Mode d&#8217;emploi : Pulv\u00e9riser directement sur la plante, \u00e0 une distance d&rsquo;environ 30 cm. Il est toujours recommand\u00e9 d&rsquo;appliquer le produit au cr\u00e9puscule, en \u00e9vitant les heures de plus forte radiation solaire, en mouillant toujours bien toute la surface des feuilles, sans faire couler le produit.<\/span><\/li>\n<li class=\"a-spacing-mini\"><span class=\"a-list-item\">Substance de base naturelle. Autoris\u00e9 en agriculture biologique. <\/span><\/li>\n<\/ul>\n","protected":false},"featured_media":27762,"comment_status":"open","ping_status":"closed","template":"","meta":{"_acf_changed":false},"product_brand":[],"product_cat":[1281],"product_tag":[],"class_list":{"0":"post-39544","1":"product","2":"type-product","3":"status-publish","4":"has-post-thumbnail","6":"product_cat-plantes-dinterieur-et-balcon","8":"first","9":"instock","10":"taxable","11":"shipping-taxable","12":"purchasable","13":"product-type-variable"},"acf":[],"_links":{"self":[{"href":"https:\/\/cultivers.es\/fr\/wp-json\/wp\/v2\/product\/39544","targetHints":{"allow":["GET"]}}],"collection":[{"href":"https:\/\/cultivers.es\/fr\/wp-json\/wp\/v2\/product"}],"about":[{"href":"https:\/\/cultivers.es\/fr\/wp-json\/wp\/v2\/types\/product"}],"replies":[{"embeddable":true,"href":"https:\/\/cultivers.es\/fr\/wp-json\/wp\/v2\/comments?post=39544"}],"wp:featuredmedia":[{"embeddable":true,"href":"https:\/\/cultivers.es\/fr\/wp-json\/wp\/v2\/media\/27762"}],"wp:attachment":[{"href":"https:\/\/cultivers.es\/fr\/wp-json\/wp\/v2\/media?parent=39544"}],"wp:term":[{"taxonomy":"product_brand","embeddable":true,"href":"https:\/\/cultivers.es\/fr\/wp-json\/wp\/v2\/product_brand?post=39544"},{"taxonomy":"product_cat","embeddable":true,"href":"https:\/\/cultivers.es\/fr\/wp-json\/wp\/v2\/product_cat?post=39544"},{"taxonomy":"product_tag","embeddable":true,"href":"https:\/\/cultivers.es\/fr\/wp-json\/wp\/v2\/product_tag?post=39544"}],"curies":[{"name":"wp","href":"https:\/\/api.w.org\/{rel}","templated":true}]}}