{"id":39548,"date":"2024-07-16T14:20:32","date_gmt":"2024-07-16T14:20:32","guid":{"rendered":"https:\/\/cultivers.es\/abonos\/purine-dortie-prete-a-lemploi\/"},"modified":"2025-09-22T05:44:34","modified_gmt":"2025-09-22T05:44:34","slug":"purine-dortie-prete-a-lemploi","status":"publish","type":"product","link":"https:\/\/cultivers.es\/fr\/abonnements\/purine-dortie-prete-a-lemploi\/","title":{"rendered":"Purine d&rsquo;ortie pr\u00eate \u00e0 l&#8217;emploi"},"content":{"rendered":"","protected":false},"excerpt":{"rendered":"<ul class=\"a-unordered-list a-vertical a-spacing-mini\">\n<li class=\"a-spacing-mini\"><span class=\"a-list-item\">Produit naturel \u00e0 base d&rsquo;extrait d&rsquo;ortie \u00e0 fonction insecticide, acaricide et fongicide. Extrait liquide d&rsquo;Urtica spp. <\/span><\/li>\n<li class=\"a-spacing-mini\"><span class=\"a-list-item\">Protection des plantes horticoles, des arbres fruitiers, des plantes ornementales, etc. Pour tous les types de plantes d&rsquo;int\u00e9rieur et d&rsquo;ext\u00e9rieur. Pr\u00e9ventif et curatif.<\/span><\/li>\n<li class=\"a-spacing-mini\"><span class=\"a-list-item\">Produit \u00e9cologique contre les insectes, les champignons et les acariens. Produit 100% naturel. <\/span><\/li>\n<li class=\"a-spacing-mini\"><span class=\"a-list-item\">Mode d&#8217;emploi : produit pr\u00eat \u00e0 l&#8217;emploi, agiter avant utilisation et pulv\u00e9riser \u00e0 30 cm de la plante. Appliquer sur les plantes pr\u00e9sentant des probl\u00e8mes d&rsquo;insectes, d&rsquo;acariens et de champignons. P\u00e9riode de s\u00e9curit\u00e9 : 7 jours.  <\/span><\/li>\n<li class=\"a-spacing-mini\"><span class=\"a-list-item\">Renforce le m\u00e9canisme de d\u00e9fense naturel des plantes. Des plantes plus vertes. <\/span><\/li>\n<\/ul>\n","protected":false},"featured_media":27744,"comment_status":"open","ping_status":"closed","template":"","meta":{"_acf_changed":false},"product_brand":[],"product_cat":[1281],"product_tag":[],"class_list":{"0":"post-39548","1":"product","2":"type-product","3":"status-publish","4":"has-post-thumbnail","6":"product_cat-plantes-dinterieur-et-balcon","8":"first","9":"instock","10":"taxable","11":"shipping-taxable","12":"purchasable","13":"product-type-variable"},"acf":[],"_links":{"self":[{"href":"https:\/\/cultivers.es\/fr\/wp-json\/wp\/v2\/product\/39548","targetHints":{"allow":["GET"]}}],"collection":[{"href":"https:\/\/cultivers.es\/fr\/wp-json\/wp\/v2\/product"}],"about":[{"href":"https:\/\/cultivers.es\/fr\/wp-json\/wp\/v2\/types\/product"}],"replies":[{"embeddable":true,"href":"https:\/\/cultivers.es\/fr\/wp-json\/wp\/v2\/comments?post=39548"}],"wp:featuredmedia":[{"embeddable":true,"href":"https:\/\/cultivers.es\/fr\/wp-json\/wp\/v2\/media\/27744"}],"wp:attachment":[{"href":"https:\/\/cultivers.es\/fr\/wp-json\/wp\/v2\/media?parent=39548"}],"wp:term":[{"taxonomy":"product_brand","embeddable":true,"href":"https:\/\/cultivers.es\/fr\/wp-json\/wp\/v2\/product_brand?post=39548"},{"taxonomy":"product_cat","embeddable":true,"href":"https:\/\/cultivers.es\/fr\/wp-json\/wp\/v2\/product_cat?post=39548"},{"taxonomy":"product_tag","embeddable":true,"href":"https:\/\/cultivers.es\/fr\/wp-json\/wp\/v2\/product_tag?post=39548"}],"curies":[{"name":"wp","href":"https:\/\/api.w.org\/{rel}","templated":true}]}}