{"id":39560,"date":"2024-07-16T14:20:40","date_gmt":"2024-07-16T14:20:40","guid":{"rendered":"https:\/\/cultivers.es\/abonos\/fongicide-pret-a-lemploi\/"},"modified":"2025-09-22T05:12:10","modified_gmt":"2025-09-22T05:12:10","slug":"fongicide-pret-a-lemploi","status":"publish","type":"product","link":"https:\/\/cultivers.es\/fr\/abonnements\/fongicide-pret-a-lemploi\/","title":{"rendered":"Fongicide pr\u00eat \u00e0 l&#8217;emploi"},"content":{"rendered":"","protected":false},"excerpt":{"rendered":"<div id=\"featurebullets_feature_div\" class=\"celwidget\" data-feature-name=\"featurebullets\" data-csa-c-type=\"widget\" data-csa-c-content-id=\"featurebullets\" data-csa-c-slot-id=\"featurebullets_feature_div\" data-csa-c-asin=\"B09WMTY62V\" data-csa-c-is-in-initial-active-row=\"false\" data-csa-c-id=\"96ku8o-rdhnap-fcczkl-3tzvin\" data-cel-widget=\"featurebullets_feature_div\">\n<div id=\"feature-bullets\" class=\"a-section a-spacing-medium a-spacing-top-small\">\n<ul class=\"a-unordered-list a-vertical a-spacing-mini\">\n<li class=\"a-spacing-mini\"><span class=\"a-list-item\">Fongicide \u00e9cologique d\u00e9velopp\u00e9 pour le contr\u00f4le pr\u00e9ventif et curatif de diverses maladies fongiques.<\/span><\/li>\n<li class=\"a-spacing-mini\"><span class=\"a-list-item\">Mode d&#8217;emploi : produit pr\u00eat \u00e0 l&#8217;emploi, agiter avant utilisation et pulv\u00e9riser \u00e0 30 cm de la plante.<\/span><\/li>\n<li class=\"a-spacing-mini\"><span class=\"a-list-item\">Champignons : vigne : mildiou ; arbres fruitiers : alternaria, monilia, botrytis ; concombre : mildiou, o\u00efdium, alternaria, pythium, champignon des racines ; brassicas (famille de la moutarde et du radis) : alternaria ; plantes ornementales et roses : o\u00efdium, mildiou, alternaria, enroulement des feuilles, monilia ; tomate : alternaria.<\/span><\/li>\n<li class=\"a-spacing-mini\"><span class=\"a-list-item\">Ils renforcent le m\u00e9canisme de d\u00e9fense naturel de la plante.<\/span><\/li>\n<li class=\"a-spacing-mini\"><span class=\"a-list-item\">Prot\u00e8ge et pr\u00e9vient les maladies fongiques sur les plantes horticoles, les arbres fruitiers, les plantes ornementales, les arbustes et les arbres.<\/span><\/li>\n<\/ul>\n<\/div>\n<\/div>\n","protected":false},"featured_media":27780,"comment_status":"open","ping_status":"closed","template":"","meta":{"_acf_changed":false},"product_brand":[],"product_cat":[1281],"product_tag":[],"woo-feed-brand":[],"class_list":{"0":"post-39560","1":"product","2":"type-product","3":"status-publish","4":"has-post-thumbnail","6":"product_cat-plantes-dinterieur-et-balcon","8":"first","9":"instock","10":"taxable","11":"shipping-taxable","12":"purchasable","13":"product-type-variable"},"acf":[],"_links":{"self":[{"href":"https:\/\/cultivers.es\/fr\/wp-json\/wp\/v2\/product\/39560","targetHints":{"allow":["GET"]}}],"collection":[{"href":"https:\/\/cultivers.es\/fr\/wp-json\/wp\/v2\/product"}],"about":[{"href":"https:\/\/cultivers.es\/fr\/wp-json\/wp\/v2\/types\/product"}],"replies":[{"embeddable":true,"href":"https:\/\/cultivers.es\/fr\/wp-json\/wp\/v2\/comments?post=39560"}],"wp:featuredmedia":[{"embeddable":true,"href":"https:\/\/cultivers.es\/fr\/wp-json\/wp\/v2\/media\/27780"}],"wp:attachment":[{"href":"https:\/\/cultivers.es\/fr\/wp-json\/wp\/v2\/media?parent=39560"}],"wp:term":[{"taxonomy":"product_brand","embeddable":true,"href":"https:\/\/cultivers.es\/fr\/wp-json\/wp\/v2\/product_brand?post=39560"},{"taxonomy":"product_cat","embeddable":true,"href":"https:\/\/cultivers.es\/fr\/wp-json\/wp\/v2\/product_cat?post=39560"},{"taxonomy":"product_tag","embeddable":true,"href":"https:\/\/cultivers.es\/fr\/wp-json\/wp\/v2\/product_tag?post=39560"},{"taxonomy":"woo-feed-brand","embeddable":true,"href":"https:\/\/cultivers.es\/fr\/wp-json\/wp\/v2\/woo-feed-brand?post=39560"}],"curies":[{"name":"wp","href":"https:\/\/api.w.org\/{rel}","templated":true}]}}