{"id":43246,"date":"2024-12-20T10:36:13","date_gmt":"2024-12-20T10:36:13","guid":{"rendered":"https:\/\/cultivers.es\/abonos\/graines-de-lavande-biologique\/"},"modified":"2026-03-14T10:06:18","modified_gmt":"2026-03-14T10:06:18","slug":"graines-de-lavande-biologique","status":"publish","type":"product","link":"https:\/\/cultivers.es\/fr\/abonnements\/graines-de-lavande-biologique\/","title":{"rendered":"Graines de lavande Eco"},"content":{"rendered":"","protected":false},"excerpt":{"rendered":"<p>La <strong>lavande<\/strong><em>(Lavandula angustifolia<\/em>) est une plante vivace aromatique connue pour ses <strong>fleurs violettes<\/strong> et son parfum apaisant incomparable. Parfaite pour embellir le <strong>jardin et le potager<\/strong> ainsi que pour l&rsquo;aromath\u00e9rapie, les infusions et la d\u00e9coration, la lavande est une plante rustique et facile \u00e0 cultiver. De plus, ses fleurs attirent les pollinisateurs tels que les abeilles et les papillons, favorisant ainsi la biodiversit\u00e9 dans votre espace vert.  <\/p>\n<p><strong>Fleurs voyantes et aromatiques :<\/strong> Ses fleurs violettes sont id\u00e9ales pour ajouter une touche \u00e9l\u00e9gante et parfum\u00e9e au potager et au verger.<\/p>\n<p><strong>Utilisation polyvalente :<\/strong> parfait pour le s\u00e9chage et l&rsquo;utilisation dans les sachets aromatiques, les infusions relaxantes, les huiles essentielles et comme d\u00e9coration naturelle.<\/p>\n<p><strong>Attractif pour les pollinisateurs :<\/strong> les fleurs de lavande sont riches en nectar, ce qui attire les abeilles, les papillons et d&rsquo;autres insectes b\u00e9n\u00e9fiques.<\/p>\n<p><strong>Rustique et facile \u00e0 cultiver :<\/strong> Adaptable \u00e0 diff\u00e9rents climats, elle pousse bien dans les sols secs et ensoleill\u00e9s et est id\u00e9ale pour les jardiniers d\u00e9butants et exp\u00e9riment\u00e9s.<\/p>\n<p><strong>Floraison prolong\u00e9e :<\/strong> Sa longue p\u00e9riode de floraison, de la fin du printemps \u00e0 l&rsquo;\u00e9t\u00e9, garantit un spectacle de couleurs et d&rsquo;ar\u00f4mes pendant des mois.<\/p>\n<p><strong>Culture biologique :<\/strong> Nos semences sont <strong>100 % biologiques<\/strong>, sans pesticides ni engrais chimiques, ce qui favorise une culture durable et respectueuse de l&rsquo;environnement.<\/p>\n<p>Remplissez votre jardin et votre verger de couleurs, de parfums et de vie avec la <strong>lavande biologique<\/strong>, une plante qui allie beaut\u00e9, fonctionnalit\u00e9 et avantages pour la biodiversit\u00e9. <\/p>\n","protected":false},"featured_media":41351,"comment_status":"open","ping_status":"closed","template":"","meta":{"_acf_changed":false},"product_brand":[],"product_cat":[747,424],"product_tag":[1579],"woo-feed-brand":[],"class_list":{"0":"post-43246","1":"product","2":"type-product","3":"status-publish","4":"has-post-thumbnail","6":"product_cat-graines-aromatiques-biologiques","7":"product_cat-semences-biologiques","8":"product_tag-eco","10":"first","11":"outofstock","12":"taxable","13":"shipping-taxable","14":"purchasable","15":"product-type-simple"},"acf":[],"_links":{"self":[{"href":"https:\/\/cultivers.es\/fr\/wp-json\/wp\/v2\/product\/43246","targetHints":{"allow":["GET"]}}],"collection":[{"href":"https:\/\/cultivers.es\/fr\/wp-json\/wp\/v2\/product"}],"about":[{"href":"https:\/\/cultivers.es\/fr\/wp-json\/wp\/v2\/types\/product"}],"replies":[{"embeddable":true,"href":"https:\/\/cultivers.es\/fr\/wp-json\/wp\/v2\/comments?post=43246"}],"wp:featuredmedia":[{"embeddable":true,"href":"https:\/\/cultivers.es\/fr\/wp-json\/wp\/v2\/media\/41351"}],"wp:attachment":[{"href":"https:\/\/cultivers.es\/fr\/wp-json\/wp\/v2\/media?parent=43246"}],"wp:term":[{"taxonomy":"product_brand","embeddable":true,"href":"https:\/\/cultivers.es\/fr\/wp-json\/wp\/v2\/product_brand?post=43246"},{"taxonomy":"product_cat","embeddable":true,"href":"https:\/\/cultivers.es\/fr\/wp-json\/wp\/v2\/product_cat?post=43246"},{"taxonomy":"product_tag","embeddable":true,"href":"https:\/\/cultivers.es\/fr\/wp-json\/wp\/v2\/product_tag?post=43246"},{"taxonomy":"woo-feed-brand","embeddable":true,"href":"https:\/\/cultivers.es\/fr\/wp-json\/wp\/v2\/woo-feed-brand?post=43246"}],"curies":[{"name":"wp","href":"https:\/\/api.w.org\/{rel}","templated":true}]}}