{"id":43247,"date":"2024-12-20T11:22:36","date_gmt":"2024-12-20T11:22:36","guid":{"rendered":"https:\/\/cultivers.es\/abonos\/graines-de-courgette-black-beauty\/"},"modified":"2026-03-14T10:04:30","modified_gmt":"2026-03-14T10:04:30","slug":"graines-de-courgette-black-beauty","status":"publish","type":"product","link":"https:\/\/cultivers.es\/fr\/abonnements\/graines-de-courgette-black-beauty\/","title":{"rendered":"Graines de Courgette Black Beauty Eco"},"content":{"rendered":"","protected":false},"excerpt":{"rendered":"<p>La <strong>courgette Black Beauty<\/strong><em>(Cucurbita pepo<\/em>) est une vari\u00e9t\u00e9 classique et tr\u00e8s populaire, connue pour ses <strong>fruits allong\u00e9s de couleur vert fonc\u00e9<\/strong> et sa saveur douce et polyvalente. Cette plante est tr\u00e8s productive et produit des fruits tendres et uniformes tout au long de la saison. Id\u00e9ale pour une grande vari\u00e9t\u00e9 de pr\u00e9parations culinaires, qu&rsquo;il s&rsquo;agisse de saut\u00e9s, de rago\u00fbts, de farces ou de grillades, la <strong>courgette Black Beauty<\/strong> est un incontournable du potager.  <\/p>\n<p><strong>Fruits attrayants et allong\u00e9s :<\/strong> de couleur vert fonc\u00e9 avec une peau brillante, ces courgettes sont parfaites tant pour leur aspect que pour leur qualit\u00e9 culinaire.<\/p>\n<p><strong>Saveur douce et polyvalente :<\/strong> sa chair tendre et juteuse s&rsquo;adapte \u00e0 de nombreuses recettes, \u00e9tant id\u00e9ale pour les saut\u00e9s, les rago\u00fbts, les cr\u00e8mes ou comme base pour les courgettes farcies.<\/p>\n<p><strong>Productivit\u00e9 \u00e9lev\u00e9e :<\/strong> Cette vari\u00e9t\u00e9 est tr\u00e8s prolifique, offrant des r\u00e9coltes r\u00e9guli\u00e8res et abondantes tout au long de la saison.<\/p>\n<p><strong>Riche en nutriments :<\/strong> Source de vitamines A et C, de fibres et d&rsquo;antioxydants, la courgette est un aliment sain et nutritif.<\/p>\n<p><strong>Facile \u00e0 cultiver :<\/strong> rustique et \u00e0 croissance rapide, il est id\u00e9al pour les d\u00e9butants et les jardiniers exp\u00e9riment\u00e9s, s&rsquo;adaptant bien \u00e0 diff\u00e9rents climats et types de sol.<\/p>\n<p><strong>Culture biologique :<\/strong> Nos semences sont <strong>100% biologiques<\/strong>, sans pesticides ni engrais chimiques, ce qui garantit une culture durable et respectueuse de l&rsquo;environnement.<\/p>\n<p>Ajoutez la <strong>courgette Black Beauty<\/strong> \u00e0 votre jardin et profitez d&rsquo;une plante productive, polyvalente et d\u00e9licieuse qui enrichira vos plats de fra\u00eecheur et de saveur. Commandez d\u00e8s aujourd&rsquo;hui et commencez \u00e0 r\u00e9colter cette vari\u00e9t\u00e9 incontournable ! <\/p>\n","protected":false},"featured_media":41357,"comment_status":"open","ping_status":"closed","template":"","meta":{"_acf_changed":false},"product_brand":[],"product_cat":[424,430],"product_tag":[1579],"woo-feed-brand":[],"class_list":{"0":"post-43247","1":"product","2":"type-product","3":"status-publish","4":"has-post-thumbnail","6":"product_cat-semences-biologiques","7":"product_cat-semences-de-fruits-et-legumes-biologiques","8":"product_tag-eco","10":"first","11":"outofstock","12":"taxable","13":"shipping-taxable","14":"purchasable","15":"product-type-simple"},"acf":[],"_links":{"self":[{"href":"https:\/\/cultivers.es\/fr\/wp-json\/wp\/v2\/product\/43247","targetHints":{"allow":["GET"]}}],"collection":[{"href":"https:\/\/cultivers.es\/fr\/wp-json\/wp\/v2\/product"}],"about":[{"href":"https:\/\/cultivers.es\/fr\/wp-json\/wp\/v2\/types\/product"}],"replies":[{"embeddable":true,"href":"https:\/\/cultivers.es\/fr\/wp-json\/wp\/v2\/comments?post=43247"}],"wp:featuredmedia":[{"embeddable":true,"href":"https:\/\/cultivers.es\/fr\/wp-json\/wp\/v2\/media\/41357"}],"wp:attachment":[{"href":"https:\/\/cultivers.es\/fr\/wp-json\/wp\/v2\/media?parent=43247"}],"wp:term":[{"taxonomy":"product_brand","embeddable":true,"href":"https:\/\/cultivers.es\/fr\/wp-json\/wp\/v2\/product_brand?post=43247"},{"taxonomy":"product_cat","embeddable":true,"href":"https:\/\/cultivers.es\/fr\/wp-json\/wp\/v2\/product_cat?post=43247"},{"taxonomy":"product_tag","embeddable":true,"href":"https:\/\/cultivers.es\/fr\/wp-json\/wp\/v2\/product_tag?post=43247"},{"taxonomy":"woo-feed-brand","embeddable":true,"href":"https:\/\/cultivers.es\/fr\/wp-json\/wp\/v2\/woo-feed-brand?post=43247"}],"curies":[{"name":"wp","href":"https:\/\/api.w.org\/{rel}","templated":true}]}}