{"id":48891,"date":"2023-09-27T12:57:37","date_gmt":"2023-09-27T12:57:37","guid":{"rendered":"https:\/\/cultivers.es\/abonos\/plante-davocat-in-vitro-belona-hass\/"},"modified":"2023-09-27T12:57:37","modified_gmt":"2023-09-27T12:57:37","slug":"plante-davocat-in-vitro-belona-hass","status":"publish","type":"product","link":"https:\/\/cultivers.es\/fr\/abonnements\/plante-davocat-in-vitro-belona-hass\/","title":{"rendered":"Plante d&rsquo;avocat In-Vitro Belona Hass"},"content":{"rendered":"","protected":false},"excerpt":{"rendered":"<p>Plante In Vitro avec pied Belona. Belona In Vitro Avocat&#8230; L&rsquo;avocat qui r\u00e9volutionne l&rsquo;agriculture, notre porte-greffe Belona est la meilleure option pour votre culture d&rsquo;avocat ;  <\/p>\n<p>- R\u00e9sistance accrue \u00e0 la salinit\u00e9<\/p>\n<p>- Croissance homog\u00e8ne<\/p>\n<p>- Plus r\u00e9sistant aux maladies<\/p>\n<p>Vari\u00e9t\u00e9 Hass<\/p>\n","protected":false},"featured_media":22127,"comment_status":"open","ping_status":"closed","template":"","meta":{"_acf_changed":false},"product_brand":[],"product_cat":[1277,1327],"product_tag":[],"woo-feed-brand":[],"class_list":{"0":"post-48891","1":"product","2":"type-product","3":"status-publish","4":"has-post-thumbnail","6":"product_cat-nouveaute","7":"product_cat-plantes-davocat","9":"first","10":"outofstock","11":"featured","12":"taxable","13":"shipping-taxable","14":"purchasable","15":"product-type-simple"},"acf":[],"_links":{"self":[{"href":"https:\/\/cultivers.es\/fr\/wp-json\/wp\/v2\/product\/48891","targetHints":{"allow":["GET"]}}],"collection":[{"href":"https:\/\/cultivers.es\/fr\/wp-json\/wp\/v2\/product"}],"about":[{"href":"https:\/\/cultivers.es\/fr\/wp-json\/wp\/v2\/types\/product"}],"replies":[{"embeddable":true,"href":"https:\/\/cultivers.es\/fr\/wp-json\/wp\/v2\/comments?post=48891"}],"wp:featuredmedia":[{"embeddable":true,"href":"https:\/\/cultivers.es\/fr\/wp-json\/wp\/v2\/media\/22127"}],"wp:attachment":[{"href":"https:\/\/cultivers.es\/fr\/wp-json\/wp\/v2\/media?parent=48891"}],"wp:term":[{"taxonomy":"product_brand","embeddable":true,"href":"https:\/\/cultivers.es\/fr\/wp-json\/wp\/v2\/product_brand?post=48891"},{"taxonomy":"product_cat","embeddable":true,"href":"https:\/\/cultivers.es\/fr\/wp-json\/wp\/v2\/product_cat?post=48891"},{"taxonomy":"product_tag","embeddable":true,"href":"https:\/\/cultivers.es\/fr\/wp-json\/wp\/v2\/product_tag?post=48891"},{"taxonomy":"woo-feed-brand","embeddable":true,"href":"https:\/\/cultivers.es\/fr\/wp-json\/wp\/v2\/woo-feed-brand?post=48891"}],"curies":[{"name":"wp","href":"https:\/\/api.w.org\/{rel}","templated":true}]}}