{"id":48906,"date":"2023-10-25T09:47:36","date_gmt":"2023-10-25T09:47:36","guid":{"rendered":"https:\/\/cultivers.es\/abonos\/graines-de-tournesol-naines-sunspot\/"},"modified":"2023-10-25T09:47:36","modified_gmt":"2023-10-25T09:47:36","slug":"graines-de-tournesol-naines-sunspot","status":"publish","type":"product","link":"https:\/\/cultivers.es\/fr\/abonnements\/graines-de-tournesol-naines-sunspot\/","title":{"rendered":"Graines de tournesol naines Sunspot"},"content":{"rendered":"","protected":false},"excerpt":{"rendered":"<p>Le <strong>tournesol nain Sunspot<\/strong><em>(Helianthus annuus<\/em>) est une vari\u00e9t\u00e9 compacte et ornementale, id\u00e9ale pour les petits <strong>jardins, les<\/strong> balcons ou les conteneurs. Avec ses <strong>grandes fleurs brillantes d&rsquo;<\/strong> un <strong>jaune profond<\/strong> et son centre sombre, cette plante apporte une touche d\u00e9corative vibrante. Sa petite taille, atteignant environ <strong>50 cm de hauteur<\/strong>, la rend parfaite pour les espaces limit\u00e9s sans sacrifier l&rsquo;impact visuel des tournesols traditionnels. C&rsquo;est \u00e9galement une plante facile \u00e0 cultiver et tr\u00e8s attrayante pour les pollinisateurs.   <\/p>\n<p><strong>Grandes fleurs sur des plantes compactes :<\/strong> Malgr\u00e9 sa petite taille, il produit de grandes fleurs voyantes, id\u00e9ales pour orner les petits espaces.<\/p>\n<p><strong>Attractif pour les pollinisateurs :<\/strong> riche en nectar, il attire les abeilles, les papillons et d&rsquo;autres insectes utiles, favorisant ainsi la biodiversit\u00e9 dans le <strong>verger et le jardin.<\/strong><\/p>\n<p><strong>Rustique et facile \u00e0 cultiver :<\/strong> s&rsquo;adaptant \u00e0 diff\u00e9rents types de sols et de conditions climatiques, il n\u00e9cessite peu de soins et est id\u00e9al pour les jardiniers d\u00e9butants.<\/p>\n<p><strong>D\u00e9coratif et polyvalent :<\/strong> parfait pour les bordures, les parterres de fleurs, les pots ou m\u00eame comme fleur coup\u00e9e pour les bouquets frais.<\/p>\n<p><strong>Croissance rapide :<\/strong> Son cycle court permet de profiter des fleurs en quelques semaines, offrant une floraison prolong\u00e9e de l&rsquo;\u00e9t\u00e9 \u00e0 l&rsquo;automne.<\/p>\n<p><strong>Culture biologique :<\/strong> Nos semences sont <strong>100 % biologiques<\/strong>, sans pesticides ni engrais chimiques, ce qui favorise un <strong>jardin<\/strong> durable et respectueux de l&rsquo;environnement.<\/p>\n<p>Apportez de la couleur, de la vie et de la joie \u00e0 votre <strong>jardin et \u00e0<\/strong> votre <strong>potager<\/strong> avec le <strong>tournesol nain Sunspot Organic<\/strong>, une plante \u00e9blouissante et compacte qui transformera n&rsquo;importe quel espace en un coin sp\u00e9cial. <\/p>\n","protected":false},"featured_media":42608,"comment_status":"open","ping_status":"closed","template":"","meta":{"_acf_changed":false},"product_brand":[],"product_cat":[458,424],"product_tag":[1579],"class_list":{"0":"post-48906","1":"product","2":"type-product","3":"status-publish","4":"has-post-thumbnail","6":"product_cat-graines-de-fleurs-comestibles-biologiques","7":"product_cat-semences-biologiques","8":"product_tag-eco","10":"first","11":"instock","12":"sale","13":"taxable","14":"shipping-taxable","15":"purchasable","16":"product-type-simple"},"acf":[],"_links":{"self":[{"href":"https:\/\/cultivers.es\/fr\/wp-json\/wp\/v2\/product\/48906","targetHints":{"allow":["GET"]}}],"collection":[{"href":"https:\/\/cultivers.es\/fr\/wp-json\/wp\/v2\/product"}],"about":[{"href":"https:\/\/cultivers.es\/fr\/wp-json\/wp\/v2\/types\/product"}],"replies":[{"embeddable":true,"href":"https:\/\/cultivers.es\/fr\/wp-json\/wp\/v2\/comments?post=48906"}],"wp:featuredmedia":[{"embeddable":true,"href":"https:\/\/cultivers.es\/fr\/wp-json\/wp\/v2\/media\/42608"}],"wp:attachment":[{"href":"https:\/\/cultivers.es\/fr\/wp-json\/wp\/v2\/media?parent=48906"}],"wp:term":[{"taxonomy":"product_brand","embeddable":true,"href":"https:\/\/cultivers.es\/fr\/wp-json\/wp\/v2\/product_brand?post=48906"},{"taxonomy":"product_cat","embeddable":true,"href":"https:\/\/cultivers.es\/fr\/wp-json\/wp\/v2\/product_cat?post=48906"},{"taxonomy":"product_tag","embeddable":true,"href":"https:\/\/cultivers.es\/fr\/wp-json\/wp\/v2\/product_tag?post=48906"}],"curies":[{"name":"wp","href":"https:\/\/api.w.org\/{rel}","templated":true}]}}