{"id":48922,"date":"2025-06-04T04:25:26","date_gmt":"2025-06-04T04:25:26","guid":{"rendered":"https:\/\/cultivers.es\/abonos\/acides-amines-avec-engrais-pour-plantes\/"},"modified":"2026-03-14T10:04:10","modified_gmt":"2026-03-14T10:04:10","slug":"acides-amines-avec-engrais-pour-plantes","status":"publish","type":"product","link":"https:\/\/cultivers.es\/fr\/abonnements\/acides-amines-avec-engrais-pour-plantes\/","title":{"rendered":"Acides amin\u00e9s avec engrais pour plantes"},"content":{"rendered":"<p data-start=\"1773\" data-end=\"2175\">CULTIVERS propose un engrais organique <strong data-start=\"1832\" data-end=\"1840\">certifi\u00e9 CAAE<\/strong>, id\u00e9al pour ceux qui souhaitent une solution naturelle combinant <strong data-start=\"1901\" data-end=\"1949\">acides amin\u00e9s et engrais pour plantes d&rsquo;int\u00e9rieur<\/strong>. Gr\u00e2ce \u00e0 son processus unique de fermentation bact\u00e9rienne, le produit contient des acides amin\u00e9s, des b\u00e9ta\u00efnes, des auxines, des vitamines, des enzymes, des prot\u00e9ines et des hydrates de carbone qui favorisent le d\u00e9veloppement \u00e9quilibr\u00e9 et sain des plantes. <\/p>\n<p data-start=\"2177\" data-end=\"2442\">Il est extr\u00eamement facile \u00e0 utiliser : il suffit de m\u00e9langer 10 ml par litre d&rsquo;eau ou d&rsquo;utiliser le distributeur \u00e0 4 pressions pour obtenir la quantit\u00e9 exacte. Cette facilit\u00e9 d&rsquo;application en fait un excellent choix pour les amateurs et les professionnels. <\/p>\n<p data-start=\"2444\" data-end=\"2692\">L&rsquo;engrais poss\u00e8de une remarquable capacit\u00e9 de r\u00e9g\u00e9n\u00e9ration du sol, am\u00e9liorant ses propri\u00e9t\u00e9s physiques, chimiques et microbiologiques. Il a \u00e9galement un effet complexant efficace qui lib\u00e8re les nutriments bloqu\u00e9s dans les sols froids ou \u00e0 pH extr\u00eame. <\/p>\n<p data-start=\"2694\" data-end=\"2987\">Sa forte concentration en <strong data-start=\"2722\" data-end=\"2741\">acides fulviques<\/strong> et sa composition v\u00e9g\u00e9tale certifi\u00e9e garantissent non seulement des r\u00e9sultats visibles, mais aussi une culture respectueuse de l&rsquo;environnement. C&rsquo;est le choix id\u00e9al pour ceux qui recherchent la performance et la durabilit\u00e9 pour leurs plantes d&rsquo;int\u00e9rieur. <\/p>\n","protected":false},"excerpt":{"rendered":"<p data-start=\"377\" data-end=\"560\"><strong data-start=\"380\" data-end=\"415\">Stimule la croissance naturelle<\/strong>: R\u00e9ponse rapide dans les situations de stress, id\u00e9ale pour revitaliser les plantes d&rsquo;int\u00e9rieur avec un d\u00e9veloppement v\u00e9g\u00e9tatif et productif \u00e9quilibr\u00e9 \ud83c\udf31.<\/p>\n<p data-start=\"562\" data-end=\"772\"><strong data-start=\"565\" data-end=\"599\">\ud83d\udca7 Easy Smart Dosage<\/strong>: Application facile gr\u00e2ce \u00e0 son distributeur : 10 ml par litre d&rsquo;eau ou en appuyant 4 fois sur le distributeur. Parfait pour les utilisateurs \u00e0 la recherche d&rsquo;un engrais facile \u00e0 doser. <\/p>\n<p data-start=\"774\" data-end=\"972\"><strong data-start=\"777\" data-end=\"819\">CAAE Certified Soil Health<\/strong>: Engrais \u00e9cologique portant le label CAAE. Il r\u00e9g\u00e9n\u00e8re le sol, lib\u00e8re les \u00e9l\u00e9ments nutritifs retenus et am\u00e9liore ses propri\u00e9t\u00e9s physiques, chimiques et microbiologiques. <\/p>\n<p data-start=\"974\" data-end=\"1170\"><strong data-start=\"976\" data-end=\"1017\">Formule v\u00e9g\u00e9tale tr\u00e8s compl\u00e8te et s\u00fbre<\/strong>: acides amin\u00e9s, peptides, vitamines et phytohormones naturelles obtenues par fermentation bact\u00e9rienne. 100% compatible avec l&rsquo;agriculture biologique certifi\u00e9e. <\/p>\n<p data-start=\"1172\" data-end=\"1349\"><strong data-start=\"1175\" data-end=\"1216\">Forte concentration d&rsquo;acides fulviques<\/strong>: acides amin\u00e9s sp\u00e9cifiques, hydrates de carbone essentiels et micronutriments qui renforcent la vitalit\u00e9 et l&rsquo;assimilation des plantes d&rsquo;int\u00e9rieur.<\/p>\n","protected":false},"featured_media":45975,"comment_status":"open","ping_status":"closed","template":"","meta":{"_acf_changed":false},"product_brand":[],"product_cat":[583],"product_tag":[],"class_list":{"0":"post-48922","1":"product","2":"type-product","3":"status-publish","4":"has-post-thumbnail","6":"product_cat-plantes-dinterieur","8":"first","9":"instock","10":"taxable","11":"shipping-taxable","12":"purchasable","13":"product-type-variable"},"acf":[],"_links":{"self":[{"href":"https:\/\/cultivers.es\/fr\/wp-json\/wp\/v2\/product\/48922","targetHints":{"allow":["GET"]}}],"collection":[{"href":"https:\/\/cultivers.es\/fr\/wp-json\/wp\/v2\/product"}],"about":[{"href":"https:\/\/cultivers.es\/fr\/wp-json\/wp\/v2\/types\/product"}],"replies":[{"embeddable":true,"href":"https:\/\/cultivers.es\/fr\/wp-json\/wp\/v2\/comments?post=48922"}],"wp:featuredmedia":[{"embeddable":true,"href":"https:\/\/cultivers.es\/fr\/wp-json\/wp\/v2\/media\/45975"}],"wp:attachment":[{"href":"https:\/\/cultivers.es\/fr\/wp-json\/wp\/v2\/media?parent=48922"}],"wp:term":[{"taxonomy":"product_brand","embeddable":true,"href":"https:\/\/cultivers.es\/fr\/wp-json\/wp\/v2\/product_brand?post=48922"},{"taxonomy":"product_cat","embeddable":true,"href":"https:\/\/cultivers.es\/fr\/wp-json\/wp\/v2\/product_cat?post=48922"},{"taxonomy":"product_tag","embeddable":true,"href":"https:\/\/cultivers.es\/fr\/wp-json\/wp\/v2\/product_tag?post=48922"}],"curies":[{"name":"wp","href":"https:\/\/api.w.org\/{rel}","templated":true}]}}