{"id":48949,"date":"2021-10-22T12:12:47","date_gmt":"2021-10-22T12:12:47","guid":{"rendered":"https:\/\/cultivers.es\/abonos\/engrais-liquide-organique-pour-plantes-ornementales\/"},"modified":"2021-10-22T12:12:47","modified_gmt":"2021-10-22T12:12:47","slug":"engrais-liquide-organique-pour-plantes-ornementales","status":"publish","type":"product","link":"https:\/\/cultivers.es\/fr\/abonnements\/engrais-liquide-organique-pour-plantes-ornementales\/","title":{"rendered":"Engrais liquide organique pour plantes ornementales"},"content":{"rendered":"<p>Engrais liquide organique pour plantes ornementales. L&rsquo;<a href=\"https:\/\/cultivers.es\/fr\/abonos-ecologicos\/engrais\/engrais-solides\/\">engrais organique<\/a> pour plantes ornementales est une formulation organique liquide d\u00e9velopp\u00e9e pour favoriser la croissance \u00e9quilibr\u00e9e des plantes d&rsquo;int\u00e9rieur et d&rsquo;ext\u00e9rieur. Contient des acides amin\u00e9s qui favorisent la croissance dans des conditions climatiques d\u00e9favorables (froid, chaleur, etc.). Le ch\u00e9late de fer, qui favorise la photosynth\u00e8se, donne une couleur verte intense.<\/p>\n","protected":false},"excerpt":{"rendered":"<ul class=\"a-unordered-list a-vertical a-spacing-mini\">\n<li><span class=\"a-list-item\">Engrais organique pour plantes ornementales d\u00e9velopp\u00e9 pour favoriser la croissance \u00e9quilibr\u00e9e des plantes d&rsquo;int\u00e9rieur et d&rsquo;ext\u00e9rieur.<\/span><\/li>\n<li><span class=\"a-list-item\">Des plantes plus fortes et plus r\u00e9sistantes. Pr\u00e9vient les maladies<\/span><\/li>\n<li><span class=\"a-list-item\">Favorise la croissance des fleurs, intensifie la couleur.<\/span><\/li>\n<li><span class=\"a-list-item\">Fournit un ch\u00e9late de fer qui favorise la photosynth\u00e8se et donne une couleur vert fonc\u00e9.<\/span><\/li>\n<li><span class=\"a-list-item\">Contient des acides amin\u00e9s qui favorisent la croissance dans des conditions climatiques d\u00e9favorables (froid, chaleur, etc.).<\/span><\/li>\n<li><span class=\"a-list-item\">Les acides amin\u00e9s proviennent de l&rsquo;hydrolyse acide de produits prot\u00e9iques d&rsquo;origine v\u00e9g\u00e9tale.<\/span><\/li>\n<\/ul>\n","protected":false},"featured_media":26662,"comment_status":"open","ping_status":"closed","template":"","meta":{"_acf_changed":false},"product_brand":[],"product_cat":[314,378],"product_tag":[1416],"class_list":{"0":"post-48949","1":"product","2":"type-product","3":"status-publish","4":"has-post-thumbnail","6":"product_cat-engrais","7":"product_cat-engrais-liquides","8":"product_tag-caae-fr","10":"first","11":"instock","12":"taxable","13":"shipping-taxable","14":"purchasable","15":"product-type-variable"},"acf":[],"_links":{"self":[{"href":"https:\/\/cultivers.es\/fr\/wp-json\/wp\/v2\/product\/48949","targetHints":{"allow":["GET"]}}],"collection":[{"href":"https:\/\/cultivers.es\/fr\/wp-json\/wp\/v2\/product"}],"about":[{"href":"https:\/\/cultivers.es\/fr\/wp-json\/wp\/v2\/types\/product"}],"replies":[{"embeddable":true,"href":"https:\/\/cultivers.es\/fr\/wp-json\/wp\/v2\/comments?post=48949"}],"wp:featuredmedia":[{"embeddable":true,"href":"https:\/\/cultivers.es\/fr\/wp-json\/wp\/v2\/media\/26662"}],"wp:attachment":[{"href":"https:\/\/cultivers.es\/fr\/wp-json\/wp\/v2\/media?parent=48949"}],"wp:term":[{"taxonomy":"product_brand","embeddable":true,"href":"https:\/\/cultivers.es\/fr\/wp-json\/wp\/v2\/product_brand?post=48949"},{"taxonomy":"product_cat","embeddable":true,"href":"https:\/\/cultivers.es\/fr\/wp-json\/wp\/v2\/product_cat?post=48949"},{"taxonomy":"product_tag","embeddable":true,"href":"https:\/\/cultivers.es\/fr\/wp-json\/wp\/v2\/product_tag?post=48949"}],"curies":[{"name":"wp","href":"https:\/\/api.w.org\/{rel}","templated":true}]}}