{"id":48998,"date":"2024-09-11T12:16:34","date_gmt":"2024-09-11T12:16:34","guid":{"rendered":"https:\/\/cultivers.es\/abonos\/graines-de-citrouille-blanches-a-la-creme\/"},"modified":"2024-09-11T12:16:34","modified_gmt":"2024-09-11T12:16:34","slug":"graines-de-citrouille-blanches-a-la-creme","status":"publish","type":"product","link":"https:\/\/cultivers.es\/fr\/abonnements\/graines-de-citrouille-blanches-a-la-creme\/","title":{"rendered":"Graines de citrouille blanches \u00e0 la cr\u00e8me"},"content":{"rendered":"","protected":false},"excerpt":{"rendered":"<p>Cultivez une vari\u00e9t\u00e9 unique et exquise avec nos graines de courge blanche \u00e0 la cr\u00e8me biologiques. Cette courge se distingue par sa forme de disque aplati et sa couleur blanc cr\u00e8me, ce qui en fait un choix attrayant et d\u00e9licieux pour votre jardin. Sa chair douce et l\u00e9g\u00e8rement sucr\u00e9e est parfaite pour r\u00f4tir, farcir et sauter, ajoutant une touche sp\u00e9ciale \u00e0 vos plats.  <\/p>\n<ul>\n<li><strong>Forme et couleur uniques :<\/strong> la citrouille blanche \u00e0 la cr\u00e8me est connue pour sa forme ronde et aplatie unique, avec des bords ondul\u00e9s et une couleur blanche qui la distingue des autres vari\u00e9t\u00e9s. Elle est id\u00e9ale pour la cuisine ainsi que pour d\u00e9corer votre jardin. <\/li>\n<li><strong>Saveur douce et polyvalente :<\/strong> sa chair blanche et tendre a une saveur douce et l\u00e9g\u00e8rement sucr\u00e9e, ce qui la rend polyvalente pour toutes sortes de recettes, des saut\u00e9s aux rago\u00fbts en passant par les r\u00f4tis farcis.<\/li>\n<li><strong>Culture facile et productive :<\/strong> Cette vari\u00e9t\u00e9 est facile \u00e0 cultiver et tr\u00e8s productive, offrant une quantit\u00e9 g\u00e9n\u00e9reuse de citrouilles par plante tout au long de la saison. Elle est id\u00e9ale pour les jardiniers d\u00e9butants et exp\u00e9riment\u00e9s. <\/li>\n<li><strong>Rustique et durable :<\/strong> la Custard White est une plante robuste qui pousse bien dans diff\u00e9rentes conditions de sol et de climat. En outre, les fruits ont une bonne capacit\u00e9 de conservation, ce qui permet de les d\u00e9guster plus longtemps apr\u00e8s la r\u00e9colte. <\/li>\n<li><strong>Culture biologique :<\/strong> Nos semences sont 100 % biologiques, ce qui garantit une culture sans pesticides ni engrais chimiques, et donc une r\u00e9colte saine et respectueuse de l&rsquo;environnement.<\/li>\n<\/ul>\n<p>Ajoutez de la distinction et de la saveur \u00e0 votre jardin avec les graines de courge blanche \u00e0 la cr\u00e8me biologiques. Profitez de leurs fruits d\u00e9licats et polyvalents dans la cuisine, tout en cultivant de mani\u00e8re durable - commandez aujourd&rsquo;hui et d\u00e9couvrez cette courge unique dans votre jardin !  <\/p>\n","protected":false},"featured_media":33932,"comment_status":"open","ping_status":"closed","template":"","meta":{"_acf_changed":false},"product_brand":[],"product_cat":[424,430],"product_tag":[1579],"woo-feed-brand":[],"class_list":{"0":"post-48998","1":"product","2":"type-product","3":"status-publish","4":"has-post-thumbnail","6":"product_cat-semences-biologiques","7":"product_cat-semences-de-fruits-et-legumes-biologiques","8":"product_tag-eco","10":"first","11":"instock","12":"taxable","13":"shipping-taxable","14":"purchasable","15":"product-type-simple"},"acf":[],"_links":{"self":[{"href":"https:\/\/cultivers.es\/fr\/wp-json\/wp\/v2\/product\/48998","targetHints":{"allow":["GET"]}}],"collection":[{"href":"https:\/\/cultivers.es\/fr\/wp-json\/wp\/v2\/product"}],"about":[{"href":"https:\/\/cultivers.es\/fr\/wp-json\/wp\/v2\/types\/product"}],"replies":[{"embeddable":true,"href":"https:\/\/cultivers.es\/fr\/wp-json\/wp\/v2\/comments?post=48998"}],"wp:featuredmedia":[{"embeddable":true,"href":"https:\/\/cultivers.es\/fr\/wp-json\/wp\/v2\/media\/33932"}],"wp:attachment":[{"href":"https:\/\/cultivers.es\/fr\/wp-json\/wp\/v2\/media?parent=48998"}],"wp:term":[{"taxonomy":"product_brand","embeddable":true,"href":"https:\/\/cultivers.es\/fr\/wp-json\/wp\/v2\/product_brand?post=48998"},{"taxonomy":"product_cat","embeddable":true,"href":"https:\/\/cultivers.es\/fr\/wp-json\/wp\/v2\/product_cat?post=48998"},{"taxonomy":"product_tag","embeddable":true,"href":"https:\/\/cultivers.es\/fr\/wp-json\/wp\/v2\/product_tag?post=48998"},{"taxonomy":"woo-feed-brand","embeddable":true,"href":"https:\/\/cultivers.es\/fr\/wp-json\/wp\/v2\/woo-feed-brand?post=48998"}],"curies":[{"name":"wp","href":"https:\/\/api.w.org\/{rel}","templated":true}]}}