{"id":49023,"date":"2025-06-17T04:38:54","date_gmt":"2025-06-17T04:38:54","guid":{"rendered":"https:\/\/cultivers.es\/abonos\/gypse-agricole\/"},"modified":"2026-03-14T10:04:12","modified_gmt":"2026-03-14T10:04:12","slug":"gypse-agricole","status":"publish","type":"product","link":"https:\/\/cultivers.es\/fr\/abonnements\/gypse-agricole\/","title":{"rendered":"Gypse agricole"},"content":{"rendered":"<p data-start=\"1797\" data-end=\"2281\">Le gypse agricole est une solution ancienne red\u00e9couverte par les producteurs modernes qui cherchent \u00e0 r\u00e9g\u00e9n\u00e9rer leurs sols et \u00e0 augmenter leur productivit\u00e9 sans produits chimiques. Compos\u00e9 de <strong data-start=\"1971\" data-end=\"2018\">sulfate de calcium di-hydrat\u00e9 (CaSO\u2084-2H\u2082O)<\/strong>, ce min\u00e9ral apporte du <strong data-start=\"2040\" data-end=\"2059\">calcium et du soufre<\/strong> dans des proportions optimales pour l&rsquo;agriculture : 23,3 % de calcium et 18,6 % de soufre. Sa <strong data-start=\"2145\" data-end=\"2165\">grande solubilit\u00e9<\/strong> (2,5 g\/L) lui permet d&rsquo;\u00eatre 200 fois plus efficace que la chaux agricole pour p\u00e9n\u00e9trer et am\u00e9liorer les couches profondes du sol.  <\/p>\n<p data-start=\"2283\" data-end=\"2701\">Gr\u00e2ce \u00e0 son action, il corrige les <strong data-start=\"2312\" data-end=\"2340\">sols sodiques et salins<\/strong>, en r\u00e9duisant le PSI (pourcentage de sodium \u00e9changeable) \u00e0 moins de 5 %, ce qui favorise la floculation des particules d&rsquo;argile et permet une meilleure infiltration de l&rsquo;eau. Des \u00e9tudes men\u00e9es au Br\u00e9sil ont montr\u00e9 que son utilisation augmente de plus de 600 % le syst\u00e8me racinaire de cultures telles que le ma\u00efs, le soja ou le bl\u00e9, avec des augmentations de rendement pouvant aller jusqu&rsquo;\u00e0 50 %. <\/p>\n<p data-start=\"2703\" data-end=\"3056\">En plus d&rsquo;<strong data-start=\"2713\" data-end=\"2755\">am\u00e9liorer la structure physique du sol<\/strong>, le gypse agricole combat la formation de cro\u00fbtes superficielles, augmente l&rsquo;oxyg\u00e9nation des racines et am\u00e9liore la lev\u00e9e des semis. Son application est recommand\u00e9e en automne ou en solution par fertirrigation, car il est efficace m\u00eame dans les sols \u00e0 pH \u00e9lev\u00e9 sans le modifier, gr\u00e2ce \u00e0 sa nature neutre. <\/p>\n<p data-start=\"3058\" data-end=\"3479\">Parfait pour les sols compacts, arides ou peu fertiles, ce produit est un outil essentiel pour une <strong data-start=\"3172\" data-end=\"3197\">agriculture biologique<\/strong> efficace. Son conditionnement de <strong data-start=\"3228\" data-end=\"3262\">25 kg permet de le doser facilement<\/strong> en fonction de l&rsquo;analyse du sol. Qu&rsquo;il s&rsquo;agisse d&rsquo;<strong data-start=\"3309\" data-end=\"3347\">un amendement correctif ou d&rsquo;un engrais<\/strong> pour des cultures exigeantes telles que les arachides, les past\u00e8ques ou les tomates, le gypse agricole fait la diff\u00e9rence pour la qualit\u00e9 du sol et de la r\u00e9colte.  <\/p>\n","protected":false},"excerpt":{"rendered":"<p data-start=\"336\" data-end=\"519\">\ud83c\udf3e <strong data-start=\"339\" data-end=\"367\">Am\u00e9liore les sols d\u00e9grad\u00e9s<\/strong> - Corrige la salinit\u00e9 et la sodicit\u00e9 du sol, en augmentant l&rsquo;infiltration de l&rsquo;eau et l&rsquo;a\u00e9ration. Id\u00e9al pour les sols compacts et difficiles \u00e0 g\u00e9rer. <\/p>\n<p data-start=\"521\" data-end=\"705\"><strong data-start=\"524\" data-end=\"561\">Fournit du calcium et du soufre essentiels<\/strong> - Contient 23,3 % de calcium et 18,6 % de soufre sous forme soluble, assurant une absorption efficace et continue pour les cultures exigeantes.<\/p>\n<p data-start=\"707\" data-end=\"879\"><strong data-start=\"710\" data-end=\"745\">Convient \u00e0 l&rsquo;agriculture biologique<\/strong> - produit 100 % naturel, sans produits chimiques ni r\u00e9sidus. Respecte les principes de la production durable et prot\u00e8ge l&rsquo;environnement. <\/p>\n<p data-start=\"881\" data-end=\"1073\">\ud83d\udcc8 <strong data-start=\"884\" data-end=\"922\">Augmente le rendement et la qualit\u00e9<\/strong> - Essentiel pour l&rsquo;am\u00e9lioration des cultures de ma\u00efs, de soja, de luzerne, de tomates, de past\u00e8ques, d&rsquo;arachides, etc. Favorise la croissance du syst\u00e8me racinaire en profondeur. <\/p>\n","protected":false},"featured_media":46381,"comment_status":"open","ping_status":"closed","template":"","meta":{"_acf_changed":false},"product_brand":[],"product_cat":[388],"product_tag":[],"woo-feed-brand":[],"class_list":{"0":"post-49023","1":"product","2":"type-product","3":"status-publish","4":"has-post-thumbnail","6":"product_cat-regenerateurs-de-sol","8":"first","9":"instock","10":"taxable","11":"shipping-taxable","12":"purchasable","13":"product-type-variable"},"acf":[],"_links":{"self":[{"href":"https:\/\/cultivers.es\/fr\/wp-json\/wp\/v2\/product\/49023","targetHints":{"allow":["GET"]}}],"collection":[{"href":"https:\/\/cultivers.es\/fr\/wp-json\/wp\/v2\/product"}],"about":[{"href":"https:\/\/cultivers.es\/fr\/wp-json\/wp\/v2\/types\/product"}],"replies":[{"embeddable":true,"href":"https:\/\/cultivers.es\/fr\/wp-json\/wp\/v2\/comments?post=49023"}],"wp:featuredmedia":[{"embeddable":true,"href":"https:\/\/cultivers.es\/fr\/wp-json\/wp\/v2\/media\/46381"}],"wp:attachment":[{"href":"https:\/\/cultivers.es\/fr\/wp-json\/wp\/v2\/media?parent=49023"}],"wp:term":[{"taxonomy":"product_brand","embeddable":true,"href":"https:\/\/cultivers.es\/fr\/wp-json\/wp\/v2\/product_brand?post=49023"},{"taxonomy":"product_cat","embeddable":true,"href":"https:\/\/cultivers.es\/fr\/wp-json\/wp\/v2\/product_cat?post=49023"},{"taxonomy":"product_tag","embeddable":true,"href":"https:\/\/cultivers.es\/fr\/wp-json\/wp\/v2\/product_tag?post=49023"},{"taxonomy":"woo-feed-brand","embeddable":true,"href":"https:\/\/cultivers.es\/fr\/wp-json\/wp\/v2\/woo-feed-brand?post=49023"}],"curies":[{"name":"wp","href":"https:\/\/api.w.org\/{rel}","templated":true}]}}