{"id":49029,"date":"2021-10-22T12:12:51","date_gmt":"2021-10-22T12:12:51","guid":{"rendered":"https:\/\/cultivers.es\/abonos\/prele\/"},"modified":"2021-10-22T12:12:51","modified_gmt":"2021-10-22T12:12:51","slug":"prele","status":"publish","type":"product","link":"https:\/\/cultivers.es\/fr\/abonnements\/prele\/","title":{"rendered":"Pr\u00eale"},"content":{"rendered":"<p>Formul\u00e9 \u00e0 base de pr\u00eale, riche en compos\u00e9s biofongicides (\u00e9quis\u00e9tonines, acide silicique, tannique et gallique, entre autres) qui renforcent le m\u00e9canisme de d\u00e9fense naturelle de la plante. Pr\u00e9vient les maladies caus\u00e9es par des champignons pathog\u00e8nes tels que le mildiou, l&rsquo;o\u00efdium, la rouille, etc.<\/p>\n","protected":false},"excerpt":{"rendered":"<ul class=\"a-unordered-list a-vertical a-spacing-mini\">\n<li><span class=\"a-list-item\">Formul\u00e9 avec de la pr\u00eale, riche en compos\u00e9s biofongicides (\u00e9quis\u00e9tonines, acide silicique, tannique et gallique, entre autres) qui renforcent le m\u00e9canisme de d\u00e9fense naturelle des plantes.<\/span><\/li>\n<li><span class=\"a-list-item\">Pr\u00e9vient les maladies caus\u00e9es par des champignons pathog\u00e8nes tels que le mildiou, l&rsquo;o\u00efdium, la rouille, etc.<\/span><\/li>\n<li><span class=\"a-list-item\">Extrait d&rsquo;Equisentum Arvense<\/span><\/li>\n<li><span class=\"a-list-item\">Substance de base selon R (EC) 1.107\/2.009. Action insecticide, fongicide et acaricide.<\/span><\/li>\n<li><span class=\"a-list-item\">Forte teneur en min\u00e9raux (silice, sulfate de potassium, calcium, zinc, chlorure de potassium, magn\u00e9sium, fer, acide ol\u00e9ique), vitamine C, acides amin\u00e9s,&#8230;<\/span><\/li>\n<li><span class=\"a-list-item\">Agr\u00e9\u00e9 en agriculture biologique<\/span><\/li>\n<\/ul>\n","protected":false},"featured_media":28592,"comment_status":"open","ping_status":"closed","template":"","meta":{"_acf_changed":false},"product_brand":[],"product_cat":[461],"product_tag":[1563],"woo-feed-brand":[],"class_list":{"0":"post-49029","1":"product","2":"type-product","3":"status-publish","4":"has-post-thumbnail","6":"product_cat-substances-de-base","7":"product_tag-ecocert-fr","9":"first","10":"instock","11":"taxable","12":"shipping-taxable","13":"purchasable","14":"product-type-variable"},"acf":[],"_links":{"self":[{"href":"https:\/\/cultivers.es\/fr\/wp-json\/wp\/v2\/product\/49029","targetHints":{"allow":["GET"]}}],"collection":[{"href":"https:\/\/cultivers.es\/fr\/wp-json\/wp\/v2\/product"}],"about":[{"href":"https:\/\/cultivers.es\/fr\/wp-json\/wp\/v2\/types\/product"}],"replies":[{"embeddable":true,"href":"https:\/\/cultivers.es\/fr\/wp-json\/wp\/v2\/comments?post=49029"}],"wp:featuredmedia":[{"embeddable":true,"href":"https:\/\/cultivers.es\/fr\/wp-json\/wp\/v2\/media\/28592"}],"wp:attachment":[{"href":"https:\/\/cultivers.es\/fr\/wp-json\/wp\/v2\/media?parent=49029"}],"wp:term":[{"taxonomy":"product_brand","embeddable":true,"href":"https:\/\/cultivers.es\/fr\/wp-json\/wp\/v2\/product_brand?post=49029"},{"taxonomy":"product_cat","embeddable":true,"href":"https:\/\/cultivers.es\/fr\/wp-json\/wp\/v2\/product_cat?post=49029"},{"taxonomy":"product_tag","embeddable":true,"href":"https:\/\/cultivers.es\/fr\/wp-json\/wp\/v2\/product_tag?post=49029"},{"taxonomy":"woo-feed-brand","embeddable":true,"href":"https:\/\/cultivers.es\/fr\/wp-json\/wp\/v2\/woo-feed-brand?post=49029"}],"curies":[{"name":"wp","href":"https:\/\/api.w.org\/{rel}","templated":true}]}}