{"id":49036,"date":"2024-09-11T12:08:45","date_gmt":"2024-09-11T12:08:45","guid":{"rendered":"https:\/\/cultivers.es\/abonos\/graines-de-citrouille-carat\/"},"modified":"2024-09-11T12:08:45","modified_gmt":"2024-09-11T12:08:45","slug":"graines-de-citrouille-carat","status":"publish","type":"product","link":"https:\/\/cultivers.es\/fr\/abonnements\/graines-de-citrouille-carat\/","title":{"rendered":"Graines de citrouille Carat"},"content":{"rendered":"","protected":false},"excerpt":{"rendered":"<p>Cultivez la saveur et la sant\u00e9 dans votre jardin avec nos graines de courge Carat biologiques. Cette vari\u00e9t\u00e9 se distingue par sa saveur douce et sa chair ferme, id\u00e9ale pour tous les plats, des soupes cr\u00e9meuses aux d\u00e9licieux desserts. Le potiron Carat est appr\u00e9ci\u00e9 pour son rendement et constitue un choix parfait pour les amateurs de potirons comestibles de haute qualit\u00e9.  <\/p>\n<ul>\n<li><strong>Saveur douce et polyvalente : le<\/strong> potiron Carat offre une pulpe douce et onctueuse, parfaite pour une grande vari\u00e9t\u00e9 de recettes, des cr\u00e8mes et pur\u00e9es aux tartes et desserts cuits au four.<\/li>\n<li><strong>Productivit\u00e9 \u00e9lev\u00e9e :<\/strong> Cette vari\u00e9t\u00e9 est connue pour sa capacit\u00e9 \u00e0 produire des fruits gros et abondants, garantissant une r\u00e9colte g\u00e9n\u00e9reuse pendant la saison de croissance.<\/li>\n<li><strong>Facile \u00e0 cultiver :<\/strong> la courge Carat est robuste et r\u00e9sistante, elle s&rsquo;adapte bien \u00e0 diff\u00e9rents types de sols et de climats. Elle est id\u00e9ale pour les d\u00e9butants comme pour les jardiniers plus exp\u00e9riment\u00e9s. <\/li>\n<li><strong>Avantages nutritionnels :<\/strong> Outre son go\u00fbt d\u00e9licieux, cette courge est riche en vitamines A et C, en antioxydants et en fibres, ce qui en fait un aliment sain et nutritif \u00e0 inclure dans votre r\u00e9gime alimentaire.<\/li>\n<li><strong>Culture biologique :<\/strong> Nos semences sont 100% biologiques, cultiv\u00e9es sans pesticides ni engrais chimiques, ce qui garantit un produit naturel, sain et respectueux de l&rsquo;environnement.<\/li>\n<\/ul>\n<p>Ajoutez de la saveur et de la nutrition \u00e0 votre jardin avec les graines de citrouille Carat Organic. Profitez d&rsquo;une r\u00e9colte abondante et d\u00e9licieuse, avec tous les avantages de la culture biologique - commandez d\u00e8s aujourd&rsquo;hui et commencez \u00e0 cultiver des citrouilles pleines de saveur et de sant\u00e9 dans votre propre jardin !  <\/p>\n","protected":false},"featured_media":33918,"comment_status":"open","ping_status":"closed","template":"","meta":{"_acf_changed":false},"product_brand":[],"product_cat":[424,430],"product_tag":[1579],"woo-feed-brand":[],"class_list":{"0":"post-49036","1":"product","2":"type-product","3":"status-publish","4":"has-post-thumbnail","6":"product_cat-semences-biologiques","7":"product_cat-semences-de-fruits-et-legumes-biologiques","8":"product_tag-eco","10":"first","11":"instock","12":"taxable","13":"shipping-taxable","14":"purchasable","15":"product-type-simple"},"acf":[],"_links":{"self":[{"href":"https:\/\/cultivers.es\/fr\/wp-json\/wp\/v2\/product\/49036","targetHints":{"allow":["GET"]}}],"collection":[{"href":"https:\/\/cultivers.es\/fr\/wp-json\/wp\/v2\/product"}],"about":[{"href":"https:\/\/cultivers.es\/fr\/wp-json\/wp\/v2\/types\/product"}],"replies":[{"embeddable":true,"href":"https:\/\/cultivers.es\/fr\/wp-json\/wp\/v2\/comments?post=49036"}],"wp:featuredmedia":[{"embeddable":true,"href":"https:\/\/cultivers.es\/fr\/wp-json\/wp\/v2\/media\/33918"}],"wp:attachment":[{"href":"https:\/\/cultivers.es\/fr\/wp-json\/wp\/v2\/media?parent=49036"}],"wp:term":[{"taxonomy":"product_brand","embeddable":true,"href":"https:\/\/cultivers.es\/fr\/wp-json\/wp\/v2\/product_brand?post=49036"},{"taxonomy":"product_cat","embeddable":true,"href":"https:\/\/cultivers.es\/fr\/wp-json\/wp\/v2\/product_cat?post=49036"},{"taxonomy":"product_tag","embeddable":true,"href":"https:\/\/cultivers.es\/fr\/wp-json\/wp\/v2\/product_tag?post=49036"},{"taxonomy":"woo-feed-brand","embeddable":true,"href":"https:\/\/cultivers.es\/fr\/wp-json\/wp\/v2\/woo-feed-brand?post=49036"}],"curies":[{"name":"wp","href":"https:\/\/api.w.org\/{rel}","templated":true}]}}