{"id":49041,"date":"2023-10-25T09:33:09","date_gmt":"2023-10-25T09:33:09","guid":{"rendered":"https:\/\/cultivers.es\/abonos\/demeter-biodynamic-san-michele-graines-de-chou\/"},"modified":"2023-10-25T09:33:09","modified_gmt":"2023-10-25T09:33:09","slug":"demeter-biodynamic-san-michele-graines-de-chou","status":"publish","type":"product","link":"https:\/\/cultivers.es\/fr\/abonnements\/demeter-biodynamic-san-michele-graines-de-chou\/","title":{"rendered":"Demeter Biodynamic San Michele graines de chou"},"content":{"rendered":"","protected":false},"excerpt":{"rendered":"<p>Le <strong>chou San Michele<\/strong><em>(Brassica oleracea<\/em>) est une vari\u00e9t\u00e9 traditionnelle connue pour ses <strong>grandes feuilles vertes et ondul\u00e9es<\/strong> \u00e0 la texture tendre et au go\u00fbt doux. Id\u00e9al pour les rago\u00fbts, les saut\u00e9s, les soupes ou m\u00eame pour pr\u00e9parer des feuilles farcies, ce chou se distingue par sa polyvalence culinaire et sa haute valeur nutritionnelle. Il est rustique et facile \u00e0 cultiver, ce qui en fait un choix parfait pour tout <strong>potager<\/strong>.  <\/p>\n<p><strong>Grandes feuilles tendres :<\/strong> Ses feuilles larges et flexibles sont parfaites pour une grande vari\u00e9t\u00e9 de recettes, des salades aux plats cuisin\u00e9s.<\/p>\n<p><strong>Saveur douce et d\u00e9licate :<\/strong> sa texture tendre et sa saveur \u00e9quilibr\u00e9e en font un aliment id\u00e9al pour les plats d&rsquo;accompagnement, les rago\u00fbts et les recettes traditionnelles.<\/p>\n<p><strong>Productivit\u00e9 \u00e9lev\u00e9e :<\/strong> la production de feuilles est continue, ce qui garantit des r\u00e9coltes abondantes et durables tout au long de la saison.<\/p>\n<p><strong>Riche en nutriments :<\/strong> Source naturelle de vitamines A, C et K, ainsi que de min\u00e9raux tels que le calcium et le fer, favorisant une alimentation saine.<\/p>\n<p><strong>Facile \u00e0 cultiver :<\/strong> R\u00e9sistant aux climats froids et adapt\u00e9 \u00e0 diff\u00e9rents types de sol, il est id\u00e9al pour les jardiniers novices comme pour les cultivateurs exp\u00e9riment\u00e9s.<\/p>\n<p><strong>Culture biologique :<\/strong> Nos semences sont <strong>100 % biologiques<\/strong>, sans pesticides ni engrais chimiques, ce qui favorise une culture durable et respectueuse de l&rsquo;environnement.<\/p>\n<p>Ajoutez le <strong>chou San Michele biologique<\/strong> \u00e0 votre <strong>jardin<\/strong> et profitez d&rsquo;une vari\u00e9t\u00e9 polyvalente, nutritive et d\u00e9licieuse dans vos plats - commandez d\u00e8s aujourd&rsquo;hui et commencez \u00e0 cultiver ! <\/p>\n","protected":false},"featured_media":50121,"comment_status":"open","ping_status":"closed","template":"","meta":{"_acf_changed":false},"product_brand":[],"product_cat":[1303,424,431],"product_tag":[1385],"class_list":{"0":"post-49041","1":"product","2":"type-product","3":"status-publish","4":"has-post-thumbnail","6":"product_cat-graines-de-demeter","7":"product_cat-semences-biologiques","8":"product_cat-semences-de-brassica-biologiques","9":"product_tag-demeter-fr","11":"first","12":"instock","13":"sale","14":"taxable","15":"shipping-taxable","16":"purchasable","17":"product-type-variable"},"acf":[],"_links":{"self":[{"href":"https:\/\/cultivers.es\/fr\/wp-json\/wp\/v2\/product\/49041","targetHints":{"allow":["GET"]}}],"collection":[{"href":"https:\/\/cultivers.es\/fr\/wp-json\/wp\/v2\/product"}],"about":[{"href":"https:\/\/cultivers.es\/fr\/wp-json\/wp\/v2\/types\/product"}],"replies":[{"embeddable":true,"href":"https:\/\/cultivers.es\/fr\/wp-json\/wp\/v2\/comments?post=49041"}],"wp:featuredmedia":[{"embeddable":true,"href":"https:\/\/cultivers.es\/fr\/wp-json\/wp\/v2\/media\/50121"}],"wp:attachment":[{"href":"https:\/\/cultivers.es\/fr\/wp-json\/wp\/v2\/media?parent=49041"}],"wp:term":[{"taxonomy":"product_brand","embeddable":true,"href":"https:\/\/cultivers.es\/fr\/wp-json\/wp\/v2\/product_brand?post=49041"},{"taxonomy":"product_cat","embeddable":true,"href":"https:\/\/cultivers.es\/fr\/wp-json\/wp\/v2\/product_cat?post=49041"},{"taxonomy":"product_tag","embeddable":true,"href":"https:\/\/cultivers.es\/fr\/wp-json\/wp\/v2\/product_tag?post=49041"}],"curies":[{"name":"wp","href":"https:\/\/api.w.org\/{rel}","templated":true}]}}