{"id":49182,"date":"2024-09-11T12:42:07","date_gmt":"2024-09-11T12:42:07","guid":{"rendered":"https:\/\/cultivers.es\/abonos\/graines-de-radis-18-jours\/"},"modified":"2024-09-11T12:42:07","modified_gmt":"2024-09-11T12:42:07","slug":"graines-de-radis-18-jours","status":"publish","type":"product","link":"https:\/\/cultivers.es\/fr\/abonnements\/graines-de-radis-18-jours\/","title":{"rendered":"Graines de radis 18 Jours"},"content":{"rendered":"","protected":false},"excerpt":{"rendered":"<p>Cultivez l&rsquo;une des vari\u00e9t\u00e9s de radis les plus rapides et les plus d\u00e9licieuses avec nos graines de radis biologique 18 Jours. Connu pour sa rapidit\u00e9 de croissance, ce radis peut \u00eatre pr\u00eat \u00e0 \u00eatre r\u00e9colt\u00e9 en seulement 18 jours, offrant des racines croquantes, juteuses et acidul\u00e9es qui sont parfaites pour les salades fra\u00eeches, les en-cas sains ou les plats d&rsquo;accompagnement. <\/p>\n<ul>\n<li><strong>R\u00e9colte en seulement 18 jours :<\/strong> Cette vari\u00e9t\u00e9 se distingue par son cycle de croissance rapide, vous permettant de d\u00e9guster des radis frais et croquants en seulement 18 jours. Id\u00e9ale pour les jardiniers impatients ou ceux qui recherchent une r\u00e9colte rapide. <\/li>\n<li><strong>Go\u00fbt frais et l\u00e9g\u00e8rement \u00e9pic\u00e9 : les<\/strong> radis 18 Jours offrent un go\u00fbt rafra\u00eechissant et l\u00e9g\u00e8rement \u00e9pic\u00e9, ce qui les rend parfaits pour les salades, les en-cas ou les plats d&rsquo;accompagnement. Ils sont un excellent compl\u00e9ment \u00e0 tout repas, ajoutant une touche de fra\u00eecheur. <\/li>\n<li><strong>Taille compacte :<\/strong> de petite taille, avec une peau rouge vif et une chair blanche, ces radis sont non seulement savoureux, mais aussi visuellement attrayants dans l&rsquo;assiette.<\/li>\n<li><strong>Facile \u00e0 cultiver :<\/strong> Cette vari\u00e9t\u00e9 est id\u00e9ale pour les jardins et les bacs. Elle est rustique et s&rsquo;adapte bien \u00e0 diff\u00e9rents types de sols et de climats, ce qui en fait un excellent choix pour les jardiniers d\u00e9butants et exp\u00e9riment\u00e9s. <\/li>\n<li><strong>Culture biologique :<\/strong> Nos semences sont 100% biologiques, ce qui garantit une culture sans pesticides ni engrais chimiques, et donc une r\u00e9colte saine et durable pour vous et votre famille.<\/li>\n<\/ul>\n<p>Profitez de la fra\u00eecheur et de la rapidit\u00e9 de nos radis 18 Jours avec nos semences biologiques. Parfaits pour ceux qui recherchent une r\u00e9colte rapide et savoureuse, ces radis rempliront votre jardin de couleurs et votre table de saveurs. Commandez d\u00e8s aujourd&rsquo;hui et commencez \u00e0 r\u00e9colter en seulement 18 jours !  <\/p>\n","protected":false},"featured_media":33960,"comment_status":"open","ping_status":"closed","template":"","meta":{"_acf_changed":false},"product_brand":[],"product_cat":[426,424],"product_tag":[1579],"class_list":{"0":"post-49182","1":"product","2":"type-product","3":"status-publish","4":"has-post-thumbnail","6":"product_cat-graines-de-racines-biologiques","7":"product_cat-semences-biologiques","8":"product_tag-eco","10":"first","11":"instock","12":"taxable","13":"shipping-taxable","14":"purchasable","15":"product-type-simple"},"acf":[],"_links":{"self":[{"href":"https:\/\/cultivers.es\/fr\/wp-json\/wp\/v2\/product\/49182","targetHints":{"allow":["GET"]}}],"collection":[{"href":"https:\/\/cultivers.es\/fr\/wp-json\/wp\/v2\/product"}],"about":[{"href":"https:\/\/cultivers.es\/fr\/wp-json\/wp\/v2\/types\/product"}],"replies":[{"embeddable":true,"href":"https:\/\/cultivers.es\/fr\/wp-json\/wp\/v2\/comments?post=49182"}],"wp:featuredmedia":[{"embeddable":true,"href":"https:\/\/cultivers.es\/fr\/wp-json\/wp\/v2\/media\/33960"}],"wp:attachment":[{"href":"https:\/\/cultivers.es\/fr\/wp-json\/wp\/v2\/media?parent=49182"}],"wp:term":[{"taxonomy":"product_brand","embeddable":true,"href":"https:\/\/cultivers.es\/fr\/wp-json\/wp\/v2\/product_brand?post=49182"},{"taxonomy":"product_cat","embeddable":true,"href":"https:\/\/cultivers.es\/fr\/wp-json\/wp\/v2\/product_cat?post=49182"},{"taxonomy":"product_tag","embeddable":true,"href":"https:\/\/cultivers.es\/fr\/wp-json\/wp\/v2\/product_tag?post=49182"}],"curies":[{"name":"wp","href":"https:\/\/api.w.org\/{rel}","templated":true}]}}