{"id":49190,"date":"2024-09-11T13:32:03","date_gmt":"2024-09-11T13:32:03","guid":{"rendered":"https:\/\/cultivers.es\/abonos\/lin-commun\/"},"modified":"2025-09-22T05:49:44","modified_gmt":"2025-09-22T05:49:44","slug":"lin-commun","status":"publish","type":"product","link":"https:\/\/cultivers.es\/fr\/abonnements\/lin-commun\/","title":{"rendered":"Lin commun"},"content":{"rendered":"","protected":false},"excerpt":{"rendered":"<p>Cultivez une plante polyvalente et b\u00e9n\u00e9fique avec nos graines de lin commun biologique. En plus d&rsquo;\u00eatre une plante ornementale aux d\u00e9licates fleurs bleues, le lin commun est connu pour ses graines, riches en acides gras om\u00e9ga-3, en fibres et en antioxydants. Cette culture est parfaite pour am\u00e9liorer la biodiversit\u00e9 de votre jardin et pour r\u00e9colter ses pr\u00e9cieuses graines, id\u00e9ales pour un r\u00e9gime alimentaire sain.  <\/p>\n<ul>\n<li><strong>Fleurs d\u00e9licates et attrayantes : le<\/strong> lin commun produit de belles fleurs bleues qui embellissent votre jardin, attirant les pollinisateurs tels que les abeilles et les papillons, ce qui contribue \u00e0 maintenir la biodiversit\u00e9 dans votre jardin.<\/li>\n<li><strong>Graines nutritives :<\/strong> les graines de lin sont r\u00e9put\u00e9es pour leur teneur \u00e9lev\u00e9e en acides gras om\u00e9ga-3, en fibres et en antioxydants, ce qui en fait un excellent compl\u00e9ment \u00e0 un r\u00e9gime alimentaire \u00e9quilibr\u00e9. Elles peuvent \u00eatre consomm\u00e9es dans les pains, les salades, les smoothies, etc. <\/li>\n<li><strong>Polyvalence dans le jardin :<\/strong> le lin n&rsquo;est pas seulement utile pour l&rsquo;alimentation, mais il am\u00e9liore \u00e9galement la structure du sol, en aidant \u00e0 fixer les nutriments essentiels et en fournissant un paillage efficace.<\/li>\n<li><strong>Facile \u00e0 cultiver : le<\/strong> lin commun est une plante rustique qui s&rsquo;adapte bien \u00e0 une vari\u00e9t\u00e9 de conditions climatiques et de sol, ce qui en fait une plante id\u00e9ale pour les jardiniers novices et exp\u00e9riment\u00e9s. Il peut \u00eatre cultiv\u00e9 dans les potagers ou m\u00eame dans de grands pots. <\/li>\n<li><strong>Culture biologique :<\/strong> Nos graines de lin commun sont 100% biologiques, garantissant une croissance sans produits chimiques ni pesticides, id\u00e9ale pour ceux qui recherchent une production naturelle et durable.<\/li>\n<\/ul>\n<p>Embellissez votre jardin et am\u00e9liorez votre alimentation avec les graines de lin communes biologiques. Profitez de ses fleurs d\u00e9licates et r\u00e9coltez ses graines pr\u00e9cieuses pour une utilisation saine et nutritive - commandez d\u00e8s aujourd&rsquo;hui et cultivez cette plante multifonctionnelle dans votre jardin biologique !  <\/p>\n","protected":false},"featured_media":33976,"comment_status":"open","ping_status":"closed","template":"","meta":{"_acf_changed":false},"product_brand":[],"product_cat":[424,464],"product_tag":[1579],"woo-feed-brand":[],"class_list":{"0":"post-49190","1":"product","2":"type-product","3":"status-publish","4":"has-post-thumbnail","6":"product_cat-semences-biologiques","7":"product_cat-semences-de-fleurs-biologiques","8":"product_tag-eco","10":"first","11":"instock","12":"taxable","13":"shipping-taxable","14":"purchasable","15":"product-type-simple"},"acf":[],"_links":{"self":[{"href":"https:\/\/cultivers.es\/fr\/wp-json\/wp\/v2\/product\/49190","targetHints":{"allow":["GET"]}}],"collection":[{"href":"https:\/\/cultivers.es\/fr\/wp-json\/wp\/v2\/product"}],"about":[{"href":"https:\/\/cultivers.es\/fr\/wp-json\/wp\/v2\/types\/product"}],"replies":[{"embeddable":true,"href":"https:\/\/cultivers.es\/fr\/wp-json\/wp\/v2\/comments?post=49190"}],"wp:featuredmedia":[{"embeddable":true,"href":"https:\/\/cultivers.es\/fr\/wp-json\/wp\/v2\/media\/33976"}],"wp:attachment":[{"href":"https:\/\/cultivers.es\/fr\/wp-json\/wp\/v2\/media?parent=49190"}],"wp:term":[{"taxonomy":"product_brand","embeddable":true,"href":"https:\/\/cultivers.es\/fr\/wp-json\/wp\/v2\/product_brand?post=49190"},{"taxonomy":"product_cat","embeddable":true,"href":"https:\/\/cultivers.es\/fr\/wp-json\/wp\/v2\/product_cat?post=49190"},{"taxonomy":"product_tag","embeddable":true,"href":"https:\/\/cultivers.es\/fr\/wp-json\/wp\/v2\/product_tag?post=49190"},{"taxonomy":"woo-feed-brand","embeddable":true,"href":"https:\/\/cultivers.es\/fr\/wp-json\/wp\/v2\/woo-feed-brand?post=49190"}],"curies":[{"name":"wp","href":"https:\/\/api.w.org\/{rel}","templated":true}]}}