{"id":50343,"date":"2025-10-20T08:31:32","date_gmt":"2025-10-20T08:31:32","guid":{"rendered":"https:\/\/cultivers.es\/abonos\/dolomite-chaux-agricole\/"},"modified":"2026-03-14T10:03:52","modified_gmt":"2026-03-14T10:03:52","slug":"dolomite-chaux-agricole","status":"publish","type":"product","link":"https:\/\/cultivers.es\/fr\/abonnements\/dolomite-chaux-agricole\/","title":{"rendered":"Dolomite Chaux agricole"},"content":{"rendered":"<p>L&rsquo;utilisation de la dolomie dans l&rsquo;agriculture biologique est devenue de plus en plus importante gr\u00e2ce \u00e0 sa double action d&rsquo;apport nutritionnel et d&rsquo;am\u00e9lioration structurelle du sol. Ce min\u00e9ral naturel compos\u00e9 de carbonate de calcium (CaCO\u2083) et de carbonate de magn\u00e9sium (MgCO\u2083) se pr\u00e9sente comme un amendement id\u00e9al pour les sols acides, favorisant le d\u00e9veloppement sain des cultures gr\u00e2ce \u00e0 un environnement p\u00e9dologique optimal. Tout d&rsquo;abord, la dolomie agit comme un r\u00e9gulateur de pH : dans les sols \u00e0 forte acidit\u00e9, elle limite la disponibilit\u00e9 des nutriments essentiels et entrave l&rsquo;activit\u00e9 microbienne. L&rsquo;application de cet amendement permet de neutraliser progressivement l&rsquo;acidit\u00e9 et de cr\u00e9er un environnement plus favorable \u00e0 l&rsquo;absorption des nutriments par les racines. En m\u00eame temps, gr\u00e2ce au calcium et au magn\u00e9sium qu&rsquo;il apporte, il am\u00e9liore la synth\u00e8se de la chlorophylle, renforce la vigueur des plantes et favorise des processus physiologiques cl\u00e9s tels que la photosynth\u00e8se. En ce qui concerne son effet structurel, la dolomie am\u00e9liore la formation des agr\u00e9gats du sol, ce qui augmente la porosit\u00e9, la r\u00e9tention d&rsquo;eau et l&rsquo;a\u00e9ration, aspects essentiels pour un syst\u00e8me racinaire sain. Ces am\u00e9liorations structurelles se traduisent par un sol plus vivant, avec une plus grande activit\u00e9 biologique, ce qui a un impact direct sur le rendement des cultures. L&rsquo;application de dolomie doit \u00eatre r\u00e9alis\u00e9e de mani\u00e8re technique et adapt\u00e9e : id\u00e9alement avant l&rsquo;ensemencement ou la plantation, ce qui laisse \u00e0 l&rsquo;amendement le temps d&rsquo;interagir avec le sol. Il existe diff\u00e9rentes m\u00e9thodes : incorporation dans le sol, application en surface, m\u00e9lange avec d&rsquo;autres intrants organiques, ou encore utilisation dans des substrats. Cette \u00e9tape pr\u00e9liminaire est essentielle pour optimiser le d\u00e9veloppement des cultures, car d\u00e8s le d\u00e9part, le syst\u00e8me p\u00e9dologique aura \u00e9t\u00e9 pr\u00e9par\u00e9 avec les nutriments et la structure ad\u00e9quats. La polyvalence de la dolomie permet son utilisation dans une grande vari\u00e9t\u00e9 de cultures l\u00e9gumi\u00e8res, fruiti\u00e8res et c\u00e9r\u00e9ali\u00e8res et les avantages se manifestent de diff\u00e9rentes mani\u00e8res : une meilleure absorption du calcium et du magn\u00e9sium, des racines plus vigoureuses, une meilleure qualit\u00e9 des fruits (taille, saveur, couleur) et une plus grande r\u00e9sistance aux ravageurs et aux maladies. De plus, en tant qu&rsquo;engrais \u00e0 lib\u00e9ration lente, il garantit un apport continu de nutriments, ce qui \u00e9vite les pics de disponibilit\u00e9 ou d&rsquo;\u00e9ventuels d\u00e9s\u00e9quilibres susceptibles d&rsquo;affecter le microbiote du sol. Il est toutefois essentiel d&rsquo;appliquer la dolomite de mani\u00e8re judicieuse : la dose appropri\u00e9e d\u00e9pend de la caract\u00e9risation du sol et du type de culture, et une application trop importante peut entra\u00eener un d\u00e9s\u00e9quilibre du pH ou affecter la disponibilit\u00e9 d&rsquo;autres \u00e9l\u00e9ments nutritifs. La compatibilit\u00e9 avec d&rsquo;autres intrants doit \u00e9galement \u00eatre \u00e9valu\u00e9e, en particulier dans les syst\u00e8mes \u00e9cologiques o\u00f9 l&rsquo;objectif est de pr\u00e9server la vie du sol. En ce sens, le choix d&rsquo;une source de dolomie de qualit\u00e9, d&rsquo;une grande puret\u00e9, d&rsquo;une concentration ad\u00e9quate en calcium et en magn\u00e9sium, d&rsquo;un broyage fin et de l&rsquo;absence de contaminants, fait partie du succ\u00e8s du traitement. En r\u00e9sum\u00e9, la dolomie se positionne comme une solution naturelle, efficace et technique pour les agriculteurs biologiques qui cherchent \u00e0 optimiser la sant\u00e9 des sols et le rendement des cultures. En combinant le conditionnement physique du sol avec un apport nutritionnel cl\u00e9, cet amendement peut r\u00e9pondre aux d\u00e9fis de l&rsquo;acidit\u00e9, du manque de magn\u00e9sium ou de calcium et de l&rsquo;am\u00e9lioration globale du syst\u00e8me de production, sans avoir recours \u00e0 des sources synth\u00e9tiques.                 Quelle que soit votre culture, l&rsquo;incorporation de dolomie avec un jugement technique et une planification peut faire la diff\u00e9rence pour la productivit\u00e9, la qualit\u00e9 et la durabilit\u00e9 de votre ferme biologique.<\/p>\n","protected":false},"excerpt":{"rendered":"<p>Dolomite micronis\u00e9e 100% naturelle de haute puret\u00e9 : Compos\u00e9 exclusivement de carbonate de calcium et de magn\u00e9sium, cet amendement agricole d&rsquo;origine min\u00e9rale est id\u00e9al pour les sols acides et les cultures biologiques. Sa granulom\u00e9trie fine am\u00e9liore l&rsquo;absorption et assure une distribution homog\u00e8ne, augmentant ainsi l&rsquo;efficacit\u00e9 du traitement. <\/p>\n<p>Calcium et magn\u00e9sium \u00e9quilibr\u00e9s pour des cultures saines : Ces deux nutriments essentiels sont indispensables au d\u00e9veloppement des cellules et \u00e0 la photosynth\u00e8se. Le calcium renforce la structure des plantes et le magn\u00e9sium stimule la production de chlorophylle, am\u00e9liorant ainsi la vitalit\u00e9 g\u00e9n\u00e9rale de la culture. Id\u00e9al pour les l\u00e9gumes, les arbres fruitiers, les c\u00e9r\u00e9ales et les l\u00e9gumineuses.  <\/p>\n<p>Corrige l&rsquo;acidit\u00e9 du sol et r\u00e9gule naturellement le pH : son action corrective sur les sols acides r\u00e9tablit l&rsquo;\u00e9quilibre chimique du sol, facilitant la disponibilit\u00e9 des nutriments et favorisant un microbiote actif. Son utilisation r\u00e9duit les blocages de nutriments et am\u00e9liore l&rsquo;environnement racinaire pour une croissance plus vigoureuse. <\/p>\n<p>\ud83d\udca7 Am\u00e9liore la structure du sol, la r\u00e9tention d&rsquo;eau et l&rsquo;a\u00e9ration : En favorisant la formation d&rsquo;agr\u00e9gats stables, la dolomie am\u00e9liore la texture du sol, facilite l&rsquo;infiltration de l&rsquo;eau et oxyg\u00e8ne les racines. Il en r\u00e9sulte un syst\u00e8me racinaire plus profond et plus efficace qui r\u00e9siste mieux au stress hydrique ou au compactage. <\/p>\n<p>Convient \u00e0 l&rsquo;agriculture biologique certifi\u00e9e et \u00e0 l&rsquo;usage professionnel : compatible avec les pratiques agricoles durables, cette dolomie est id\u00e9ale pour les plans de fertilisation biologique. Elle fournit des nutriments \u00e0 lib\u00e9ration lente sans contaminants chimiques, r\u00e9duit la d\u00e9pendance \u00e0 l&rsquo;\u00e9gard des engrais synth\u00e9tiques et favorise une agriculture r\u00e9g\u00e9n\u00e9ratrice et productive. <\/p>\n","protected":false},"featured_media":49883,"comment_status":"open","ping_status":"closed","template":"","meta":{"_acf_changed":false},"product_brand":[],"product_cat":[687,315,388],"product_tag":[],"class_list":{"0":"post-50343","1":"product","2":"type-product","3":"status-publish","4":"has-post-thumbnail","6":"product_cat-matieres-premieres","7":"product_cat-pelouse","8":"product_cat-regenerateurs-de-sol","10":"first","11":"instock","12":"taxable","13":"shipping-taxable","14":"purchasable","15":"product-type-variable"},"acf":[],"_links":{"self":[{"href":"https:\/\/cultivers.es\/fr\/wp-json\/wp\/v2\/product\/50343","targetHints":{"allow":["GET"]}}],"collection":[{"href":"https:\/\/cultivers.es\/fr\/wp-json\/wp\/v2\/product"}],"about":[{"href":"https:\/\/cultivers.es\/fr\/wp-json\/wp\/v2\/types\/product"}],"replies":[{"embeddable":true,"href":"https:\/\/cultivers.es\/fr\/wp-json\/wp\/v2\/comments?post=50343"}],"wp:featuredmedia":[{"embeddable":true,"href":"https:\/\/cultivers.es\/fr\/wp-json\/wp\/v2\/media\/49883"}],"wp:attachment":[{"href":"https:\/\/cultivers.es\/fr\/wp-json\/wp\/v2\/media?parent=50343"}],"wp:term":[{"taxonomy":"product_brand","embeddable":true,"href":"https:\/\/cultivers.es\/fr\/wp-json\/wp\/v2\/product_brand?post=50343"},{"taxonomy":"product_cat","embeddable":true,"href":"https:\/\/cultivers.es\/fr\/wp-json\/wp\/v2\/product_cat?post=50343"},{"taxonomy":"product_tag","embeddable":true,"href":"https:\/\/cultivers.es\/fr\/wp-json\/wp\/v2\/product_tag?post=50343"}],"curies":[{"name":"wp","href":"https:\/\/api.w.org\/{rel}","templated":true}]}}