{"id":50348,"date":"2025-10-20T09:05:23","date_gmt":"2025-10-20T09:05:23","guid":{"rendered":"https:\/\/cultivers.es\/abonos\/usines-de-granules-dengrais\/"},"modified":"2025-10-20T09:05:23","modified_gmt":"2025-10-20T09:05:23","slug":"usines-de-granules-dengrais","status":"publish","type":"product","link":"https:\/\/cultivers.es\/fr\/abonnements\/usines-de-granules-dengrais\/","title":{"rendered":"Usines de granul\u00e9s d&rsquo;engrais"},"content":{"rendered":"<p>Les agriculteurs et les jardiniers biologiques savent que le choix du bon engrais fait la diff\u00e9rence entre une r\u00e9colte m\u00e9diocre et une culture saine et abondante. L&rsquo;engrais CULTIVERS Plant Pellets associe la science de pointe et le respect de la nature pour offrir un engrais organique microgranulaire universel qui stimule vos cultures sans nuire \u00e0 l&rsquo;\u00e9cosyst\u00e8me. Avec une formule NPK \u00e9quilibr\u00e9e de 6-7-10, enrichie de 50 % de mati\u00e8re organique et de micro-\u00e9l\u00e9ments tels que le calcium, le magn\u00e9sium et le fer, cet engrais offre une nutrition compl\u00e8te. L&rsquo;azote favorise la croissance v\u00e9g\u00e9tative, le phosphore stimule les fleurs et les racines, et le potassium renforce la plante contre le stress et les maladies. En outre, la teneur \u00e9lev\u00e9e en mati\u00e8res organiques et en substances humiques am\u00e9liore les propri\u00e9t\u00e9s physiques, chimiques et biologiques du sol, optimisant sa capacit\u00e9 de r\u00e9tention d&rsquo;eau et d&rsquo;a\u00e9ration. Son faible rapport C\/N (5) constitue un avantage majeur, car il permet une min\u00e9ralisation rapide : les micro-organismes du sol d\u00e9composent efficacement le granul\u00e9 et lib\u00e8rent les \u00e9l\u00e9ments nutritifs sous des formes assimilables par la plante. Il n&rsquo;est pas n\u00e9cessaire d&rsquo;attendre des semaines : l&rsquo;engrais agit d\u00e8s le d\u00e9but, \u00e0 condition qu&rsquo;il soit bien incorpor\u00e9 dans le sol et qu&rsquo;il ne soit pas laiss\u00e9 \u00e0 l&rsquo;air libre. L&rsquo;application est on ne peut plus simple : pour les l\u00e9gumes, on recommande 1,5 \u00e0 2 tonnes par hectare ; pour les arbres fruitiers, 2 \u00e0 3 kg par arbre ; pour la vigne, 0,8 \u00e0 1 kg par pied. Il est important d&rsquo;enfouir l&rsquo;engrais dans la terre arable, de ne jamais le laisser en surface, afin que l&rsquo;humidit\u00e9 et les micro-organismes puissent agir de mani\u00e8re optimale.        <\/p>\n","protected":false},"excerpt":{"rendered":"<p>Am\u00e9lioration visible du sol gr\u00e2ce \u00e0 la mati\u00e8re organique active Cet engrais organique granul\u00e9 pour plantes renforce la structure du sol gr\u00e2ce \u00e0 sa forte concentration en mati\u00e8re organique et en extrait humique. Il am\u00e9liore la r\u00e9tention d&rsquo;eau, l&rsquo;a\u00e9ration et l&rsquo;activit\u00e9 microbienne, ce qui est la cl\u00e9 d&rsquo;un syst\u00e8me racinaire sain et d&rsquo;une culture plus vigoureuse. Id\u00e9al comme amendement naturel du sol en agriculture biologique.<br \/>\n\ud83e\uddc2 Calcium structurel (10,1 %) : renforcement cellulaire naturel \ud83d\udca7 Composition professionnelle avec macronutriments et micronutriments CULTIVERS comprend du NPK (6-7-10) et un profil complet de micronutriments : calcium (10,1 %), magn\u00e9sium (2,3 %), fer (0,7 %) et soufre (1,3 %). Cet engrais organique universel en granul\u00e9s assure une nutrition \u00e9quilibr\u00e9e des plantes, am\u00e9liorant la croissance, la floraison et la r\u00e9sistance. Une formule con\u00e7ue pour les cultures exigeantes et la production biologique.<br \/>\nGr\u00e2ce \u00e0 son rapport C\/N de 5 et \u00e0 sa granulom\u00e9trie, cet engrais organique granul\u00e9 lib\u00e8re les nutriments imm\u00e9diatement apr\u00e8s l&rsquo;application. Il est activ\u00e9 par l&rsquo;humidit\u00e9 du sol et est facilement absorb\u00e9 par les racines, ce qui permet d&rsquo;obtenir des r\u00e9sultats visibles d\u00e8s les premiers jours sur les l\u00e9gumes, les arbres fruitiers et les plantes ornementales.<br \/>\n\ud83c\udf3c Polyvalent pour tous types de cultures et de sols Cet engrais v\u00e9g\u00e9tal naturel en format granul\u00e9 est compatible avec les cultures horticoles, les arbres fruitiers, la vigne, les oliviers, les pelouses, etc. Sa formule universelle le rend id\u00e9al pour les jardins urbains et l&rsquo;agriculture professionnelle, s&rsquo;adaptant \u00e0 tout type de sol et apportant une efficacit\u00e9 nutritionnelle d\u00e8s la racine.<br \/>\n\ud83d\udc3e 100% naturel, sans produits chimiques et sans danger pour les animaux Compos\u00e9 uniquement d&rsquo;ingr\u00e9dients d&rsquo;origine v\u00e9g\u00e9tale et animale, sans aucun additif chimique, ce compost de jardin biologique est totalement sans danger pour les animaux domestiques, la faune et l&rsquo;environnement naturel. Parfait pour tous ceux qui recherchent une nutrition durable, respectueuse de l&rsquo;environnement et certifi\u00e9e biologique. <\/p>\n","protected":false},"featured_media":53689,"comment_status":"open","ping_status":"closed","template":"","meta":{"_acf_changed":false},"product_brand":[],"product_cat":[652,312],"product_tag":[],"woo-feed-brand":[],"class_list":{"0":"post-50348","1":"product","2":"type-product","3":"status-publish","4":"has-post-thumbnail","6":"product_cat-engrais-organiques","7":"product_cat-engrais-solides","9":"first","10":"instock","11":"taxable","12":"shipping-taxable","13":"purchasable","14":"product-type-variable"},"acf":[],"_links":{"self":[{"href":"https:\/\/cultivers.es\/fr\/wp-json\/wp\/v2\/product\/50348","targetHints":{"allow":["GET"]}}],"collection":[{"href":"https:\/\/cultivers.es\/fr\/wp-json\/wp\/v2\/product"}],"about":[{"href":"https:\/\/cultivers.es\/fr\/wp-json\/wp\/v2\/types\/product"}],"replies":[{"embeddable":true,"href":"https:\/\/cultivers.es\/fr\/wp-json\/wp\/v2\/comments?post=50348"}],"wp:featuredmedia":[{"embeddable":true,"href":"https:\/\/cultivers.es\/fr\/wp-json\/wp\/v2\/media\/53689"}],"wp:attachment":[{"href":"https:\/\/cultivers.es\/fr\/wp-json\/wp\/v2\/media?parent=50348"}],"wp:term":[{"taxonomy":"product_brand","embeddable":true,"href":"https:\/\/cultivers.es\/fr\/wp-json\/wp\/v2\/product_brand?post=50348"},{"taxonomy":"product_cat","embeddable":true,"href":"https:\/\/cultivers.es\/fr\/wp-json\/wp\/v2\/product_cat?post=50348"},{"taxonomy":"product_tag","embeddable":true,"href":"https:\/\/cultivers.es\/fr\/wp-json\/wp\/v2\/product_tag?post=50348"},{"taxonomy":"woo-feed-brand","embeddable":true,"href":"https:\/\/cultivers.es\/fr\/wp-json\/wp\/v2\/woo-feed-brand?post=50348"}],"curies":[{"name":"wp","href":"https:\/\/api.w.org\/{rel}","templated":true}]}}