{"id":50359,"date":"2025-10-23T08:38:14","date_gmt":"2025-10-23T08:38:14","guid":{"rendered":"https:\/\/cultivers.es\/abonos\/engrais-vert-lupin-jaune\/"},"modified":"2026-03-14T10:03:37","modified_gmt":"2026-03-14T10:03:37","slug":"engrais-vert-lupin-jaune","status":"publish","type":"product","link":"https:\/\/cultivers.es\/fr\/abonnements\/engrais-vert-lupin-jaune\/","title":{"rendered":"Engrais Vert Lupin Jaune Eco"},"content":{"rendered":"<p>Le lupin jaune, \u00e9galement connu sous le nom de lupin, est une plante extraordinaire pour ceux qui cherchent \u00e0 am\u00e9liorer leur jardin ou leurs cultures de mani\u00e8re durable. En tant qu&rsquo;engrais vert, il constitue une source naturelle d&rsquo;azote qui r\u00e9g\u00e9n\u00e8re le sol sans n\u00e9cessiter d&rsquo;engrais chimiques, contribuant ainsi \u00e0 une agriculture plus respectueuse de l&rsquo;environnement et plus responsable. <\/p>\n<p>Sa polyvalence en fait un excellent choix pour les vergers et les jardins d&rsquo;ornement. Sa capacit\u00e9 \u00e0 fixer l&rsquo;azote atmosph\u00e9rique dans le sol gr\u00e2ce \u00e0 sa symbiose avec des bact\u00e9ries du genre Rhizobium lui permet d&rsquo;am\u00e9liorer les nutriments du sol et de pr\u00e9parer le sol pour les cultures suivantes. Elle est id\u00e9ale dans les rotations agricoles, comme culture de couverture pour prot\u00e9ger contre l&rsquo;\u00e9rosion et comme barri\u00e8re vivante contre les mauvaises herbes.  <\/p>\n<p>Visuellement, c&rsquo;est aussi un bijou : ses fleurs d&rsquo;un jaune intense donnent un air joyeux et champ\u00eatre \u00e0 tout espace. Elle attire naturellement les pollinisateurs tels que les abeilles et les papillons, favorisant ainsi un micro-\u00e9cosyst\u00e8me sain. En fait, l&rsquo;un de ses principaux atouts est sa capacit\u00e9 d&rsquo;adaptation : elle pousse tr\u00e8s bien dans des sols bien drain\u00e9s, l\u00e9g\u00e8rement acides et dans des zones ensoleill\u00e9es, et peut \u00e9galement \u00eatre plant\u00e9e en pot, ce qui en fait un excellent choix pour les balcons, les patios ou les petits jardins.  <\/p>\n<p>Facile \u00e0 planter, n\u00e9cessitant peu d&rsquo;entretien et remplissant de multiples fonctions esth\u00e9tiques, \u00e9cologiques et agronomiques, le lupin jaune est un investissement dans la sant\u00e9 des sols, la biodiversit\u00e9 et la beaut\u00e9 naturelle. Parfait pour ceux qui pratiquent le jardinage durable ou qui souhaitent int\u00e9grer des techniques d&rsquo;agriculture r\u00e9g\u00e9n\u00e9rative, le lupin jaune est bien plus qu&rsquo;une plante : c&rsquo;est un outil vivant au service de votre sol. <\/p>\n","protected":false},"excerpt":{"rendered":"<p>Engrais vert naturel et efficace : le lupin jaune est une l\u00e9gumineuse id\u00e9ale pour enrichir le sol en azote de mani\u00e8re naturelle, am\u00e9liorant ainsi la structure du sol sans avoir recours \u00e0 des engrais chimiques.<\/p>\n<p>Id\u00e9al comme paillis biologique : Cultivez le lupin comme culture de couverture vivante qui prot\u00e8ge votre verger ou votre jardin de l&rsquo;\u00e9rosion et des mauvaises herbes, tout en favorisant la biodiversit\u00e9 et en pr\u00e9venant l&rsquo;appauvrissement du sol.<\/p>\n<p>\ud83c\udf1e Facile \u00e0 cultiver et peu d&rsquo;entretien : Cette plante pr\u00e9f\u00e8re les sols l\u00e9g\u00e8rement acides et bien drain\u00e9s et les emplacements ensoleill\u00e9s. Parfaite pour les jardiniers novices et experts \u00e0 la recherche de r\u00e9sultats peu compliqu\u00e9s. <\/p>\n<p>Favorable aux pollinisateurs : ses fleurs d&rsquo;un jaune \u00e9clatant ne se contentent pas d&#8217;embellir votre jardin, elles attirent \u00e9galement les abeilles et les papillons, contribuant ainsi \u00e0 la pollinisation des cultures voisines et \u00e0 la promotion d&rsquo;\u00e9cosyst\u00e8mes sains.<\/p>\n<p>Convient aux bacs et aux jardins de campagne : Gr\u00e2ce \u00e0 son port compact et \u00e0 sa facilit\u00e9 d&rsquo;adaptation, le lupin jaune s&rsquo;\u00e9panouit dans les bacs et les jardins rustiques, ce qui en fait un choix \u00e0 la fois d\u00e9coratif et utile.<\/p>\n","protected":false},"featured_media":50001,"comment_status":"open","ping_status":"closed","template":"","meta":{"_acf_changed":false},"product_brand":[],"product_cat":[1290],"product_tag":[1579],"class_list":{"0":"post-50359","1":"product","2":"type-product","3":"status-publish","4":"has-post-thumbnail","6":"product_cat-couvertures-vegetales-dengrais-verts","7":"product_tag-eco","9":"first","10":"instock","11":"taxable","12":"shipping-taxable","13":"purchasable","14":"product-type-simple"},"acf":[],"_links":{"self":[{"href":"https:\/\/cultivers.es\/fr\/wp-json\/wp\/v2\/product\/50359","targetHints":{"allow":["GET"]}}],"collection":[{"href":"https:\/\/cultivers.es\/fr\/wp-json\/wp\/v2\/product"}],"about":[{"href":"https:\/\/cultivers.es\/fr\/wp-json\/wp\/v2\/types\/product"}],"replies":[{"embeddable":true,"href":"https:\/\/cultivers.es\/fr\/wp-json\/wp\/v2\/comments?post=50359"}],"wp:featuredmedia":[{"embeddable":true,"href":"https:\/\/cultivers.es\/fr\/wp-json\/wp\/v2\/media\/50001"}],"wp:attachment":[{"href":"https:\/\/cultivers.es\/fr\/wp-json\/wp\/v2\/media?parent=50359"}],"wp:term":[{"taxonomy":"product_brand","embeddable":true,"href":"https:\/\/cultivers.es\/fr\/wp-json\/wp\/v2\/product_brand?post=50359"},{"taxonomy":"product_cat","embeddable":true,"href":"https:\/\/cultivers.es\/fr\/wp-json\/wp\/v2\/product_cat?post=50359"},{"taxonomy":"product_tag","embeddable":true,"href":"https:\/\/cultivers.es\/fr\/wp-json\/wp\/v2\/product_tag?post=50359"}],"curies":[{"name":"wp","href":"https:\/\/api.w.org\/{rel}","templated":true}]}}