{"id":50374,"date":"2025-11-01T06:50:25","date_gmt":"2025-11-01T06:50:25","guid":{"rendered":"https:\/\/cultivers.es\/abonos\/graines-dedamame\/"},"modified":"2026-03-14T10:03:04","modified_gmt":"2026-03-14T10:03:04","slug":"graines-dedamame","status":"publish","type":"product","link":"https:\/\/cultivers.es\/fr\/abonnements\/graines-dedamame\/","title":{"rendered":"Graines d&rsquo;edamame Eco"},"content":{"rendered":"","protected":false},"excerpt":{"rendered":"<p>L&rsquo;edamame, \u00e9galement connue sous le nom de soja vert, est une l\u00e9gumineuse d&rsquo;origine asiatique cultiv\u00e9e pour ses gousses tendres et savoureuses, riches en prot\u00e9ines et en min\u00e9raux. Ces graines d&rsquo;edamame (Glycine max L.) biologiques sont id\u00e9ales pour ceux qui recherchent une culture nutritive, facile \u00e0 entretenir et d&rsquo;une grande valeur culinaire. <\/p>\n<p>Son go\u00fbt doux, l\u00e9g\u00e8rement sucr\u00e9 et de noisette en fait un ingr\u00e9dient parfait pour les salades, les soupes, les saut\u00e9s ou comme en-cas sain, cuit \u00e0 la vapeur avec une touche de sel de mer.<\/p>\n<p>Nos semences sont issues de l&rsquo;agriculture biologique certifi\u00e9e, garantissant des plantes vigoureuses et une r\u00e9colte sans pesticides ni OGM.<\/p>\n","protected":false},"featured_media":50292,"comment_status":"open","ping_status":"closed","template":"","meta":{"_acf_changed":false},"product_brand":[],"product_cat":[761,424],"product_tag":[1579],"class_list":{"0":"post-50374","1":"product","2":"type-product","3":"status-publish","4":"has-post-thumbnail","6":"product_cat-graines-de-legumineuses-biologiques","7":"product_cat-semences-biologiques","8":"product_tag-eco","10":"first","11":"instock","12":"taxable","13":"shipping-taxable","14":"purchasable","15":"product-type-simple"},"acf":[],"_links":{"self":[{"href":"https:\/\/cultivers.es\/fr\/wp-json\/wp\/v2\/product\/50374","targetHints":{"allow":["GET"]}}],"collection":[{"href":"https:\/\/cultivers.es\/fr\/wp-json\/wp\/v2\/product"}],"about":[{"href":"https:\/\/cultivers.es\/fr\/wp-json\/wp\/v2\/types\/product"}],"replies":[{"embeddable":true,"href":"https:\/\/cultivers.es\/fr\/wp-json\/wp\/v2\/comments?post=50374"}],"wp:featuredmedia":[{"embeddable":true,"href":"https:\/\/cultivers.es\/fr\/wp-json\/wp\/v2\/media\/50292"}],"wp:attachment":[{"href":"https:\/\/cultivers.es\/fr\/wp-json\/wp\/v2\/media?parent=50374"}],"wp:term":[{"taxonomy":"product_brand","embeddable":true,"href":"https:\/\/cultivers.es\/fr\/wp-json\/wp\/v2\/product_brand?post=50374"},{"taxonomy":"product_cat","embeddable":true,"href":"https:\/\/cultivers.es\/fr\/wp-json\/wp\/v2\/product_cat?post=50374"},{"taxonomy":"product_tag","embeddable":true,"href":"https:\/\/cultivers.es\/fr\/wp-json\/wp\/v2\/product_tag?post=50374"}],"curies":[{"name":"wp","href":"https:\/\/api.w.org\/{rel}","templated":true}]}}