{"id":50393,"date":"2025-11-01T06:06:08","date_gmt":"2025-11-01T06:06:08","guid":{"rendered":"https:\/\/cultivers.es\/abonos\/microfusee-verte\/"},"modified":"2026-03-14T10:06:05","modified_gmt":"2026-03-14T10:06:05","slug":"microfusee-verte","status":"publish","type":"product","link":"https:\/\/cultivers.es\/fr\/abonnements\/microfusee-verte\/","title":{"rendered":"Fus\u00e9e Microgreen Eco"},"content":{"rendered":"","protected":false},"excerpt":{"rendered":"<p>Les micro-gousses de radis China Rose ont une tige violette, germent rapidement et ont un go\u00fbt agr\u00e9ablement \u00e9pic\u00e9. Riches en vitamines et en min\u00e9raux, elles sont extr\u00eamement polyvalentes et peuvent \u00eatre utilis\u00e9es comme garniture, ajoutant une touche saine aux salades, sandwichs, soupes et autres plats. <\/p>\n<p>1) Trempez la base dans l&rsquo;eau jusqu&rsquo;\u00e0 ce qu&rsquo;elle soit compl\u00e8tement satur\u00e9e.<br \/>\n2) R\u00e9partissez les graines uniform\u00e9ment sur la base. Ne les placez pas trop pr\u00e8s les unes des autres pour \u00e9viter la formation de moisissures.<br \/>\n3. Placez la bo\u00eete dans un endroit ensoleill\u00e9 \u00e0 temp\u00e9rature ambiante et maintenez toujours la base humide.<br \/>\n4. R\u00e9coltez apr\u00e8s 7-8 jours, lorsque les plantes mesurent environ 5-10 cm de haut. Coupez les plantes juste au-dessus du bord de la bo\u00eete. Lavez-les bien avant de les consommer. Les restes de la bo\u00eete sont enti\u00e8rement compostables.    <\/p>\n","protected":false},"featured_media":50261,"comment_status":"open","ping_status":"closed","template":"","meta":{"_acf_changed":false},"product_brand":[],"product_cat":[746,424],"product_tag":[1579],"class_list":{"0":"post-50393","1":"product","2":"type-product","3":"status-publish","4":"has-post-thumbnail","6":"product_cat-microgreen-ecologique","7":"product_cat-semences-biologiques","8":"product_tag-eco","10":"first","11":"instock","12":"sale","13":"taxable","14":"shipping-taxable","15":"purchasable","16":"product-type-simple"},"acf":[],"_links":{"self":[{"href":"https:\/\/cultivers.es\/fr\/wp-json\/wp\/v2\/product\/50393","targetHints":{"allow":["GET"]}}],"collection":[{"href":"https:\/\/cultivers.es\/fr\/wp-json\/wp\/v2\/product"}],"about":[{"href":"https:\/\/cultivers.es\/fr\/wp-json\/wp\/v2\/types\/product"}],"replies":[{"embeddable":true,"href":"https:\/\/cultivers.es\/fr\/wp-json\/wp\/v2\/comments?post=50393"}],"wp:featuredmedia":[{"embeddable":true,"href":"https:\/\/cultivers.es\/fr\/wp-json\/wp\/v2\/media\/50261"}],"wp:attachment":[{"href":"https:\/\/cultivers.es\/fr\/wp-json\/wp\/v2\/media?parent=50393"}],"wp:term":[{"taxonomy":"product_brand","embeddable":true,"href":"https:\/\/cultivers.es\/fr\/wp-json\/wp\/v2\/product_brand?post=50393"},{"taxonomy":"product_cat","embeddable":true,"href":"https:\/\/cultivers.es\/fr\/wp-json\/wp\/v2\/product_cat?post=50393"},{"taxonomy":"product_tag","embeddable":true,"href":"https:\/\/cultivers.es\/fr\/wp-json\/wp\/v2\/product_tag?post=50393"}],"curies":[{"name":"wp","href":"https:\/\/api.w.org\/{rel}","templated":true}]}}