{"id":53004,"date":"2026-01-16T07:18:26","date_gmt":"2026-01-16T07:18:26","guid":{"rendered":"https:\/\/cultivers.es\/producto\/correcteur-de-deficiences-multiples-liquide\/"},"modified":"2026-03-18T10:36:17","modified_gmt":"2026-03-18T10:36:17","slug":"correcteur-de-deficiences-multiples-liquide","status":"publish","type":"product","link":"https:\/\/cultivers.es\/fr\/abonnements\/correcteur-de-deficiences-multiples-liquide\/","title":{"rendered":"Correcteur de d\u00e9ficiences multiples liquide"},"content":{"rendered":"<p>Ce correcteur de carence organique est formul\u00e9 pour apporter une solution technique et efficace \u00e0 la carence en micro-\u00e9l\u00e9ments essentiels dans les cultures \u00e0 haut rendement. Avec le zinc, le fer, le mangan\u00e8se, le cuivre et le bore, il contribue \u00e0 r\u00e9tablir l&rsquo;\u00e9quilibre nutritionnel n\u00e9cessaire au maintien d&rsquo;une physiologie saine et productive de la plante. Les micro-\u00e9l\u00e9ments sont complex\u00e9s avec des lignosulfonates, ce qui permet une assimilation rapide et efficace, aussi bien en application foliaire qu&rsquo;en application racinaire. Son utilisation est particuli\u00e8rement indiqu\u00e9e pendant la croissance v\u00e9g\u00e9tative, lorsque la demande en micronutriments est critique pour la photosynth\u00e8se, la synth\u00e8se des hormones v\u00e9g\u00e9tales, la respiration cellulaire et la formation de fruits de haute qualit\u00e9. Gr\u00e2ce \u00e0 sa formulation liquide stable, cet engrais liquide pour plantes convient aux programmes de fertilisation conventionnels et aux syst\u00e8mes hydroponiques, o\u00f9 il assure un apport constant et homog\u00e8ne de micro-\u00e9l\u00e9ments sans risque de pr\u00e9cipitation ou de blocage. Cet engrais \u00e0 base de zinc, de mangan\u00e8se et de fer est essentiel pour pr\u00e9venir les sympt\u00f4mes de carence tels que la chlorose, la croissance lente, la faible floraison et la d\u00e9formation. Son utilisation r\u00e9guli\u00e8re permet d&rsquo;\u00e9viter les physiopathologies courantes dans les cultures horticoles, les arbres fruitiers, les agrumes et les oliviers, en am\u00e9liorant la productivit\u00e9 des cultures de mani\u00e8re durable. Particuli\u00e8rement recommand\u00e9 pour ceux qui recherchent un engrais \u00e9cologique \u00e0 base de micro-\u00e9l\u00e9ments qui allie efficacit\u00e9 agronomique et respect de l&rsquo;environnement. Un outil polyvalent et professionnel qui r\u00e9pond aux exigences actuelles d&rsquo;une agriculture avanc\u00e9e et \u00e9quilibr\u00e9e.        <\/p>\n","protected":false},"excerpt":{"rendered":"<p>Engrais organique contenant des micronutriments essentiels rapidement assimilables : contient du zinc, du fer, du mangan\u00e8se, du cuivre et du bore sous des formes facilement absorbables gr\u00e2ce \u00e0 leur complexation avec des lignosulfonates. Ces micronutriments sont impliqu\u00e9s dans des processus vitaux tels que la photosynth\u00e8se, la formation des prot\u00e9ines, la division cellulaire et la synth\u00e8se des hormones. Id\u00e9al pour pr\u00e9venir et corriger les carences d\u00e8s les premiers stades de la croissance des plantes, en am\u00e9liorant leur vitalit\u00e9 et leur d\u00e9veloppement structurel.<br \/>\n\ud83c\udf4b Pr\u00e9vient les physiopathologies et les d\u00e9s\u00e9quilibres nutritionnels dans tous les types de cultures : Ce correcteur de carences v\u00e9g\u00e9tales est efficace dans les cultures intensives et traditionnelles. Il r\u00e9duit l&rsquo;apparition de chloroses, de n\u00e9croses, de d\u00e9formations et de chutes pr\u00e9matur\u00e9es de feuilles ou de fruits. Appliqu\u00e9 pendant la croissance v\u00e9g\u00e9tative, il am\u00e9liore la nouaison, la floraison et la production. Particuli\u00e8rement utile dans les cultures horticoles, les agrumes, les fruits, les cultures subtropicales, l&rsquo;olivier et la vigne.<br \/>\nEngrais zinc-mangan\u00e8se-fer formul\u00e9 pour les cultures exigeantes en termes de rendement et de qualit\u00e9 : D\u00e9velopp\u00e9 pour r\u00e9pondre aux exigences \u00e9lev\u00e9es en mati\u00e8re de micronutriments dans l&rsquo;agriculture technique, ce correcteur permet d&rsquo;atteindre le potentiel g\u00e9n\u00e9tique maximal de la plante. Son utilisation continue augmente l&rsquo;efficacit\u00e9 de l&rsquo;utilisation des macronutriments tels que l&rsquo;azote et le phosphore, am\u00e9liorant la structure cellulaire, la r\u00e9sistance au stress et la qualit\u00e9 finale des fruits, tant en termes de taille que de contenu nutritionnel.<br \/>\nPolyvalence de l&rsquo;application foliaire et racinaire avec une efficacit\u00e9 maximale : ce correcteur peut \u00eatre appliqu\u00e9 par pulv\u00e9risation directe sur les feuilles ou par fertigation, en s&rsquo;adaptant aux conditions de la culture. Ses micro-\u00e9l\u00e9ments ont une grande mobilit\u00e9 syst\u00e9mique, ce qui garantit une action rapide et soutenue. Il apporte des b\u00e9n\u00e9fices visibles \u00e0 court terme, tels qu&rsquo;une plus grande vigueur, une meilleure coloration et une r\u00e9cup\u00e9ration des plantes affect\u00e9es par des carences.<br \/>\nEngrais zinc-mangan\u00e8se-fer formul\u00e9 pour les cultures exigeantes en termes de rendement et de qualit\u00e9 : D\u00e9velopp\u00e9 pour r\u00e9pondre aux exigences \u00e9lev\u00e9es en mati\u00e8re de micronutriments dans l&rsquo;agriculture technique, ce correcteur permet d&rsquo;atteindre le potentiel g\u00e9n\u00e9tique maximal de la plante. Son utilisation continue augmente l&rsquo;efficacit\u00e9 de l&rsquo;utilisation des macronutriments tels que l&rsquo;azote et le phosphore, am\u00e9liorant la structure cellulaire, la r\u00e9sistance au stress et la qualit\u00e9 finale des fruits, tant en termes de taille que de contenu nutritionnel. <\/p>\n","protected":false},"featured_media":52283,"comment_status":"closed","ping_status":"closed","template":"","meta":{"_acf_changed":false},"product_brand":[],"product_cat":[569],"product_tag":[],"woo-feed-brand":[],"class_list":{"0":"post-53004","1":"product","2":"type-product","3":"status-publish","4":"has-post-thumbnail","6":"product_cat-correcteurs-de-carence","8":"first","9":"instock","10":"taxable","11":"shipping-taxable","12":"purchasable","13":"product-type-variable"},"acf":[],"_links":{"self":[{"href":"https:\/\/cultivers.es\/fr\/wp-json\/wp\/v2\/product\/53004","targetHints":{"allow":["GET"]}}],"collection":[{"href":"https:\/\/cultivers.es\/fr\/wp-json\/wp\/v2\/product"}],"about":[{"href":"https:\/\/cultivers.es\/fr\/wp-json\/wp\/v2\/types\/product"}],"replies":[{"embeddable":true,"href":"https:\/\/cultivers.es\/fr\/wp-json\/wp\/v2\/comments?post=53004"}],"wp:featuredmedia":[{"embeddable":true,"href":"https:\/\/cultivers.es\/fr\/wp-json\/wp\/v2\/media\/52283"}],"wp:attachment":[{"href":"https:\/\/cultivers.es\/fr\/wp-json\/wp\/v2\/media?parent=53004"}],"wp:term":[{"taxonomy":"product_brand","embeddable":true,"href":"https:\/\/cultivers.es\/fr\/wp-json\/wp\/v2\/product_brand?post=53004"},{"taxonomy":"product_cat","embeddable":true,"href":"https:\/\/cultivers.es\/fr\/wp-json\/wp\/v2\/product_cat?post=53004"},{"taxonomy":"product_tag","embeddable":true,"href":"https:\/\/cultivers.es\/fr\/wp-json\/wp\/v2\/product_tag?post=53004"},{"taxonomy":"woo-feed-brand","embeddable":true,"href":"https:\/\/cultivers.es\/fr\/wp-json\/wp\/v2\/woo-feed-brand?post=53004"}],"curies":[{"name":"wp","href":"https:\/\/api.w.org\/{rel}","templated":true}]}}