{"id":17518,"date":"2021-09-13T11:30:39","date_gmt":"2021-09-13T11:30:39","guid":{"rendered":"https:\/\/cultivers.es\/politica-sui-cookie\/"},"modified":"2023-09-16T18:26:27","modified_gmt":"2023-09-16T18:26:27","slug":"politica-sui-cookie","status":"publish","type":"page","link":"https:\/\/cultivers.es\/it\/politica-sui-cookie\/","title":{"rendered":"Politica sui cookie"},"content":{"rendered":"\n<p><strong>Concetto di cookie<\/strong><br\/>I cookie sono uno strumento utilizzato dai server Web per memorizzare e recuperare informazioni sui propri visitatori o utenti.<br\/>Non \u00e8 altro che un file di testo che alcuni server installano durante la navigazione e che permette loro di conoscere informazioni quali: il luogo da cui si accede, l&#8217;orario di connessione, il dispositivo da cui si accede (fisso o mobile), il sistema operativo e il browser utilizzato, le pagine pi\u00f9 visitate, il numero di clic effettuati e dati relativi al comportamento dell&#8217;utente sul sito web.<br\/>Internet.<br\/>Non forniscono riferimenti che permettano di dedurre il nome e il cognome dell&#8217;utente e non possono leggere dati dal disco rigido dell&#8217;utente o inserire virus nell&#8217;apparecchiatura dell&#8217;utente.<br\/>Allo stesso modo, non pu\u00f2 leggere i cookie impiantati sul disco rigido dell&#8217;utente da altri server. Perch\u00e9 sono importanti?<br\/>Il sito web \u00e8 accessibile senza la necessit\u00e0 di attivare i cookie, anche se la loro disattivazione pu\u00f2 impedire il corretto funzionamento del sito.<br\/>Da un punto di vista tecnico, i cookie consentono ai siti web di funzionare in modo pi\u00f9 agile e adattato alle preferenze degli utenti, come ad esempio la memorizzazione della lingua, della valuta del paese o il rilevamento del dispositivo di accesso.<br\/>Stabiliscono livelli di protezione e sicurezza che prevengono o ostacolano gli attacchi informatici contro il sito web o i suoi utenti e consentono ai gestori dei media di ottenere dati statistici raccolti per migliorare la qualit\u00e0 e l&#8217;esperienza dei loro servizi. Vengono utilizzati per ottimizzare la pubblicit\u00e0 che mostriamo agli utenti, offrendo la pubblicit\u00e0 che meglio corrisponde ai loro interessi.<\/p>\n\n<p><strong>Autorizzazione all&#8217;uso dei cookie<\/strong><\/p>\n\n<p>Sul sito web viene visualizzata un&#8217;informativa sui cookie che l&#8217;utente o il visitatore pu\u00f2 accettare acconsentendo a quanto segue<br\/>acconsentire espressamente all&#8217;utilizzo dei cookie come indicato di seguito.<br\/>Gli utenti possono configurare il proprio browser in modo da rifiutare tutti i cookie per impostazione predefinita o da ricevere un avviso sullo schermo della ricezione di ciascun cookie e decidere se installarli o meno sul proprio disco rigido.<br\/>Configurazione del browser ECOFORCE S.L. ricorda ai propri utenti che l&#8217;uso dei cookie pu\u00f2 essere subordinato alla loro accettazione durante l&#8217;installazione o l&#8217;aggiornamento del browser utilizzato.<\/p>\n\n<p><strong>Politica sui cookie di ECOFORCE S.L.<\/strong><\/p>\n\n<p>Questa accettazione pu\u00f2 essere revocata attraverso le impostazioni dei contenuti e della privacy.<br\/>disponibili in esso. Il Titolare raccomanda ai propri utenti di consultare la guida del proprio browser o di<br\/>accedere alle pagine web di aiuto dei principali browser: Firefox, Internet Explorer, Safari,<br\/>Cromo.<br\/>Per ulteriori informazioni sulle modalit\u00e0 di revoca del consenso prestato o sulla procedura<br\/>per disabilitare i cookie e per porre qualsiasi domanda sulla Politica sui cookie, \u00e8 possibile<br\/>contattare il titolare tramite il seguente indirizzo e-mail<br\/>ADMINISTRACION@FERTILIZANTESECOFORCE.ES indicando &#8220;Cookie Policy&#8221; sul sito<br\/>problema.<\/p>\n\n<p><strong>Tipi di cookie utilizzati sul Web<\/strong><br\/>Gli utenti che navigano sul sito possono incontrare cookie inseriti direttamente dal titolare, oppure cookie inseriti da soggetti diversi dal titolare, come dettagliato nelle sezioni seguenti:<br\/>(indicare i tipi di cookie utilizzati)<\/p>\n\n<p>* <strong> Cookie di sessione<\/strong>, che scadono quando l&#8217;utente abbandona la pagina o chiude il browser, ossia sono attivi per la durata della visita al sito web e vengono quindi cancellati dal nostro computer quando l&#8217;utente lo lascia.<\/p>\n\n<p>* <strong> Cookie permanenti<\/strong>, scadono quando viene raggiunto lo scopo per cui sono utilizzati o quando vengono cancellati manualmente, hanno una data di cancellazione e sono normalmente utilizzati nel processo di acquisto online, di personalizzazione o di registrazione, in modo da non dover inserire continuamente una password.<br\/>A seconda dell&#8217;entit\u00e0 che gestisce l&#8217;apparecchiatura o il dominio da cui vengono inviati i cookie ed elabora i dati ottenuti, possiamo distinguere tra cookie di prima parte e cookie di terza parte.<\/p>\n\n<p>* I <strong> cookie propri<\/strong> sono quelli inviati al computer dell&#8217;utente e gestiti esclusivamente da noi per il miglior funzionamento del sito web. Le informazioni raccolte vengono utilizzate per migliorare la qualit\u00e0 del servizio e l&#8217;esperienza dell&#8217;utente.<\/p>\n\n<p>* Quando l&#8217;utente interagisce con i contenuti del nostro sito web, \u00e8 possibile che vengano impostati anche cookie di <strong> terze<\/strong> parti (ad esempio, quando si fa clic sui pulsanti dei social network o si visualizzano video ospitati su un altro sito web), ovvero quelli impostati da un dominio diverso dal nostro sito web. Non possiamo accedere ai dati memorizzati nei cookie di altri siti web quando l&#8217;utente naviga su tali siti.<\/p>\n","protected":false},"excerpt":{"rendered":"<p>Concetto di cookieI cookie sono uno strumento utilizzato dai server Web per memorizzare e recuperare informazioni sui propri visitatori o utenti.Non \u00e8 altro che un file di testo che alcuni server installano durante la navigazione e che permette loro di conoscere informazioni quali: il luogo da cui si accede, l&#8217;orario di connessione, il dispositivo da [&hellip;]<\/p>\n","protected":false},"author":1,"featured_media":0,"parent":0,"menu_order":0,"comment_status":"closed","ping_status":"closed","template":"","meta":{"_acf_changed":false,"footnotes":""},"class_list":["post-17518","page","type-page","status-publish","hentry"],"acf":[],"_links":{"self":[{"href":"https:\/\/cultivers.es\/it\/wp-json\/wp\/v2\/pages\/17518","targetHints":{"allow":["GET"]}}],"collection":[{"href":"https:\/\/cultivers.es\/it\/wp-json\/wp\/v2\/pages"}],"about":[{"href":"https:\/\/cultivers.es\/it\/wp-json\/wp\/v2\/types\/page"}],"author":[{"embeddable":true,"href":"https:\/\/cultivers.es\/it\/wp-json\/wp\/v2\/users\/1"}],"replies":[{"embeddable":true,"href":"https:\/\/cultivers.es\/it\/wp-json\/wp\/v2\/comments?post=17518"}],"version-history":[{"count":0,"href":"https:\/\/cultivers.es\/it\/wp-json\/wp\/v2\/pages\/17518\/revisions"}],"wp:attachment":[{"href":"https:\/\/cultivers.es\/it\/wp-json\/wp\/v2\/media?parent=17518"}],"curies":[{"name":"wp","href":"https:\/\/api.w.org\/{rel}","templated":true}]}}