{"id":17347,"date":"2021-10-22T12:12:43","date_gmt":"2021-10-22T12:12:43","guid":{"rendered":"https:\/\/cultivers.es\/abonos\/concime-ecologico-per-prati\/"},"modified":"2025-09-22T05:08:21","modified_gmt":"2025-09-22T05:08:21","slug":"concime-ecologico-posa-prato","status":"publish","type":"product","link":"https:\/\/cultivers.es\/it\/fertilizzanti\/concime-ecologico-posa-prato\/","title":{"rendered":"Concime ecologico per prati"},"content":{"rendered":"<div class=\"detailmodule_html\" data-key=\"2\" data-slate-fragment=\"JTdCJTIyb2JqZWN0JTIyJTNBJTIyZG9jdW1lbnQlMjIlMkMlMjJkYXRhJTIyJTNBJTdCJTdEJTJDJTIybm9kZXMlMjIlM0ElNUIlN0IlMjJvYmplY3QlMjIlM0ElMjJibG9jayUyMiUyQyUyMnR5cGUlMjIlM0ElMjJkaXYlMjIlMkMlMjJpc1ZvaWQlMjIlM0FmYWxzZSUyQyUyMmRhdGElMjIlM0ElN0IlMjJjbGFzc05hbWUlMjIlM0ElMjJkZXRhaWxtb2R1bGVfaHRtbCUyMiU3RCUyQyUyMm5vZGVzJTIyJTNBJTVCJTdCJTIyb2JqZWN0JTIyJTNBJTIyYmxvY2slMjIlMkMlMjJ0eXBlJTIyJTNBJTIyZGl2JTIyJTJDJTIyaXNWb2lkJTIyJTNBZmFsc2UlMkMlMjJkYXRhJTIyJTNBJTdCJTIyY2xhc3NOYW1lJTIyJTNBJTIyZGV0YWlsLWRlc2MtZGVjb3JhdGUtcmljaHRleHQlMjIlN0QlMkMlMjJub2RlcyUyMiUzQSU1QiU3QiUyMm9iamVjdCUyMiUzQSUyMnRleHQlMjIlMkMlMjJsZWF2ZXMlMjIlM0ElNUIlN0IlMjJvYmplY3QlMjIlM0ElMjJsZWFmJTIyJTJDJTIydGV4dCUyMiUzQSUyMkZlcnRpbGl6YW50ZSUyMG9yZyVDMyVBMW5pY28lMjB2ZWdldGFsJTIwY29uJTIwYWx0byUyMGNvbnRlbmlkbyUyMGVuJTIwbml0ciVDMyVCM2dlbm8lMjBxdWUlMjBsbyUyMGhhY2UlMjBpZGVhbCUyMHBhcmElMjBlbCUyMGNyZWNpbWllbnRvJTIwZGVsJTIwYyVDMyVBOXNwZWQuJTIyJTJDJTIybWFya3MlMjIlM0ElNUIlNUQlN0QlNUQlN0QlNUQlN0QlMkMlN0IlMjJvYmplY3QlMjIlM0ElMjJibG9jayUyMiUyQyUyMnR5cGUlMjIlM0ElMjJkaXYlMjIlMkMlMjJpc1ZvaWQlMjIlM0FmYWxzZSUyQyUyMmRhdGElMjIlM0ElN0IlMjJjbGFzc05hbWUlMjIlM0ElMjJkZXRhaWwtZGVzYy1kZWNvcmF0ZS1yaWNodGV4dCUyMiU3RCUyQyUyMm5vZGVzJTIyJTNBJTVCJTdCJTIyb2JqZWN0JTIyJTNBJTIydGV4dCUyMiUyQyUyMmxlYXZlcyUyMiUzQSU1QiU3QiUyMm9iamVjdCUyMiUzQSUyMmxlYWYlMjIlMkMlMjJ0ZXh0JTIyJTNBJTIyTG9zJTIwYmVuZWZpY2lvcyUyMGRlbCUyMGFwb3J0ZSUyMGRlJTIwbml0ciVDMyVCM2dlbm8lMjBlbiUyMGVsJTIwY3JlY2ltaWVudG8lMjBkZWwlMjBjJUMzJUE5c3BlZCUyMHNvbiUyMGxvcyUyMHNpZ3VpZW50ZXMlM0ElMjIlMkMlMjJtYXJrcyUyMiUzQSU1QiU1RCU3RCU1RCU3RCU1RCU3RCUyQyU3QiUyMm9iamVjdCUyMiUzQSUyMmJsb2NrJTIyJTJDJTIydHlwZSUyMiUzQSUyMmRpdiUyMiUyQyUyMmlzVm9pZCUyMiUzQWZhbHNlJTJDJTIyZGF0YSUyMiUzQSU3QiUyMmNsYXNzTmFtZSUyMiUzQSUyMmRldGFpbC1kZXNjLWRlY29yYXRlLXJpY2h0ZXh0JTIyJTdEJTJDJTIybm9kZXMlMjIlM0ElNUIlN0IlMjJvYmplY3QlMjIlM0ElMjJ0ZXh0JTIyJTJDJTIybGVhdmVzJTIyJTNBJTVCJTdCJTIyb2JqZWN0JTIyJTNBJTIybGVhZiUyMiUyQyUyMnRleHQlMjIlM0ElMjIlMjIlMkMlMjJtYXJrcyUyMiUzQSU1QiU1RCU3RCU1RCU3RCU1RCU3RCUyQyU3QiUyMm9iamVjdCUyMiUzQSUyMmJsb2NrJTIyJTJDJTIydHlwZSUyMiUzQSUyMmRpdiUyMiUyQyUyMmlzVm9pZCUyMiUzQWZhbHNlJTJDJTIyZGF0YSUyMiUzQSU3QiUyMmNsYXNzTmFtZSUyMiUzQSUyMmRldGFpbC1kZXNjLWRlY29yYXRlLXJpY2h0ZXh0JTIyJTdEJTJDJTIybm9kZXMlMjIlM0ElNUIlN0IlMjJvYmplY3QlMjIlM0ElMjJ0ZXh0JTIyJTJDJTIybGVhdmVzJTIyJTNBJTVCJTdCJTIyb2JqZWN0JTIyJTNBJTIybGVhZiUyMiUyQyUyMnRleHQlMjIlM0ElMjJGb3JtYSUyMHByb3RlJUMzJUFEbmFzJTIwcXVlJTIwZmF2b3JlY2VuJTIwZWwlMjBjcmVjaW1pZW50byUyMGRlJTIwbGElMjBwbGFudGElMjBhdW1lbnRhbmRvJTIwbGElMjBwYXJ0ZSUyMGFlcmVhJTIwZGUlMjBsYSUyMG1pc21hLiUyMiUyQyUyMm1hcmtzJTIyJTNBJTVCJTVEJTdEJTVEJTdEJTVEJTdEJTJDJTdCJTIyb2JqZWN0JTIyJTNBJTIyYmxvY2slMjIlMkMlMjJ0eXBlJTIyJTNBJTIyZGl2JTIyJTJDJTIyaXNWb2lkJTIyJTNBZmFsc2UlMkMlMjJkYXRhJTIyJTNBJTdCJTIyY2xhc3NOYW1lJTIyJTNBJTIyZGV0YWlsLWRlc2MtZGVjb3JhdGUtcmljaHRleHQlMjIlN0QlMkMlMjJub2RlcyUyMiUzQSU1QiU3QiUyMm9iamVjdCUyMiUzQSUyMnRleHQlMjIlMkMlMjJsZWF2ZXMlMjIlM0ElNUIlN0IlMjJvYmplY3QlMjIlM0ElMjJsZWFmJTIyJTJDJTIydGV4dCUyMiUzQSUyMlJlc3BvbnNhYmxlJTIwZGUlMjBsYSUyMGZvcm1hY2klQzMlQjNuJTIwZGUlMjBjbG9yb2ZpbGElMkMlMjBsbyUyMHF1ZSUyMHNlJTIwdHJhZHVjZSUyMHVuJTIwY3JlY2ltaWVudG8lMjBkZSUyMGxhJTIwZm90b3MlQzMlQURudGVzaXMlMjBxdWUlMjBoYWNlJTIwcXVlJTIwZWwlMjBjJUMzJUE5c3BlZCUyMGRlJTIwY29sb3IlMjB2ZXJkZSUyMG0lQzMlQTFzJTIwaW50ZW5zby4lMjIlMkMlMjJtYXJrcyUyMiUzQSU1QiU1RCU3RCU1RCU3RCU1RCU3RCUyQyU3QiUyMm9iamVjdCUyMiUzQSUyMmJsb2NrJTIyJTJDJTIydHlwZSUyMiUzQSUyMmRpdiUyMiUyQyUyMmlzVm9pZCUyMiUzQWZhbHNlJTJDJTIyZGF0YSUyMiUzQSU3QiUyMmNsYXNzTmFtZSUyMiUzQSUyMmRldGFpbC1kZXNjLWRlY29yYXRlLXJpY2h0ZXh0JTIyJTdEJTJDJTIybm9kZXMlMjIlM0ElNUIlN0IlMjJvYmplY3QlMjIlM0ElMjJ0ZXh0JTIyJTJDJTIybGVhdmVzJTIyJTNBJTVCJTdCJTIyb2JqZWN0JTIyJTNBJTIybGVhZiUyMiUyQyUyMnRleHQlMjIlM0ElMjIlMjIlMkMlMjJtYXJrcyUyMiUzQSU1QiU1RCU3RCU1RCU3RCU1RCU3RCUyQyU3QiUyMm9iamVjdCUyMiUzQSUyMmJsb2NrJTIyJTJDJTIydHlwZSUyMiUzQSUyMmRpdiUyMiUyQyUyMmlzVm9pZCUyMiUzQWZhbHNlJTJDJTIyZGF0YSUyMiUzQSU3QiUyMmNsYXNzTmFtZSUyMiUzQSUyMmRldGFpbC1kZXNjLWRlY29yYXRlLXJpY2h0ZXh0JTIyJTdEJTJDJTIybm9kZXMlMjIlM0ElNUIlN0IlMjJvYmplY3QlMjIlM0ElMjJ0ZXh0JTIyJTJDJTIybGVhdmVzJTIyJTNBJTVCJTdCJTIyb2JqZWN0JTIyJTNBJTIybGVhZiUyMiUyQyUyMnRleHQlMjIlM0ElMjIlMjIlMkMlMjJtYXJrcyUyMiUzQSU1QiU1RCU3RCU1RCU3RCU1RCU3RCUyQyU3QiUyMm9iamVjdCUyMiUzQSUyMmJsb2NrJTIyJTJDJTIydHlwZSUyMiUzQSUyMmRpdiUyMiUyQyUyMmlzVm9pZCUyMiUzQWZhbHNlJTJDJTIyZGF0YSUyMiUzQSU3QiUyMmNsYXNzTmFtZSUyMiUzQSUyMmRldGFpbC1kZXNjLWRlY29yYXRlLXJpY2h0ZXh0JTIyJTdEJTJDJTIybm9kZXMlMjIlM0ElNUIlN0IlMjJvYmplY3QlMjIlM0ElMjJ0ZXh0JTIyJTJDJTIybGVhdmVzJTIyJTNBJTVCJTdCJTIyb2JqZWN0JTIyJTNBJTIybGVhZiUyMiUyQyUyMnRleHQlMjIlM0ElMjJBYm9ubyUyMGVuJTIwZm9ybWElMjBkZSUyMG1pY3JvZ3IlQzMlQTFudWxvcyUyMGRlJTIwbGliZXJhY2klQzMlQjNuJTIwbGVudGElMjB5JTIwY29udHJvbGFkYS4lMjBDJUMzJUE5c3BlZCUyMG0lQzMlQTFzJTIwdmVyZGUlMkMlMjBmdWVydGUlMjB5JTIwZGVuc28uJTIwTm8lMjBwcm9kdWNlJTIwcXVlbWFkdXJhcy4lMjBQcm9kdWN0byUyMDEwMCUyNSUyMG5hdHVyYWwlMjBlJTIwaW5vZmVuc2l2byUyMHBhcmElMjBhbmltYWxlcyUyMHklMjBwbGFudGFzLiUyMEFib25vJTIwZGUlMjBlc3BlY2lhbCUyMGZvcm11bGFjaSVDMyVCM24lMjBwYXJhJTIwYyVDMyVBOXNwZWQlMjB5JTIwcHJhZGVyYXMlMjBjb24lMjBucGslMjAlMkIlMjA3NCUyMCUyNSUyMG1hdGVyaWElMjBvcmclQzMlQTFuaWNhJTIweSUyMCVDMyVBMWNpZG9zJTIwaCVDMyVCQW1pY29zLiUyMEVzdGltdWxhJTIwZWwlMjBjcmVjaW1pZW50byUyMHJhZGljdWxhciUyMHklMjBldml0YSUyMHByb2JsZW1hcyUyMGRlJTIwY2FyZW5jaWFzLiUyMEFib25vJTIwZGUlMjBmJUMzJUExY2lsJTIwYWJzb3JjaSVDMyVCM24lMjB5JTIwbWVqb3JhZG8lMjBkZSUyMGxhJTIwZXN0cnVjdHVyYSUyMGRlJTIwbGElMjB0aWVycmEuJTIwQXl1ZGElMjBsYSUyMHJldGVuY2klQzMlQjNuJTIwZGUlMjBsJUMzJUFEcXVpZG9zJTIweSUyMHByb2R1Y2UlMjBhaG9ycm8lMjBkZSUyMGFndWEuJTIwQWJvbm8lMjAtJTIwZmVydGlsaXphbnRlJTIwZWNvbCVDMyVCM2dpY28lMjBlc3BlY2lhbCUyMGMlQzMlQTlzcGVkLiUyME9yaWdlbiUyMDEwMCUyNSUyMG9yZyVDMyVBMW5pY28lMjB5JTIwdmVnYW5vJTIwZ3JhbnVsYWRvJTIwZGUlMjBsaWJlcmFjaSVDMyVCM24lMjBsZW50YSUyMHklMjBjb250cm9sYWRhJTIyJTJDJTIybWFya3MlMjIlM0ElNUIlNUQlN0QlNUQlN0QlNUQlN0QlNUQlN0QlMkMlN0IlMjJvYmplY3QlMjIlM0ElMjJibG9jayUyMiUyQyUyMnR5cGUlMjIlM0ElMjJwYXJhZ3JhcGglMjIlMkMlMjJpc1ZvaWQlMjIlM0FmYWxzZSUyQyUyMmRhdGElMjIlM0ElN0IlN0QlMkMlMjJub2RlcyUyMiUzQSU1QiU3QiUyMm9iamVjdCUyMiUzQSUyMnRleHQlMjIlMkMlMjJsZWF2ZXMlMjIlM0ElNUIlN0IlMjJvYmplY3QlMjIlM0ElMjJsZWFmJTIyJTJDJTIydGV4dCUyMiUzQSUyMiUyMiUyQyUyMm1hcmtzJTIyJTNBJTVCJTVEJTdEJTVEJTdEJTVEJTdEJTVEJTdE\">\n<div class=\"detail-desc-decorate-richtext\" data-key=\"3\"><span class=\"slate-node-text\" data-key=\"4\"><span data-offset-key=\"4:0\" data-spm-anchor-id=\"5261.product_publish.0.i7.55ce4edfsfdT7A\">Concime organico vegetale con un elevato contenuto di azoto che lo rende ideale per la crescita dell&#8217;erba.<\/span><\/span><\/div>\n<div class=\"detail-desc-decorate-richtext\" data-key=\"5\"><span class=\"slate-node-text\" data-key=\"6\"><span data-offset-key=\"6:0\" data-spm-anchor-id=\"5261.product_publish.0.i6.55ce4edfsfdT7A\">I benefici dell&#8217;apporto di azoto sulla crescita del tappeto erboso sono i seguenti:<\/span><\/span><\/div>\n<div class=\"detail-desc-decorate-richtext\" data-key=\"7\"><\/div>\n<div class=\"detail-desc-decorate-richtext\" data-key=\"8\"><span class=\"slate-node-text\" data-key=\"9\"><span data-offset-key=\"9:0\" data-spm-anchor-id=\"5261.product_publish.0.i4.55ce4edfsfdT7A\">Forma proteine che promuovono la crescita delle piante aumentandone la parte aerea.<\/span><\/span><\/div>\n<div class=\"detail-desc-decorate-richtext\" data-key=\"10\"><span class=\"slate-node-text\" data-key=\"11\"><span data-offset-key=\"11:0\" data-spm-anchor-id=\"5261.product_publish.0.i3.55ce4edfsfdT7A\">Responsabile della formazione della clorofilla, che determina una crescita della fotosintesi che rende l&#8217;erba pi\u00f9 verde.<\/span><\/span><\/div>\n<div class=\"detail-desc-decorate-richtext\" data-key=\"13\"><\/div>\n<div class=\"detail-desc-decorate-richtext\" data-key=\"14\"><span class=\"slate-node-text\" data-key=\"15\"><span data-offset-key=\"15:0\" data-spm-anchor-id=\"5261.product_publish.0.i5.55ce4edfsfdT7A\">Fertilizzante sotto forma di microgranuli a rilascio lento e controllato. Erba pi\u00f9 verde, pi\u00f9 forte e pi\u00f9 densa. Non provoca ustioni. Prodotto 100% naturale, innocuo per animali e piante. Concime appositamente formulato per prati e giardini con npk + 74% di sostanza organica e acidi umici. Stimola la crescita delle radici e previene i problemi di carenza. Fertilizzante facilmente assorbibile e migliore struttura del suolo. Aiuta la ritenzione dei liquidi e risparmia acqua. Concime - concime ecologico specialmente per i prati. Granuli a rilascio lento e controllato di origine 100% biologica e vegana<\/span><\/span><\/div>\n<\/div>\n<p>Erba pi\u00f9 verde, pi\u00f9 forte e pi\u00f9 densa. Non provoca ustioni. Prodotto 100% naturale, innocuo per animali e piante. Concime appositamente formulato per prati e giardini con NPK 8-1-5 + 74% di sostanza organica e acidi umici. Stimola la crescita delle radici e previene i problemi di carenza. Fertilizzante facilmente assorbibile e migliore struttura del suolo. Aiuta la ritenzione dei liquidi e risparmia acqua. Concime - concime ecologico specialmente per i prati. Granuli a rilascio lento e controllato di origine 100% biologica e vegana<\/p>\n","protected":false},"excerpt":{"rendered":"<div id=\"featurebullets_feature_div\" class=\"celwidget\" data-feature-name=\"featurebullets\" data-csa-c-id=\"n3z0ly-1qi0gw-fwycpm-8rzsu6\" data-cel-widget=\"featurebullets_feature_div\">\n<div id=\"feature-bullets\" class=\"a-section a-spacing-medium a-spacing-top-small\">\n<ul class=\"a-unordered-list a-vertical a-spacing-mini\">\n<li><span class=\"a-list-item\">Fertilizzante sotto forma di microgranuli a rilascio lento e controllato.<\/span><\/li>\n<li><span class=\"a-list-item\">Erba pi\u00f9 verde, pi\u00f9 forte e pi\u00f9 densa. Non provoca ustioni.<\/span><\/li>\n<li><span class=\"a-list-item\">100% naturale e innocuo per animali e piante.<\/span><\/li>\n<li><span class=\"a-list-item\">Concime appositamente formulato per prati e giardini con NPK + 74% di sostanza organica e acidi umici.<\/span><\/li>\n<li><span class=\"a-list-item\">Stimola la crescita delle radici e previene i problemi di carenza. Fertilizzante facilmente assorbibile e migliore struttura del suolo. Aiuta la ritenzione dei liquidi e risparmia acqua.<\/span><\/li>\n<\/ul>\n<\/div>\n<\/div>\n","protected":false},"featured_media":54045,"comment_status":"open","ping_status":"closed","template":"","meta":{"_acf_changed":false},"product_brand":[],"product_cat":[344,342,346],"product_tag":[1413],"class_list":{"0":"post-17347","1":"product","2":"type-product","3":"status-publish","4":"has-post-thumbnail","6":"product_cat-fertilizzanti","7":"product_cat-fertilizzanti-solidi","8":"product_cat-prato","9":"product_tag-caae-it","11":"first","12":"instock","13":"taxable","14":"shipping-taxable","15":"purchasable","16":"product-type-variable"},"acf":[],"_links":{"self":[{"href":"https:\/\/cultivers.es\/it\/wp-json\/wp\/v2\/product\/17347","targetHints":{"allow":["GET"]}}],"collection":[{"href":"https:\/\/cultivers.es\/it\/wp-json\/wp\/v2\/product"}],"about":[{"href":"https:\/\/cultivers.es\/it\/wp-json\/wp\/v2\/types\/product"}],"replies":[{"embeddable":true,"href":"https:\/\/cultivers.es\/it\/wp-json\/wp\/v2\/comments?post=17347"}],"wp:featuredmedia":[{"embeddable":true,"href":"https:\/\/cultivers.es\/it\/wp-json\/wp\/v2\/media\/54045"}],"wp:attachment":[{"href":"https:\/\/cultivers.es\/it\/wp-json\/wp\/v2\/media?parent=17347"}],"wp:term":[{"taxonomy":"product_brand","embeddable":true,"href":"https:\/\/cultivers.es\/it\/wp-json\/wp\/v2\/product_brand?post=17347"},{"taxonomy":"product_cat","embeddable":true,"href":"https:\/\/cultivers.es\/it\/wp-json\/wp\/v2\/product_cat?post=17347"},{"taxonomy":"product_tag","embeddable":true,"href":"https:\/\/cultivers.es\/it\/wp-json\/wp\/v2\/product_tag?post=17347"}],"curies":[{"name":"wp","href":"https:\/\/api.w.org\/{rel}","templated":true}]}}