{"id":17348,"date":"2021-10-22T12:12:43","date_gmt":"2021-10-22T12:12:43","guid":{"rendered":"https:\/\/cultivers.es\/abonos\/concime-organico-per-frutta\/"},"modified":"2025-09-22T05:28:50","modified_gmt":"2025-09-22T05:28:50","slug":"fertilizzanti-alberi-da-frutto-ecologici","status":"publish","type":"product","link":"https:\/\/cultivers.es\/it\/fertilizzanti\/fertilizzanti-alberi-da-frutto-ecologici\/","title":{"rendered":"Concime organico per frutta"},"content":{"rendered":"<p data-key=\"10\" data-slate-type=\"p\" data-style=\"{}\"><span class=\"slate-node-text\" data-key=\"9\"><span data-offset-key=\"9:0\" data-spm-anchor-id=\"5261.product_publish.0.i13.3ffe4edf8PUP1x\">Concime organico per ortaggi ricco di azoto, potassio e materia organica che favorisce l&#8217;apporto di sostanze nutritive a tutti i tipi di piante, in particolare agli alberi da frutto.<\/span><\/span><\/p>\n<p data-key=\"14\" data-slate-type=\"p\" data-style=\"{}\" data-spm-anchor-id=\"5261.product_publish.0.i10.3ffe4edf8PUP1x\"><span class=\"slate-node-text\" data-key=\"13\"><span data-offset-key=\"13:0\" data-spm-anchor-id=\"5261.product_publish.0.i9.3ffe4edf8PUP1x\">L&#8217;apporto di sostanza organica e di azoto agli alberi da frutto prima del germogliamento \u00e8 essenziale affinch\u00e9 la pianta disponga di sostanze nutritive per la produzione di frutti di qualit\u00e0.<\/span><\/span><\/p>\n<p data-key=\"18\" data-slate-type=\"p\" data-style=\"{}\" data-spm-anchor-id=\"5261.product_publish.0.i14.3ffe4edf8PUP1x\" data-slate-fragment=\"JTdCJTIyb2JqZWN0JTIyJTNBJTIyZG9jdW1lbnQlMjIlMkMlMjJkYXRhJTIyJTNBJTdCJTdEJTJDJTIybm9kZXMlMjIlM0ElNUIlN0IlMjJvYmplY3QlMjIlM0ElMjJibG9jayUyMiUyQyUyMnR5cGUlMjIlM0ElMjJwYXJhZ3JhcGglMjIlMkMlMjJpc1ZvaWQlMjIlM0FmYWxzZSUyQyUyMmRhdGElMjIlM0ElN0IlN0QlMkMlMjJub2RlcyUyMiUzQSU1QiU3QiUyMm9iamVjdCUyMiUzQSUyMnRleHQlMjIlMkMlMjJsZWF2ZXMlMjIlM0ElNUIlN0IlMjJvYmplY3QlMjIlM0ElMjJsZWFmJTIyJTJDJTIydGV4dCUyMiUzQSUyMkZlcnRpbGl6YW50ZSUyMG9yZyVDMyVBMW5pY28lMjB2ZWdldGFsJTIwcmljbyUyMGVuJTIwTml0ciVDMyVCM2dlbm8lMkMlMjBQb3Rhc2lvJTIweSUyMG1hdGVyaWElMjBvcmclQzMlQTFuaWNhJTIwcXVlJTIwZmF2b3JlY2UlMjBlbCUyMHN1bWluaXN0cm8lMjBkZSUyMG51dHJpZW50ZXMlMjBhJTIwdG9kYSUyMGNsYXNlJTIwZGUlMjBwbGFudGFzJTIweSUyMGVuJTIwZXNwZWNpYWwlMjBhJTIwbG9zJTIwZnJ1dGFsZXMuJTIyJTJDJTIybWFya3MlMjIlM0ElNUIlNUQlN0QlNUQlN0QlNUQlN0QlMkMlN0IlMjJvYmplY3QlMjIlM0ElMjJibG9jayUyMiUyQyUyMnR5cGUlMjIlM0ElMjJwYXJhZ3JhcGglMjIlMkMlMjJpc1ZvaWQlMjIlM0FmYWxzZSUyQyUyMmRhdGElMjIlM0ElN0IlN0QlMkMlMjJub2RlcyUyMiUzQSU1QiU3QiUyMm9iamVjdCUyMiUzQSUyMnRleHQlMjIlMkMlMjJsZWF2ZXMlMjIlM0ElNUIlN0IlMjJvYmplY3QlMjIlM0ElMjJsZWFmJTIyJTJDJTIydGV4dCUyMiUzQSUyMiUyMiUyQyUyMm1hcmtzJTIyJTNBJTVCJTVEJTdEJTVEJTdEJTVEJTdEJTJDJTdCJTIyb2JqZWN0JTIyJTNBJTIyYmxvY2slMjIlMkMlMjJ0eXBlJTIyJTNBJTIycGFyYWdyYXBoJTIyJTJDJTIyaXNWb2lkJTIyJTNBZmFsc2UlMkMlMjJkYXRhJTIyJTNBJTdCJTdEJTJDJTIybm9kZXMlMjIlM0ElNUIlN0IlMjJvYmplY3QlMjIlM0ElMjJ0ZXh0JTIyJTJDJTIybGVhdmVzJTIyJTNBJTVCJTdCJTIyb2JqZWN0JTIyJTNBJTIybGVhZiUyMiUyQyUyMnRleHQlMjIlM0ElMjJFbCUyMGFwb3J0ZSUyMGRlJTIwTWF0ZXJpYSUyMG9yZyVDMyVBMW5pY2ElMjB5JTIwbml0ciVDMyVCM2dlbm8lMjBhJTIwbG9zJTIwZnJ1dGFsZXMlMjBhbnRlcyUyMGRlJTIwbGElMjBicm90YWNpJUMzJUIzbiUyMGVzJTIwZnVuZGFtZW50YWwlMjBwYXJhJTIwcG9kZXIlMjB0ZW5lciUyMG51dHJpZW50ZXMlMjBkaXNwb25pYmxlcyUyMHBvciUyMGxhJTIwcGxhbnRhJTIwJTYwcGFyYSUyMGxhJTIwcHJvZHVjY2klQzMlQjNuJTIwZGVsJTIwZnJ1dG8lMjBkZSUyMGNhbGlkYWQuJTIyJTJDJTIybWFya3MlMjIlM0ElNUIlNUQlN0QlNUQlN0QlNUQlN0QlMkMlN0IlMjJvYmplY3QlMjIlM0ElMjJibG9jayUyMiUyQyUyMnR5cGUlMjIlM0ElMjJwYXJhZ3JhcGglMjIlMkMlMjJpc1ZvaWQlMjIlM0FmYWxzZSUyQyUyMmRhdGElMjIlM0ElN0IlN0QlMkMlMjJub2RlcyUyMiUzQSU1QiU3QiUyMm9iamVjdCUyMiUzQSUyMnRleHQlMjIlMkMlMjJsZWF2ZXMlMjIlM0ElNUIlN0IlMjJvYmplY3QlMjIlM0ElMjJsZWFmJTIyJTJDJTIydGV4dCUyMiUzQSUyMiUyMiUyQyUyMm1hcmtzJTIyJTNBJTVCJTVEJTdEJTVEJTdEJTVEJTdEJTJDJTdCJTIyb2JqZWN0JTIyJTNBJTIyYmxvY2slMjIlMkMlMjJ0eXBlJTIyJTNBJTIycGFyYWdyYXBoJTIyJTJDJTIyaXNWb2lkJTIyJTNBZmFsc2UlMkMlMjJkYXRhJTIyJTNBJTdCJTdEJTJDJTIybm9kZXMlMjIlM0ElNUIlN0IlMjJvYmplY3QlMjIlM0ElMjJ0ZXh0JTIyJTJDJTIybGVhdmVzJTIyJTNBJTVCJTdCJTIyb2JqZWN0JTIyJTNBJTIybGVhZiUyMiUyQyUyMnRleHQlMjIlM0ElMjJMYSUyMGFwbGljYWNpJUMzJUIzbiUyMGRlJTIwYWJvbm8lMjBlbiUyMHBvc3QtY29zZWNoYSUyMGVzJTIwbmVjZXNhcmlhJTIwcGFyYSUyMGxhJTIwcmVjdXBlcmFjaSVDMyVCM24lMjBkZSUyMGxhJTIwcGxhbnRhJTIwZGVzcHUlQzMlQTlzJTIwZGUlMjBoYWJlciUyMHJlYWxpemFkbyUyMGVsJTIwdHJhYmFqbyUyMGRlJTIwc2FjYXIlMjBsYSUyMGNvc2VjaGElMjBhZGVsYW50ZSUyQyUyMGVzJTIwaW1wcmVzY2luZGlibGUlMjBsYSUyMGFwbGljYWNpJUMzJUIzbiUyMGRlJTIwcG9zdC1jb3NlY2hhJTIwcGFyYSUyMGluY3JlbWVudGFyJTIwbGFzJTIwcmVzZXJ2YXMlMjBlbiUyMGxhJTIwcGxhbnRhJTIwZGUlMjBjYXJhJTIwbGElMjBzaWd1aWVudGUlMjBjYW1wYSVDMyVCMWEuJTIyJTJDJTIybWFya3MlMjIlM0ElNUIlNUQlN0QlNUQlN0QlNUQlN0QlNUQlN0Q=\"><span class=\"slate-node-text\" data-key=\"17\"><span data-offset-key=\"17:0\" data-spm-anchor-id=\"5261.product_publish.0.i8.3ffe4edf8PUP1x\">L&#8217;applicazione di fertilizzanti in post-raccolta \u00e8 necessaria per il recupero della pianta dopo aver effettuato il lavoro di raccolta, \u00e8 essenziale applicare fertilizzanti post-raccolta per aumentare le riserve della pianta per la stagione successiva.<\/span><\/span><\/p>\n<p>Il concime organico per frutta aumenta le dimensioni dei frutti e la resa delle colture&#8230; Aumenta il grado brix dei frutti e riduce l&#8217;aborto dei fiori&#8230; Concime granulare sotto forma di microsfere a rilascio lento e controllato. Alta assimilazione con NPK 8-1-5 + 74% di materia organica e acidi umici&#8230; Prodotto 100% naturale e innocuo per gli animali, rispettoso dell&#8217;ambiente&#8230;<\/p>\n","protected":false},"excerpt":{"rendered":"<ul class=\"a-unordered-list a-vertical a-spacing-mini\">\n<li><span class=\"a-list-item\">Aumento delle dimensioni dei frutti e della resa del raccolto.<\/span><\/li>\n<li><span class=\"a-list-item\">Aumento dei gradi brix nei frutti e minore aborto dei fiori.<\/span><\/li>\n<li><span class=\"a-list-item\">Concime granulare sotto forma di microsfere a rilascio lento e controllato.<\/span><\/li>\n<li><span class=\"a-list-item\">Alta assimilazione con NPK 74% di sostanza organica e acidi umici.<\/span><\/li>\n<li><span class=\"a-list-item\">Prodotto 100% naturale e innocuo per gli animali, rispettoso dell&#8217;ambiente.<\/span><\/li>\n<\/ul>\n","protected":false},"featured_media":12245,"comment_status":"open","ping_status":"closed","template":"","meta":{"_acf_changed":false},"product_brand":[],"product_cat":[344,342],"product_tag":[1413],"class_list":{"0":"post-17348","1":"product","2":"type-product","3":"status-publish","4":"has-post-thumbnail","6":"product_cat-fertilizzanti","7":"product_cat-fertilizzanti-solidi","8":"product_tag-caae-it","10":"first","11":"instock","12":"taxable","13":"shipping-taxable","14":"purchasable","15":"product-type-variable"},"acf":[],"_links":{"self":[{"href":"https:\/\/cultivers.es\/it\/wp-json\/wp\/v2\/product\/17348","targetHints":{"allow":["GET"]}}],"collection":[{"href":"https:\/\/cultivers.es\/it\/wp-json\/wp\/v2\/product"}],"about":[{"href":"https:\/\/cultivers.es\/it\/wp-json\/wp\/v2\/types\/product"}],"replies":[{"embeddable":true,"href":"https:\/\/cultivers.es\/it\/wp-json\/wp\/v2\/comments?post=17348"}],"wp:featuredmedia":[{"embeddable":true,"href":"https:\/\/cultivers.es\/it\/wp-json\/wp\/v2\/media\/12245"}],"wp:attachment":[{"href":"https:\/\/cultivers.es\/it\/wp-json\/wp\/v2\/media?parent=17348"}],"wp:term":[{"taxonomy":"product_brand","embeddable":true,"href":"https:\/\/cultivers.es\/it\/wp-json\/wp\/v2\/product_brand?post=17348"},{"taxonomy":"product_cat","embeddable":true,"href":"https:\/\/cultivers.es\/it\/wp-json\/wp\/v2\/product_cat?post=17348"},{"taxonomy":"product_tag","embeddable":true,"href":"https:\/\/cultivers.es\/it\/wp-json\/wp\/v2\/product_tag?post=17348"}],"curies":[{"name":"wp","href":"https:\/\/api.w.org\/{rel}","templated":true}]}}