{"id":17573,"date":"2021-10-22T12:12:47","date_gmt":"2021-10-22T12:12:47","guid":{"rendered":"https:\/\/cultivers.es\/abonos\/forza-del-suolo\/"},"modified":"2025-09-22T04:57:18","modified_gmt":"2025-09-22T04:57:18","slug":"forza-suolo","status":"publish","type":"product","link":"https:\/\/cultivers.es\/it\/fertilizzanti\/forza-suolo\/","title":{"rendered":"Forza del suolo"},"content":{"rendered":"<div class=\"page\" title=\"Pagina 1\">\n<div class=\"section\">\n<div class=\"layoutArea\">\n<div class=\"column\">\n<p>Le piante sintetizzano gli aminoacidi dall&#8217;azoto assorbito sotto forma di nitrato o ammonio. Oltre alla loro funzione strutturale, gli amminoacidi sono indispensabili nei processi biochimici della pianta e fanno parte della composizione di enzimi, ormoni e vari composti coinvolti nella difesa e nell&#8217;immunit\u00e0.<\/p>\n<p>FORCE-SOIL \u00e8 una formulazione liquida di origine naturale con un&#8217;alta concentrazione di aminoacidi organici ottenuti per idrolisi enzimatica, integrati con materia organica.<br \/>\nHa una concentrazione del 42% di materia organica di origine vegetale, con una concentrazione di glicina\/betaina del 10%, che migliora le propriet\u00e0 osmoregolatrici della pianta oltre a ridurre gli episodi di stress causati da agenti esterni (biotici e abiotici). Promuove raccolti abbondanti migliorando la capacit\u00e0 di trattenere acqua e nutrienti.<\/p>\n<p>Pu\u00f2 essere applicato durante l&#8217;intero ciclo vegetativo della coltura per migliorare le propriet\u00e0 fisico-chimiche del terreno, ottimizzare la capacit\u00e0 di scambio cationico e promuovere un migliore sviluppo delle radici.<\/p>\n<p>La sua applicazione costante migliora la fertilit\u00e0 del suolo, riducendo al contempo la presenza di elementi bloccanti. Questo facilita la loro assimilazione da parte della pianta ed evita possibili antagonismi.<\/p>\n<\/div>\n<\/div>\n<\/div>\n<\/div>\n","protected":false},"excerpt":{"rendered":"<ul class=\"a-unordered-list a-vertical a-spacing-mini\">\n<li><span class=\"a-list-item\">Sostanza organica di origine vegetale altamente concentrata al 50% per migliorare le propriet\u00e0 del suolo.<\/span><\/li>\n<li><span class=\"a-list-item\">FORCE-SOIL promuove l&#8217;attivit\u00e0 microbica nel terreno, facilitando la disponibilit\u00e0 dei nutrienti.<\/span><\/li>\n<li><span class=\"a-list-item\">aumenta la fertilit\u00e0 del suolo, migliora le condizioni del terreno, migliora le interazioni suolo-pianta<\/span><\/li>\n<li><span class=\"a-list-item\">FORCE SOIL pu\u00f2 essere applicato durante tutta la stagione di crescita per migliorare le propriet\u00e0 fisico-chimiche del terreno,<\/span><\/li>\n<li><span class=\"a-list-item\">Grazie alla sua formulazione bilanciata e al suo carattere leggermente acido, \u00e8 ideale per l&#8217;uso in terreni alcalini.<\/span><\/li>\n<\/ul>\n","protected":false},"featured_media":12223,"comment_status":"open","ping_status":"closed","template":"","meta":{"_acf_changed":false},"product_brand":[],"product_cat":[404],"product_tag":[],"woo-feed-brand":[],"class_list":{"0":"post-17573","1":"product","2":"type-product","3":"status-publish","4":"has-post-thumbnail","6":"product_cat-rigeneratori-del-suolo","8":"first","9":"instock","10":"taxable","11":"shipping-taxable","12":"purchasable","13":"product-type-variable"},"acf":[],"_links":{"self":[{"href":"https:\/\/cultivers.es\/it\/wp-json\/wp\/v2\/product\/17573","targetHints":{"allow":["GET"]}}],"collection":[{"href":"https:\/\/cultivers.es\/it\/wp-json\/wp\/v2\/product"}],"about":[{"href":"https:\/\/cultivers.es\/it\/wp-json\/wp\/v2\/types\/product"}],"replies":[{"embeddable":true,"href":"https:\/\/cultivers.es\/it\/wp-json\/wp\/v2\/comments?post=17573"}],"wp:featuredmedia":[{"embeddable":true,"href":"https:\/\/cultivers.es\/it\/wp-json\/wp\/v2\/media\/12223"}],"wp:attachment":[{"href":"https:\/\/cultivers.es\/it\/wp-json\/wp\/v2\/media?parent=17573"}],"wp:term":[{"taxonomy":"product_brand","embeddable":true,"href":"https:\/\/cultivers.es\/it\/wp-json\/wp\/v2\/product_brand?post=17573"},{"taxonomy":"product_cat","embeddable":true,"href":"https:\/\/cultivers.es\/it\/wp-json\/wp\/v2\/product_cat?post=17573"},{"taxonomy":"product_tag","embeddable":true,"href":"https:\/\/cultivers.es\/it\/wp-json\/wp\/v2\/product_tag?post=17573"},{"taxonomy":"woo-feed-brand","embeddable":true,"href":"https:\/\/cultivers.es\/it\/wp-json\/wp\/v2\/woo-feed-brand?post=17573"}],"curies":[{"name":"wp","href":"https:\/\/api.w.org\/{rel}","templated":true}]}}