{"id":17651,"date":"2023-09-06T11:05:16","date_gmt":"2023-09-06T11:05:16","guid":{"rendered":"https:\/\/cultivers.es\/abonos\/cavolo-nero-di-toscana-semi-di-cavolo-biologico\/"},"modified":"2025-11-10T14:01:47","modified_gmt":"2025-11-10T14:01:47","slug":"semi-da-col-calcio-nero-di-toscana-ecologico","status":"publish","type":"product","link":"https:\/\/cultivers.es\/it\/fertilizzanti\/semi-da-col-calcio-nero-di-toscana-ecologico\/","title":{"rendered":"Semi di cavolo nero di Toscana Biodinamico Demeter Kale"},"content":{"rendered":"","protected":false},"excerpt":{"rendered":"<p>Coltiva una variet\u00e0 ricca di storia e nutrimento con i nostri semi di cavolo nero di Toscana biologici Demeter. Conosciuta anche come cavolo nero o &#8220;cavolo dinosauro&#8221;, questa variet\u00e0 italiana \u00e8 nota per le sue lunghe foglie verde scuro e per il suo sapore delicato e delizioso. Perfetto per stufati, soffritti e insalate, il cavolo nero di Toscana \u00e8 ideale per chi vuole integrare un superfood nella propria dieta quotidiana. Grazie alla certificazione Demeter, puoi essere certo di coltivare in modo sostenibile e rispettoso dell&#8217;ambiente.   <\/p>\n<ul>\n<li><strong>Foglie scure e strutturate:<\/strong> questa variet\u00e0 di cavolo riccio produce foglie lunghe, strette e di un verde scuro intenso con una consistenza leggermente ruvida, ideale per soffritti, zuppe, stufati o chips di cavolo riccio.<\/li>\n<li><strong>Sapore delicato e versatile:<\/strong> il cavolo Nero di Toscana ha un sapore delicato e piacevole, con un leggero tocco dolce, che lo rende una scelta eccellente per molteplici piatti. Le sue foglie diventano pi\u00f9 tenere e dolci dopo le prime gelate. <\/li>\n<li><strong>Ricco di sostanze nutritive:<\/strong> Il cavolo riccio \u00e8 conosciuto come un superfood per la sua alta concentrazione di nutrienti. Questa variet\u00e0 \u00e8 ricca di vitamine A, C e K, oltre che di calcio, fibre e antiossidanti, contribuendo a una dieta sana ed equilibrata. <\/li>\n<li><strong>Resistente e facile da coltivare: il<\/strong> cavolo Nero di Toscana \u00e8 resistente alle basse temperature e facile da coltivare, il che lo rende ideale per raccolti prolungati durante i mesi freddi. \u00c8 adatto a giardinieri di ogni livello. <\/li>\n<li><strong>Certificazione Demeter:<\/strong> i nostri semi sono certificati Demeter, che garantisce che sono stati coltivati secondo i principi dell&#8217;agricoltura biodinamica, rispettando i cicli naturali del suolo e promuovendo un sano equilibrio nell&#8217;ecosistema.<\/li>\n<li><strong>Coltivazione biologica:<\/strong> i semi sono 100% biologici, privi di pesticidi e sostanze chimiche, per garantire che le tue piante crescano in modo sano e sostenibile.<\/li>\n<\/ul>\n<p>Aggiungi un tocco di tradizione e salute al tuo orto con i semi di cavolo nero di Toscana biologici Demeter. Goditi questo superfood versatile e facile da coltivare, promuovendo al contempo un&#8217;agricoltura sostenibile e biologica: ordina oggi stesso e inizia a raccogliere questo cavolo nutriente e delizioso direttamente dal tuo giardino!  <\/p>\n","protected":false},"featured_media":50064,"comment_status":"open","ping_status":"closed","template":"","meta":{"_acf_changed":false},"product_brand":[],"product_cat":[436,437,1305],"product_tag":[1383],"class_list":{"0":"post-17651","1":"product","2":"type-product","3":"status-publish","4":"has-post-thumbnail","6":"product_cat-semi-biologici","7":"product_cat-semi-di-brassica-biologici","8":"product_cat-semi-di-demeter","9":"product_tag-demeter-it","11":"first","12":"instock","13":"taxable","14":"shipping-taxable","15":"purchasable","16":"product-type-simple"},"acf":[],"_links":{"self":[{"href":"https:\/\/cultivers.es\/it\/wp-json\/wp\/v2\/product\/17651","targetHints":{"allow":["GET"]}}],"collection":[{"href":"https:\/\/cultivers.es\/it\/wp-json\/wp\/v2\/product"}],"about":[{"href":"https:\/\/cultivers.es\/it\/wp-json\/wp\/v2\/types\/product"}],"replies":[{"embeddable":true,"href":"https:\/\/cultivers.es\/it\/wp-json\/wp\/v2\/comments?post=17651"}],"wp:featuredmedia":[{"embeddable":true,"href":"https:\/\/cultivers.es\/it\/wp-json\/wp\/v2\/media\/50064"}],"wp:attachment":[{"href":"https:\/\/cultivers.es\/it\/wp-json\/wp\/v2\/media?parent=17651"}],"wp:term":[{"taxonomy":"product_brand","embeddable":true,"href":"https:\/\/cultivers.es\/it\/wp-json\/wp\/v2\/product_brand?post=17651"},{"taxonomy":"product_cat","embeddable":true,"href":"https:\/\/cultivers.es\/it\/wp-json\/wp\/v2\/product_cat?post=17651"},{"taxonomy":"product_tag","embeddable":true,"href":"https:\/\/cultivers.es\/it\/wp-json\/wp\/v2\/product_tag?post=17651"}],"curies":[{"name":"wp","href":"https:\/\/api.w.org\/{rel}","templated":true}]}}