{"id":17665,"date":"2023-09-18T09:02:29","date_gmt":"2023-09-18T09:02:29","guid":{"rendered":"https:\/\/cultivers.es\/abonos\/semi-di-rapa-grelos-senhora-conceicao-semi-di-rapa-grelos-biologici\/"},"modified":"2025-11-10T14:01:46","modified_gmt":"2025-11-10T14:01:46","slug":"semi-di-rapa-senora-conceica-ecologica","status":"publish","type":"product","link":"https:\/\/cultivers.es\/it\/fertilizzanti\/semi-di-rapa-senora-conceica-ecologica\/","title":{"rendered":"Semi di cime di rapa Senhora Concei\u00e7\u00e3o"},"content":{"rendered":"","protected":false},"excerpt":{"rendered":"<p>La <strong>rapa Senhora Concei\u00e7\u00e3o<\/strong><em>(Brassica rapa<\/em>) \u00e8 una variet\u00e0 tradizionale portoghese nota per le sue <strong>radici tenere e saporite<\/strong> e per le sue <strong>cime di rapa fresche e nutrienti<\/strong>, ideali per zuppe, stufati e soffritti. Questa rapa si distingue per la sua crescita rapida e la capacit\u00e0 di produrre abbondanti germogli teneri, che la rendono una scelta eccellente per l&#8217;orto. Il suo sapore delicato e leggermente dolce la rende perfetta per arricchire piatti tradizionali e moderni.  <\/p>\n<p><strong>Radici tenere e delicate:<\/strong> produce rape dalla consistenza morbida e dal sapore equilibrato, perfette per un&#8217;ampia variet\u00e0 di ricette.<\/p>\n<p><strong>Germogli freschi e nutrienti:<\/strong> Le cime di rapa di questa variet\u00e0 sono ricche di sostanze nutritive e sono ideali per essere aggiunte a zuppe, minestre o come contorno.<\/p>\n<p><strong>Crescita rapida:<\/strong> questa variet\u00e0 consente di raccogliere frequentemente cime di rapa e rape giovani in cicli brevi, garantendo una fornitura continua.<\/p>\n<p><strong>Ricco di sostanze nutritive:<\/strong> Fonte di vitamine A, C e K e di minerali come il ferro e il calcio, promuove una dieta sana ed equilibrata.<\/p>\n<p><strong>Facile da coltivare: si<\/strong> adatta a diversi tipi di terreno e climi, \u00e8 resistente e adatta a principianti e giardinieri esperti.<\/p>\n<p><strong>Coltivazione biologica:<\/strong> i nostri semi sono <strong>100% biologici<\/strong>, privi di pesticidi e fertilizzanti chimici, garantendo una coltivazione sostenibile ed ecologica.<\/p>\n<p>Coltiva le <strong>cime di rapa Senhora Concei\u00e7\u00e3o Ecol\u00f3gico<\/strong> nel tuo orto e goditi una variet\u00e0 nutriente e gustosa che arricchir\u00e0 la tua cucina di tradizione e freschezza. Fai il tuo ordine oggi stesso e inizia a godere dei suoi benefici! <\/p>\n","protected":false},"featured_media":17056,"comment_status":"open","ping_status":"closed","template":"","meta":{"_acf_changed":false},"product_brand":[],"product_cat":[436,437],"product_tag":[1577],"class_list":{"0":"post-17665","1":"product","2":"type-product","3":"status-publish","4":"has-post-thumbnail","6":"product_cat-semi-biologici","7":"product_cat-semi-di-brassica-biologici","8":"product_tag-eco","10":"first","11":"instock","12":"taxable","13":"shipping-taxable","14":"purchasable","15":"product-type-simple"},"acf":[],"_links":{"self":[{"href":"https:\/\/cultivers.es\/it\/wp-json\/wp\/v2\/product\/17665","targetHints":{"allow":["GET"]}}],"collection":[{"href":"https:\/\/cultivers.es\/it\/wp-json\/wp\/v2\/product"}],"about":[{"href":"https:\/\/cultivers.es\/it\/wp-json\/wp\/v2\/types\/product"}],"replies":[{"embeddable":true,"href":"https:\/\/cultivers.es\/it\/wp-json\/wp\/v2\/comments?post=17665"}],"wp:featuredmedia":[{"embeddable":true,"href":"https:\/\/cultivers.es\/it\/wp-json\/wp\/v2\/media\/17056"}],"wp:attachment":[{"href":"https:\/\/cultivers.es\/it\/wp-json\/wp\/v2\/media?parent=17665"}],"wp:term":[{"taxonomy":"product_brand","embeddable":true,"href":"https:\/\/cultivers.es\/it\/wp-json\/wp\/v2\/product_brand?post=17665"},{"taxonomy":"product_cat","embeddable":true,"href":"https:\/\/cultivers.es\/it\/wp-json\/wp\/v2\/product_cat?post=17665"},{"taxonomy":"product_tag","embeddable":true,"href":"https:\/\/cultivers.es\/it\/wp-json\/wp\/v2\/product_tag?post=17665"}],"curies":[{"name":"wp","href":"https:\/\/api.w.org\/{rel}","templated":true}]}}