{"id":17683,"date":"2023-09-06T11:04:34","date_gmt":"2023-09-06T11:04:34","guid":{"rendered":"https:\/\/cultivers.es\/abonos\/semi-di-zucca-rouge-vif-detampes-biologici\/"},"modified":"2025-11-10T14:01:54","modified_gmt":"2025-11-10T14:01:54","slug":"semi-di-zucca-rouge-vif-ecologici-semi-di-zucca","status":"publish","type":"product","link":"https:\/\/cultivers.es\/it\/fertilizzanti\/semi-di-zucca-rouge-vif-ecologici-semi-di-zucca\/","title":{"rendered":"Semi di zucca Rouge Vif d&#8217;Etampes"},"content":{"rendered":"","protected":false},"excerpt":{"rendered":"<p>La <strong>zucca Rouge Vif d&#8217;\u00c9tampes<\/strong> \u00e8 una variet\u00e0 tradizionale francese nota per la sua forma <strong>appiattita e laterale<\/strong>, il suo colore <strong>arancione intenso<\/strong> e il suo sapore dolce e delicato. Questa zucca \u00e8 perfetta per un&#8217;ampia variet\u00e0 di ricette, come puree, zuppe, torte e stufati, grazie alla sua polpa tenera e di ottima qualit\u00e0. \u00c8 inoltre una pianta molto produttiva e facile da coltivare, ideale per qualsiasi <strong>giardino familiare o professionale<\/strong>.  <\/p>\n<p><strong>Frutti grandi e accattivanti:<\/strong> produce zucche grandi, con un peso medio di 5-10 kg e una forma che si distingue per la sua estetica classica e decorativa.<\/p>\n<p><strong>Sapore dolce e versatile:<\/strong> la sua polpa arancione e la sua consistenza cremosa hanno un sapore dolce e delicato, ideale per piatti dolci e salati.<\/p>\n<p><strong>Crescita abbondante:<\/strong> \u00e8 una pianta vigorosa che offre raccolti abbondanti, il che la rende una scelta perfetta per chi cerca la produttivit\u00e0.<\/p>\n<p><strong>Ricca di nutrienti:<\/strong> La zucca \u00e8 un&#8217;ottima fonte di betacarotene, vitamine A e C e fibre, che la rendono un alimento sano e nutriente.<\/p>\n<p><strong>Facile da coltivare:<\/strong> si adatta bene a climi e terreni diversi, essendo una pianta resistente che richiede poche cure e d\u00e0 ottimi risultati.<\/p>\n<p><strong>Coltivazione biologica:<\/strong> i nostri semi sono <strong>100% biologici<\/strong>, privi di pesticidi e fertilizzanti chimici, per garantire una coltivazione sostenibile ed ecologica.<\/p>\n<p>Aggiungi al tuo <strong>giardino<\/strong> la bellezza, la produttivit\u00e0 e il sapore della Zucca <strong>Rouge Vif d&#8217;\u00c9tampes biologica<\/strong>, una variet\u00e0 tradizionale che riempir\u00e0 la tua cucina di piatti deliziosi e nutrienti. Ordina oggi stesso e inizia a gustare questa zucca classica! <\/p>\n","protected":false},"featured_media":17076,"comment_status":"open","ping_status":"closed","template":"","meta":{"_acf_changed":false},"product_brand":[],"product_cat":[436,440],"product_tag":[1577],"woo-feed-brand":[],"class_list":{"0":"post-17683","1":"product","2":"type-product","3":"status-publish","4":"has-post-thumbnail","6":"product_cat-semi-biologici","7":"product_cat-semi-di-frutta-e-verdura-biologici","8":"product_tag-eco","10":"first","11":"instock","12":"sale","13":"taxable","14":"shipping-taxable","15":"purchasable","16":"product-type-simple"},"acf":[],"_links":{"self":[{"href":"https:\/\/cultivers.es\/it\/wp-json\/wp\/v2\/product\/17683","targetHints":{"allow":["GET"]}}],"collection":[{"href":"https:\/\/cultivers.es\/it\/wp-json\/wp\/v2\/product"}],"about":[{"href":"https:\/\/cultivers.es\/it\/wp-json\/wp\/v2\/types\/product"}],"replies":[{"embeddable":true,"href":"https:\/\/cultivers.es\/it\/wp-json\/wp\/v2\/comments?post=17683"}],"wp:featuredmedia":[{"embeddable":true,"href":"https:\/\/cultivers.es\/it\/wp-json\/wp\/v2\/media\/17076"}],"wp:attachment":[{"href":"https:\/\/cultivers.es\/it\/wp-json\/wp\/v2\/media?parent=17683"}],"wp:term":[{"taxonomy":"product_brand","embeddable":true,"href":"https:\/\/cultivers.es\/it\/wp-json\/wp\/v2\/product_brand?post=17683"},{"taxonomy":"product_cat","embeddable":true,"href":"https:\/\/cultivers.es\/it\/wp-json\/wp\/v2\/product_cat?post=17683"},{"taxonomy":"product_tag","embeddable":true,"href":"https:\/\/cultivers.es\/it\/wp-json\/wp\/v2\/product_tag?post=17683"},{"taxonomy":"woo-feed-brand","embeddable":true,"href":"https:\/\/cultivers.es\/it\/wp-json\/wp\/v2\/woo-feed-brand?post=17683"}],"curies":[{"name":"wp","href":"https:\/\/api.w.org\/{rel}","templated":true}]}}