{"id":17687,"date":"2023-09-06T11:09:21","date_gmt":"2023-09-06T11:09:21","guid":{"rendered":"https:\/\/cultivers.es\/abonos\/semi-di-zucca-trombetta-di-albenga-biologici\/"},"modified":"2025-09-22T05:09:13","modified_gmt":"2025-09-22T05:09:13","slug":"zucca-semi-di-zucca-trombetta-di-albenga-ecologico","status":"publish","type":"product","link":"https:\/\/cultivers.es\/it\/fertilizzanti\/zucca-semi-di-zucca-trombetta-di-albenga-ecologico\/","title":{"rendered":"Semi di zucca Trombetta di Albenga"},"content":{"rendered":"","protected":false},"excerpt":{"rendered":"<p>La <strong>zucca Trombetta di Albenga<\/strong><em>(Cucurbita moschata<\/em>) \u00e8 una variet\u00e0 italiana unica ed esotica, nota per la sua forma <strong>allungata e ricurva<\/strong>, che ricorda una tromba, e per il suo colore verde chiaro che diventa beige a maturazione. La sua polpa \u00e8 <strong>dolce, tenera e aromatica<\/strong>, ideale per essere consumata sia come zucchina quando \u00e8 acerba sia come zucca quando \u00e8 completamente matura. Si tratta di una pianta molto produttiva e versatile, perfetta da inserire nel tuo <strong>orto<\/strong> per vivere un&#8217;esperienza culinaria diversa.  <\/p>\n<p><strong>Un frutto unico ed elegante:<\/strong> La sua particolare forma allungata e ricurva lo rende un elemento decorativo e attraente, sia nel frutteto che in cucina.<\/p>\n<p><strong>Sapore dolce e versatile:<\/strong> se consumato acerbo, \u00e8 ideale per soffritti e piatti freschi; quando \u00e8 maturo, la sua polpa cremosa \u00e8 perfetta per zuppe, puree e torte.<\/p>\n<p><strong>Elevata produttivit\u00e0:<\/strong> produce numerosi frutti durante tutta la stagione, assicurando raccolti abbondanti per diverse preparazioni.<\/p>\n<p><strong>Ricco di nutrienti:<\/strong> Fonte di antiossidanti, vitamine A e C e minerali essenziali come il potassio, \u00e8 una scelta sana e nutriente.<\/p>\n<p><strong>Facile da coltivare:<\/strong> questa pianta vigorosa ha una crescita rapida e resistente, adattandosi bene ai climi caldi e ai terreni ben drenati. Pu\u00f2 essere coltivata anche su graticci per ottimizzare lo spazio. <\/p>\n<p><strong>Coltivazione biologica:<\/strong> i nostri semi sono <strong>100% biologici<\/strong>, privi di pesticidi e fertilizzanti chimici, per promuovere un giardino sostenibile ed ecologico.<\/p>\n<p>Aggiungi un tocco di originalit\u00e0 e di sapore al tuo <strong>orto<\/strong> con la <strong>Zucca Biologica Trombetta di Albenga<\/strong>, una variet\u00e0 tradizionale italiana che ti delizier\u00e0 con la sua forma, il suo sapore e la sua versatilit\u00e0. Ordina oggi stesso e inizia a goderti questo gioiello dell&#8217;orto! <\/p>\n","protected":false},"featured_media":17051,"comment_status":"open","ping_status":"closed","template":"","meta":{"_acf_changed":false},"product_brand":[],"product_cat":[436,440],"product_tag":[1577],"class_list":{"0":"post-17687","1":"product","2":"type-product","3":"status-publish","4":"has-post-thumbnail","6":"product_cat-semi-biologici","7":"product_cat-semi-di-frutta-e-verdura-biologici","8":"product_tag-eco","10":"first","11":"instock","12":"sale","13":"taxable","14":"shipping-taxable","15":"purchasable","16":"product-type-simple"},"acf":[],"_links":{"self":[{"href":"https:\/\/cultivers.es\/it\/wp-json\/wp\/v2\/product\/17687","targetHints":{"allow":["GET"]}}],"collection":[{"href":"https:\/\/cultivers.es\/it\/wp-json\/wp\/v2\/product"}],"about":[{"href":"https:\/\/cultivers.es\/it\/wp-json\/wp\/v2\/types\/product"}],"replies":[{"embeddable":true,"href":"https:\/\/cultivers.es\/it\/wp-json\/wp\/v2\/comments?post=17687"}],"wp:featuredmedia":[{"embeddable":true,"href":"https:\/\/cultivers.es\/it\/wp-json\/wp\/v2\/media\/17051"}],"wp:attachment":[{"href":"https:\/\/cultivers.es\/it\/wp-json\/wp\/v2\/media?parent=17687"}],"wp:term":[{"taxonomy":"product_brand","embeddable":true,"href":"https:\/\/cultivers.es\/it\/wp-json\/wp\/v2\/product_brand?post=17687"},{"taxonomy":"product_cat","embeddable":true,"href":"https:\/\/cultivers.es\/it\/wp-json\/wp\/v2\/product_cat?post=17687"},{"taxonomy":"product_tag","embeddable":true,"href":"https:\/\/cultivers.es\/it\/wp-json\/wp\/v2\/product_tag?post=17687"}],"curies":[{"name":"wp","href":"https:\/\/api.w.org\/{rel}","templated":true}]}}