{"id":17701,"date":"2023-09-06T11:06:57","date_gmt":"2023-09-06T11:06:57","guid":{"rendered":"https:\/\/cultivers.es\/abonos\/semi-di-cime-di-rapa-biologici\/"},"modified":"2025-09-22T05:08:09","modified_gmt":"2025-09-22T05:08:09","slug":"semi-di-rapa-gandra-ecologici","status":"publish","type":"product","link":"https:\/\/cultivers.es\/it\/fertilizzanti\/semi-di-rapa-gandra-ecologici\/","title":{"rendered":"Semi di cime di rapa"},"content":{"rendered":"","protected":false},"excerpt":{"rendered":"<div class=\"\">\n<article class=\"w-full scroll-mb-[var(--thread-trailing-height,150px)] text-token-text-primary focus-visible:outline-2 focus-visible:outline-offset-[-4px]\" dir=\"auto\" data-testid=\"conversation-turn-621\" data-scroll-anchor=\"true\">\n<div class=\"group\/conversation-turn relative flex w-full min-w-0 flex-col agent-turn\">\n<div class=\"flex-col gap-1 md:gap-3\">\n<div class=\"flex max-w-full flex-col flex-grow\">\n<div class=\"min-h-8 text-message flex w-full flex-col items-end gap-2 whitespace-normal break-words text-start [.text-message+&amp;]:mt-5\" dir=\"auto\" data-message-author-role=\"assistant\" data-message-id=\"9eb16f9b-6d94-4350-b70d-47ee6fd1aab0\" data-message-model-slug=\"gpt-4o\">\n<div class=\"flex w-full flex-col gap-1 empty:hidden first:pt-[3px]\">\n<div class=\"markdown prose w-full break-words dark:prose-invert light\">\n<p><strong>Rape Gandra<\/strong> (<em>Brassica rapa var. rapa <\/em>) \u00e8 una variet\u00e0 tradizionale molto apprezzata in gastronomia per il suo <strong>sapore delicato e leggermente dolce<\/strong> e per la sua versatilit\u00e0 in cucina. Produce <strong>radici tonde<\/strong> e tenere, ideali da consumare cotte, in stufati, pur\u00e8 o arrosti, cos\u00ec come le sue foglie commestibili, perfette per zuppe e soffritti. Questa rapa \u00e8 resistente e facile da coltivare, il che la rende una scelta eccellente per qualsiasi <strong>orto<\/strong>.  <\/p>\n<p><strong>Radici tenere e gustose:<\/strong> la rapa Gandra si distingue per la sua consistenza morbida e il suo sapore equilibrato, perfetto per molte preparazioni culinarie.<\/p>\n<p><strong>Foglie commestibili e nutrienti:<\/strong> anche le foglie di questa variet\u00e0 sono deliziose, ricche di sostanze nutritive e perfette da incorporare in zuppe, brodi o come guarnizione.<\/p>\n<p><strong>Crescita rapida:<\/strong> con un ciclo di crescita breve, questa variet\u00e0 consente di ottenere raccolti rapidi e continui, ideali per mantenere il giardino attivo tutto l&#8217;anno.<\/p>\n<p><strong>Ricco di nutrienti:<\/strong> Fonte naturale di vitamine A, C, K e di minerali come il calcio e il ferro, che contribuiscono a una dieta sana ed equilibrata.<\/p>\n<p><strong>Facile da coltivare: si<\/strong> adatta bene a diversi tipi di terreno e climi, \u00e8 resistente e adatta a principianti e giardinieri esperti.<\/p>\n<p><strong>Coltivazione biologica:<\/strong> i nostri semi sono <strong>100% biologici<\/strong>, privi di pesticidi e fertilizzanti chimici, e promuovono una coltivazione sostenibile ed ecologica.<\/p>\n<p>Coltiva la <strong>Rape Gandra biologica<\/strong> nel tuo <strong>orto<\/strong> e goditi una variet\u00e0 tradizionale che unisce sapore, versatilit\u00e0 e facilit\u00e0 di coltivazione. Ordina oggi stesso e raccogli rape fresche e sane nel tuo spazio verde! <\/p>\n<\/div>\n<\/div>\n<\/div>\n<\/div>\n<div class=\"mb-2 flex gap-3 empty:hidden -ml-2\">\n<div class=\"items-center justify-start rounded-xl p-1 flex\"><\/div>\n<\/div>\n<\/div>\n<\/div>\n<\/article>\n<\/div>\n<div>\n<div class=\"_footer_1nw4i_363\">\n<div class=\"z-10 flex flex-col gap-bar\" data-testid=\"bar-container-default\">\n<div class=\"grid gap-bar _primary_sbmq2_45 bottom-[var(--screen-keyboard-bottom,env(keyboard-inset-bottom,0px))]\" data-testid=\"bar-composer-bar\"><\/div>\n<\/div>\n<\/div>\n<\/div>\n","protected":false},"featured_media":17061,"comment_status":"open","ping_status":"closed","template":"","meta":{"_acf_changed":false},"product_brand":[],"product_cat":[436,441],"product_tag":[],"woo-feed-brand":[],"class_list":{"0":"post-17701","1":"product","2":"type-product","3":"status-publish","4":"has-post-thumbnail","6":"product_cat-semi-biologici","7":"product_cat-semi-di-radice-biologici","9":"first","10":"outofstock","11":"taxable","12":"shipping-taxable","13":"purchasable","14":"product-type-simple"},"acf":[],"_links":{"self":[{"href":"https:\/\/cultivers.es\/it\/wp-json\/wp\/v2\/product\/17701","targetHints":{"allow":["GET"]}}],"collection":[{"href":"https:\/\/cultivers.es\/it\/wp-json\/wp\/v2\/product"}],"about":[{"href":"https:\/\/cultivers.es\/it\/wp-json\/wp\/v2\/types\/product"}],"replies":[{"embeddable":true,"href":"https:\/\/cultivers.es\/it\/wp-json\/wp\/v2\/comments?post=17701"}],"wp:featuredmedia":[{"embeddable":true,"href":"https:\/\/cultivers.es\/it\/wp-json\/wp\/v2\/media\/17061"}],"wp:attachment":[{"href":"https:\/\/cultivers.es\/it\/wp-json\/wp\/v2\/media?parent=17701"}],"wp:term":[{"taxonomy":"product_brand","embeddable":true,"href":"https:\/\/cultivers.es\/it\/wp-json\/wp\/v2\/product_brand?post=17701"},{"taxonomy":"product_cat","embeddable":true,"href":"https:\/\/cultivers.es\/it\/wp-json\/wp\/v2\/product_cat?post=17701"},{"taxonomy":"product_tag","embeddable":true,"href":"https:\/\/cultivers.es\/it\/wp-json\/wp\/v2\/product_tag?post=17701"},{"taxonomy":"woo-feed-brand","embeddable":true,"href":"https:\/\/cultivers.es\/it\/wp-json\/wp\/v2\/woo-feed-brand?post=17701"}],"curies":[{"name":"wp","href":"https:\/\/api.w.org\/{rel}","templated":true}]}}