{"id":17748,"date":"2023-06-06T08:20:32","date_gmt":"2023-06-06T08:20:32","guid":{"rendered":"https:\/\/cultivers.es\/abonos\/impostazione\/"},"modified":"2025-09-22T04:47:29","modified_gmt":"2025-09-22T04:47:29","slug":"allestimento","status":"publish","type":"product","link":"https:\/\/cultivers.es\/it\/fertilizzanti\/allestimento\/","title":{"rendered":"Impostazione"},"content":{"rendered":"<p>Recupera la coltura durante le fasi fenologiche critiche per stimolare e migliorare la radicazione, il germogliamento, la fioritura, l&#8217;allegagione e l&#8217;ingrasso dei frutti. Trattare prima che si manifestino condizioni sfavorevoli.<\/p>\n","protected":false},"excerpt":{"rendered":"<p>Concentra gli aminoacidi osmoprotettivi pi\u00f9 efficaci che gli conferiscono una modalit\u00e0 d&#8217;azione unica. Regola l&#8217;equilibrio degli ormoni chiave per l&#8217;immunit\u00e0 delle piante (brassinosteroidi, acido salicilico) e l&#8217;espressione dei geni coinvolti nelle funzioni antiossidanti.<\/p>\n<p>SET UP fornisce le risorse per ridurre al minimo il dispendio metabolico per adattarsi allo stress e ai danni che ne possono derivare. Riattiva immediatamente i processi fisiologici della pianta per mantenere il potenziale di rendimento.<\/p>\n","protected":false},"featured_media":0,"comment_status":"open","ping_status":"closed","template":"","meta":{"_acf_changed":false},"product_brand":[],"product_cat":[486,485],"product_tag":[],"class_list":{"0":"post-17748","1":"product","2":"type-product","3":"status-publish","5":"product_cat-aminoacidi","6":"product_cat-biostimolanti","8":"first","9":"instock","10":"taxable","11":"shipping-taxable","12":"purchasable","13":"product-type-simple"},"acf":[],"_links":{"self":[{"href":"https:\/\/cultivers.es\/it\/wp-json\/wp\/v2\/product\/17748","targetHints":{"allow":["GET"]}}],"collection":[{"href":"https:\/\/cultivers.es\/it\/wp-json\/wp\/v2\/product"}],"about":[{"href":"https:\/\/cultivers.es\/it\/wp-json\/wp\/v2\/types\/product"}],"replies":[{"embeddable":true,"href":"https:\/\/cultivers.es\/it\/wp-json\/wp\/v2\/comments?post=17748"}],"wp:attachment":[{"href":"https:\/\/cultivers.es\/it\/wp-json\/wp\/v2\/media?parent=17748"}],"wp:term":[{"taxonomy":"product_brand","embeddable":true,"href":"https:\/\/cultivers.es\/it\/wp-json\/wp\/v2\/product_brand?post=17748"},{"taxonomy":"product_cat","embeddable":true,"href":"https:\/\/cultivers.es\/it\/wp-json\/wp\/v2\/product_cat?post=17748"},{"taxonomy":"product_tag","embeddable":true,"href":"https:\/\/cultivers.es\/it\/wp-json\/wp\/v2\/product_tag?post=17748"}],"curies":[{"name":"wp","href":"https:\/\/api.w.org\/{rel}","templated":true}]}}