{"id":17750,"date":"2023-09-05T13:17:13","date_gmt":"2023-09-05T13:17:13","guid":{"rendered":"https:\/\/cultivers.es\/abonos\/semi-di-pomodoro-arancione-cuore-di-bue-biologico\/"},"modified":"2025-09-22T04:49:57","modified_gmt":"2025-09-22T04:49:57","slug":"pomodoro-cuore-di-verdura-semi-darancia-ecologici","status":"publish","type":"product","link":"https:\/\/cultivers.es\/it\/fertilizzanti\/pomodoro-cuore-di-verdura-semi-darancia-ecologici\/","title":{"rendered":"Semi di pomodoro arancione Oxheart"},"content":{"rendered":"","protected":false},"excerpt":{"rendered":"<p>Il <strong>pomodoro Orange Beefheart<\/strong> \u00e8 una variet\u00e0 tradizionale di grandi dimensioni, nota per la sua <strong>forma a cuore<\/strong> e il suo caratteristico colore <strong>arancione intenso<\/strong>. Questo pomodoro si distingue per il suo sapore dolce ed equilibrato, con una polpa succosa e pochi semi, che lo rende ideale per insalate, salse fresche o piatti gourmet. Inoltre, la sua coltivazione biologica garantisce un frutto sano ed ecologico.  <\/p>\n<p><strong>Frutti grandi e succosi:<\/strong> ogni pianta produce pomodori grandi con una polpa carnosa, perfetta per molteplici usi culinari.<\/p>\n<p><strong>Sapore dolce e delicato:<\/strong> il suo equilibrio tra acidit\u00e0 e dolcezza la rende una delle variet\u00e0 pi\u00f9 apprezzate per il consumo fresco o nelle ricette casalinghe.<\/p>\n<p><strong>Alta produttivit\u00e0:<\/strong> questa variet\u00e0 \u00e8 robusta e offre un raccolto abbondante, perfetto per gli orti familiari o professionali.<\/p>\n<p><strong>Facile da coltivare: si<\/strong> adatta a diversi tipi di terreno e climi, \u00e8 resistente e adatta a principianti e giardinieri esperti.<\/p>\n<p><strong>Ricco di nutrienti:<\/strong> Fonte naturale di antiossidanti, vitamine A e C e minerali, \u00e8 un alimento sano e nutriente.<\/p>\n<p><strong>Coltivazione biologica:<\/strong> i nostri semi sono <strong>100% biologici<\/strong>, privi di pesticidi e fertilizzanti chimici, garantendo una coltivazione sostenibile ed ecologica.<\/p>\n<p>Riempi il tuo <strong>giardino<\/strong> di colore e sapore con il <strong>Pomodoro Cuore di bue biologico<\/strong>, una variet\u00e0 tradizionale che ti conquister\u00e0 sia per l&#8217;estetica che per il suo sapore incomparabile. Ordina oggi stesso e inizia a goderti questo gioiello dell&#8217;orto! <\/p>\n","protected":false},"featured_media":17031,"comment_status":"open","ping_status":"closed","template":"","meta":{"_acf_changed":false},"product_brand":[],"product_cat":[436,440],"product_tag":[1577],"woo-feed-brand":[],"class_list":{"0":"post-17750","1":"product","2":"type-product","3":"status-publish","4":"has-post-thumbnail","6":"product_cat-semi-biologici","7":"product_cat-semi-di-frutta-e-verdura-biologici","8":"product_tag-eco","10":"first","11":"instock","12":"sale","13":"taxable","14":"shipping-taxable","15":"purchasable","16":"product-type-simple"},"acf":[],"_links":{"self":[{"href":"https:\/\/cultivers.es\/it\/wp-json\/wp\/v2\/product\/17750","targetHints":{"allow":["GET"]}}],"collection":[{"href":"https:\/\/cultivers.es\/it\/wp-json\/wp\/v2\/product"}],"about":[{"href":"https:\/\/cultivers.es\/it\/wp-json\/wp\/v2\/types\/product"}],"replies":[{"embeddable":true,"href":"https:\/\/cultivers.es\/it\/wp-json\/wp\/v2\/comments?post=17750"}],"wp:featuredmedia":[{"embeddable":true,"href":"https:\/\/cultivers.es\/it\/wp-json\/wp\/v2\/media\/17031"}],"wp:attachment":[{"href":"https:\/\/cultivers.es\/it\/wp-json\/wp\/v2\/media?parent=17750"}],"wp:term":[{"taxonomy":"product_brand","embeddable":true,"href":"https:\/\/cultivers.es\/it\/wp-json\/wp\/v2\/product_brand?post=17750"},{"taxonomy":"product_cat","embeddable":true,"href":"https:\/\/cultivers.es\/it\/wp-json\/wp\/v2\/product_cat?post=17750"},{"taxonomy":"product_tag","embeddable":true,"href":"https:\/\/cultivers.es\/it\/wp-json\/wp\/v2\/product_tag?post=17750"},{"taxonomy":"woo-feed-brand","embeddable":true,"href":"https:\/\/cultivers.es\/it\/wp-json\/wp\/v2\/woo-feed-brand?post=17750"}],"curies":[{"name":"wp","href":"https:\/\/api.w.org\/{rel}","templated":true}]}}