{"id":17751,"date":"2023-09-05T10:29:00","date_gmt":"2023-09-05T10:29:00","guid":{"rendered":"https:\/\/cultivers.es\/abonos\/semi-di-lattuga-wonder-bio-four-seasons\/"},"modified":"2025-11-10T14:01:44","modified_gmt":"2025-11-10T14:01:44","slug":"lattuga-quattro-stagioni-meravigliose","status":"publish","type":"product","link":"https:\/\/cultivers.es\/it\/fertilizzanti\/lattuga-quattro-stagioni-meravigliose\/","title":{"rendered":"Semi di lattuga Wonder Four Seasons"},"content":{"rendered":"","protected":false},"excerpt":{"rendered":"<p>La <strong>lattuga Four Seasons Wonder<\/strong><em>(Lactuca sativa<\/em>) \u00e8 una variet\u00e0 classica e versatile, apprezzata per la sua capacit\u00e0 di adattarsi a tutte le stagioni. Le sue foglie ondulate di <strong>colore verde brillante con sfumature rossastre<\/strong> hanno una consistenza croccante e un sapore dolce e delicato, ideale per insalate fresche e salutari. Questa lattuga \u00e8 molto produttiva e facile da coltivare, perfetta per gli orti urbani e tradizionali.  <\/p>\n<p><strong>Foglie colorate e gustose:<\/strong> con il suo mix di tonalit\u00e0 verdi e rossastre, questa lattuga \u00e8 attraente sia in giardino che nel piatto.<\/p>\n<p><strong>Sapore delicato e consistenza croccante:<\/strong> Le sue foglie fresche e tenere sono ideali per insalate, panini e contorni.<\/p>\n<p><strong>Adattabile a tutte le stagioni:<\/strong> \u00c8 una variet\u00e0 rustica che pu\u00f2 essere coltivata tutto l&#8217;anno, resistendo sia al caldo che al freddo moderato.<\/p>\n<p><strong>Alta produttivit\u00e0:<\/strong> produce cespi grandi e compatti, garantendo raccolti abbondanti e continui.<\/p>\n<p><strong>Facile da coltivare:<\/strong> perfetta per i principianti e gli esperti, questa variet\u00e0 si adatta bene a diversi tipi di terreno e climi.<\/p>\n<p><strong>Coltivazione biologica:<\/strong> i nostri semi sono <strong>100% biologici<\/strong>, privi di pesticidi e fertilizzanti chimici, per promuovere un giardino sostenibile ed ecologico.<\/p>\n<p>Goditi il sapore, la freschezza e la versatilit\u00e0 della <strong>Lattuga Meravigliosa Biologica Quattro Stagioni<\/strong>, una scelta perfetta per il tuo orto in qualsiasi periodo dell&#8217;anno: ordina oggi stesso e inizia a coltivare! <\/p>\n","protected":false},"featured_media":45432,"comment_status":"open","ping_status":"closed","template":"","meta":{"_acf_changed":false},"product_brand":[],"product_cat":[436,488],"product_tag":[1577],"woo-feed-brand":[],"class_list":{"0":"post-17751","1":"product","2":"type-product","3":"status-publish","4":"has-post-thumbnail","6":"product_cat-semi-biologici","7":"product_cat-semi-di-ortaggi-a-foglia-biologici","8":"product_tag-eco","10":"first","11":"instock","12":"sale","13":"taxable","14":"shipping-taxable","15":"purchasable","16":"product-type-simple"},"acf":[],"_links":{"self":[{"href":"https:\/\/cultivers.es\/it\/wp-json\/wp\/v2\/product\/17751","targetHints":{"allow":["GET"]}}],"collection":[{"href":"https:\/\/cultivers.es\/it\/wp-json\/wp\/v2\/product"}],"about":[{"href":"https:\/\/cultivers.es\/it\/wp-json\/wp\/v2\/types\/product"}],"replies":[{"embeddable":true,"href":"https:\/\/cultivers.es\/it\/wp-json\/wp\/v2\/comments?post=17751"}],"wp:featuredmedia":[{"embeddable":true,"href":"https:\/\/cultivers.es\/it\/wp-json\/wp\/v2\/media\/45432"}],"wp:attachment":[{"href":"https:\/\/cultivers.es\/it\/wp-json\/wp\/v2\/media?parent=17751"}],"wp:term":[{"taxonomy":"product_brand","embeddable":true,"href":"https:\/\/cultivers.es\/it\/wp-json\/wp\/v2\/product_brand?post=17751"},{"taxonomy":"product_cat","embeddable":true,"href":"https:\/\/cultivers.es\/it\/wp-json\/wp\/v2\/product_cat?post=17751"},{"taxonomy":"product_tag","embeddable":true,"href":"https:\/\/cultivers.es\/it\/wp-json\/wp\/v2\/product_tag?post=17751"},{"taxonomy":"woo-feed-brand","embeddable":true,"href":"https:\/\/cultivers.es\/it\/wp-json\/wp\/v2\/woo-feed-brand?post=17751"}],"curies":[{"name":"wp","href":"https:\/\/api.w.org\/{rel}","templated":true}]}}