{"id":17778,"date":"2023-07-14T10:58:03","date_gmt":"2023-07-14T10:58:03","guid":{"rendered":"https:\/\/cultivers.es\/abonos\/paletti-di-bambu\/"},"modified":"2025-09-22T04:48:47","modified_gmt":"2025-09-22T04:48:47","slug":"tutor-bambu","status":"publish","type":"product","link":"https:\/\/cultivers.es\/it\/fertilizzanti\/tutor-bambu\/","title":{"rendered":"Paletti di bamb\u00f9"},"content":{"rendered":"<p>CULTIVERS, marchio rinomato per il suo impegno verso la qualit\u00e0 e la sostenibilit\u00e0, presenta la confezione di 30 paletti per piante in bamb\u00f9, ideali per sostenere e guidare le piante in giardino, in terrazza, sul balcone, sul patio o sul tetto. Con anni di esperienza nel settore, CULTIVERS \u00e8 diventata una scelta affidabile per chi cerca prodotti ecologici e durevoli.<\/p>\n<p>Questi paletti in bamb\u00f9 naturale sono forti e robusti e garantiscono una lunga durata nel vostro giardino. Coltivate in modo sostenibile e tagliate a mano, queste canne non danneggiano l&#8217;ambiente e non hanno effetti su piante e animali. Sono anche molto facili da installare: basta inserire i picchetti sottili e solidi nel terreno e, se \u00e8 necessario regolarne la lunghezza, \u00e8 possibile tagliarli facilmente.<\/p>\n<p>I paletti di bamb\u00f9 CULTIVERS sono perfetti per sostenere un&#8217;ampia variet\u00e0 di piante ornamentali, assicurandone la crescita dritta e forte. Sono ideali anche per la costruzione di graticci, recinzioni o come supporto naturale per le piante rampicanti. La loro versatilit\u00e0 li rende una scelta eccellente per la decorazione di interni ed esterni, poich\u00e9 i loro colori naturali aggiungono un tocco unico a qualsiasi spazio.<\/p>\n<p>Con questi picchetti, potete creare il vostro orto verticale e coltivare ortaggi, erbe aromatiche, frutta o qualsiasi tipo di verdura senza preoccuparvi della sua altezza.<\/p>\n<p>In breve, i paletti per piante di bamb\u00f9 CULTIVERS sono una soluzione ecologica, durevole e versatile per sostenere le piante e abbellire gli spazi. Non aspettate oltre per godere dei suoi molteplici benefici e trasformare il vostro giardino in un&#8217;oasi verde e salutare.<\/p>\n","protected":false},"excerpt":{"rendered":"<div id=\"featurebullets_feature_div\" class=\"celwidget\" data-feature-name=\"featurebullets\" data-csa-c-type=\"widget\" data-csa-c-content-id=\"featurebullets\" data-csa-c-slot-id=\"featurebullets_feature_div\" data-csa-c-asin=\"B0C7CXYSVD\" data-csa-c-is-in-initial-active-row=\"false\" data-csa-c-id=\"hqew4v-rfx582-ixcgmq-dqyj5\" data-cel-widget=\"featurebullets_feature_div\">\n<div id=\"feature-bullets\" class=\"a-section a-spacing-medium a-spacing-top-small\">\n<ul>\n<li><span class=\"a-list-item\"><span class=\"a-list-item\">Paletti di canne di bamb\u00f9 biologiche: CULTIVERS offre 30 canne di bamb\u00f9 naturali, ideali per sostenere le vostre piante rampicanti come pomodori, ortaggi e alberi, garantendo una crescita sana e forte.<\/span><\/span><\/li>\n<li><span class=\"a-list-item\"><span class=\"a-list-item\">Resistenza e durata: i picchetti di bamb\u00f9 sono forti e robusti e garantiscono una durata di diverse stagioni nel vostro giardino. Coltivati in modo sostenibile e raccolti a mano, non danneggiano piante o animali.<\/span><\/span><\/li>\n<li><span class=\"a-list-item\"><span class=\"a-list-item\">Facile da installare: \u00e8 sufficiente inserire nel terreno i sottili e robusti picchetti. Se non si \u00e8 soddisfatti della lunghezza, si pu\u00f2 tagliare facilmente a qualsiasi lunghezza ed \u00e8 ideale per la costruzione di tralicci o per il sostegno naturale di piante rampicanti.<\/span><\/span><\/li>\n<li><span class=\"a-list-item\"><span class=\"a-list-item\">\ud83c\udf3c Uso multiplo e decorativo: questi picchetti possono essere utilizzati per sostenere un&#8217;ampia variet\u00e0 di piante ornamentali e anche come elementi decorativi all&#8217;interno e all&#8217;esterno, costruendo tralicci, recinzioni o appendendoli al muro.<\/span><\/span><\/li>\n<li><span class=\"a-list-item\">\ud83c\udfe1 Si adattano a tutti i tipi di spazio: I paletti in bamb\u00f9 CULTIVERS sono perfetti per allestire il giardino, la terrazza, il balcone, il patio o il tetto, consentendo di creare il proprio orto verticale e di gustare la frutta e la verdura coltivate in casa.<\/span><\/li>\n<\/ul>\n<\/div>\n<\/div>\n<div id=\"provenanceCertifications_feature_div\" class=\"celwidget\" data-feature-name=\"provenanceCertifications\" data-csa-c-type=\"widget\" data-csa-c-content-id=\"provenanceCertifications\" data-csa-c-slot-id=\"provenanceCertifications_feature_div\" data-csa-c-asin=\"B0C7CXYSVD\" data-csa-c-is-in-initial-active-row=\"false\" data-csa-c-id=\"9h55pu-p4awvn-8sd9v7-p19yv7\" data-cel-widget=\"provenanceCertifications_feature_div\">\n<div id=\"provenance-certifications\" class=\"a-section a-spacing-medium a-spacing-top-micro\"><\/div>\n<\/div>\n","protected":false},"featured_media":16891,"comment_status":"open","ping_status":"closed","template":"","meta":{"_acf_changed":false},"product_brand":[],"product_cat":[1324],"product_tag":[],"woo-feed-brand":[],"class_list":{"0":"post-17778","1":"product","2":"type-product","3":"status-publish","4":"has-post-thumbnail","6":"product_cat-vivaio","8":"first","9":"instock","10":"taxable","11":"shipping-taxable","12":"purchasable","13":"product-type-variable"},"acf":[],"_links":{"self":[{"href":"https:\/\/cultivers.es\/it\/wp-json\/wp\/v2\/product\/17778","targetHints":{"allow":["GET"]}}],"collection":[{"href":"https:\/\/cultivers.es\/it\/wp-json\/wp\/v2\/product"}],"about":[{"href":"https:\/\/cultivers.es\/it\/wp-json\/wp\/v2\/types\/product"}],"replies":[{"embeddable":true,"href":"https:\/\/cultivers.es\/it\/wp-json\/wp\/v2\/comments?post=17778"}],"wp:featuredmedia":[{"embeddable":true,"href":"https:\/\/cultivers.es\/it\/wp-json\/wp\/v2\/media\/16891"}],"wp:attachment":[{"href":"https:\/\/cultivers.es\/it\/wp-json\/wp\/v2\/media?parent=17778"}],"wp:term":[{"taxonomy":"product_brand","embeddable":true,"href":"https:\/\/cultivers.es\/it\/wp-json\/wp\/v2\/product_brand?post=17778"},{"taxonomy":"product_cat","embeddable":true,"href":"https:\/\/cultivers.es\/it\/wp-json\/wp\/v2\/product_cat?post=17778"},{"taxonomy":"product_tag","embeddable":true,"href":"https:\/\/cultivers.es\/it\/wp-json\/wp\/v2\/product_tag?post=17778"},{"taxonomy":"woo-feed-brand","embeddable":true,"href":"https:\/\/cultivers.es\/it\/wp-json\/wp\/v2\/woo-feed-brand?post=17778"}],"curies":[{"name":"wp","href":"https:\/\/api.w.org\/{rel}","templated":true}]}}