{"id":17914,"date":"2021-10-22T12:12:46","date_gmt":"2021-10-22T12:12:46","guid":{"rendered":"https:\/\/cultivers.es\/abonos\/concime-liquido-ecologico-per-prati\/"},"modified":"2025-09-22T04:53:22","modified_gmt":"2025-09-22T04:53:22","slug":"concime-ecologico-liquido-per-prato","status":"publish","type":"product","link":"https:\/\/cultivers.es\/it\/fertilizzanti\/concime-ecologico-liquido-per-prato\/","title":{"rendered":"Concime liquido ecologico per prati"},"content":{"rendered":"<p>Organic Liquid Lailiser \u00e8 un fertilizzante organico liquido sviluppato per fornire nutrimento tutto l&#8217;anno. Sia in inverno che in estate. Contiene <a href=\"https:\/\/cultivers.es\/it\/abonos\/ferro-chelato\/\">chelato di ferro<\/a> per mantenere un verde intenso e aminoacidi che favoriscono la crescita dell&#8217;erba, nonostante le condizioni climatiche avverse, il caldo o il freddo. \u00c8 un fertilizzante perfetto da utilizzare in qualsiasi momento dell&#8217;anno nei nostri giardini.<\/p>\n","protected":false},"excerpt":{"rendered":"<ul class=\"a-unordered-list a-vertical a-spacing-mini\">\n<li><span class=\"a-list-item\">Concime organico liquido speciale per prati Prati pi\u00f9 verdi, pi\u00f9 forti e pi\u00f9 densi. Non provoca ustioni.<\/span><\/li>\n<li><span class=\"a-list-item\">Equilibrio ottimale di nutrienti essenziali per lo sviluppo vegetativo.<\/span><\/li>\n<li><span class=\"a-list-item\">Soluzione NPK 4-1-7. Apporto combinato di macronutrienti (azoto, fosforo e potassio) e micronutrienti (boro, calcio, ferro, magnesio, molibdeno e zinco) per una nutrizione pi\u00f9 completa ed equilibrata. Gli aminoacidi favoriscono l&#8217;assimilazione degli elementi e conferiscono un&#8217;azione biostimolante.<\/span><\/li>\n<li><span class=\"a-list-item\">Facilita lo sviluppo della pianta in situazioni di stress, consentendo un migliore recupero.<\/span><\/li>\n<li><span class=\"a-list-item\">Prodotto 100% naturale e innocuo per gli animali, rispettoso dell&#8217;ambiente.<\/span><\/li>\n<\/ul>\n","protected":false},"featured_media":27199,"comment_status":"open","ping_status":"closed","template":"","meta":{"_acf_changed":false},"product_brand":[],"product_cat":[394,344,346],"product_tag":[1413],"class_list":{"0":"post-17914","1":"product","2":"type-product","3":"status-publish","4":"has-post-thumbnail","6":"product_cat-concimi-liquidi","7":"product_cat-fertilizzanti","8":"product_cat-prato","9":"product_tag-caae-it","11":"first","12":"instock","13":"taxable","14":"shipping-taxable","15":"purchasable","16":"product-type-variable"},"acf":[],"_links":{"self":[{"href":"https:\/\/cultivers.es\/it\/wp-json\/wp\/v2\/product\/17914","targetHints":{"allow":["GET"]}}],"collection":[{"href":"https:\/\/cultivers.es\/it\/wp-json\/wp\/v2\/product"}],"about":[{"href":"https:\/\/cultivers.es\/it\/wp-json\/wp\/v2\/types\/product"}],"replies":[{"embeddable":true,"href":"https:\/\/cultivers.es\/it\/wp-json\/wp\/v2\/comments?post=17914"}],"wp:featuredmedia":[{"embeddable":true,"href":"https:\/\/cultivers.es\/it\/wp-json\/wp\/v2\/media\/27199"}],"wp:attachment":[{"href":"https:\/\/cultivers.es\/it\/wp-json\/wp\/v2\/media?parent=17914"}],"wp:term":[{"taxonomy":"product_brand","embeddable":true,"href":"https:\/\/cultivers.es\/it\/wp-json\/wp\/v2\/product_brand?post=17914"},{"taxonomy":"product_cat","embeddable":true,"href":"https:\/\/cultivers.es\/it\/wp-json\/wp\/v2\/product_cat?post=17914"},{"taxonomy":"product_tag","embeddable":true,"href":"https:\/\/cultivers.es\/it\/wp-json\/wp\/v2\/product_tag?post=17914"}],"curies":[{"name":"wp","href":"https:\/\/api.w.org\/{rel}","templated":true}]}}