{"id":18355,"date":"2021-10-22T12:12:49","date_gmt":"2021-10-22T12:12:49","guid":{"rendered":"https:\/\/cultivers.es\/abonos\/pomodori-e-peperoni-al-calcio\/"},"modified":"2025-09-22T04:58:50","modified_gmt":"2025-09-22T04:58:50","slug":"calcio-pomodori-e-peperoni","status":"publish","type":"product","link":"https:\/\/cultivers.es\/it\/fertilizzanti\/calcio-pomodori-e-peperoni\/","title":{"rendered":"Pomodori e peperoni al calcio"},"content":{"rendered":"<p class=\"a-spacing-base\">Concime organico idrosolubile con calcio per migliorare la compattezza, l&#8217;allegagione e i problemi di cracking. Garantisce la compattezza e la qualit\u00e0 dei frutti grazie alla sua eccellente capacit\u00e0 di penetrazione e all&#8217;efficiente traslocazione dei nutrienti nelle aree di richiesta.<\/p>\n<p class=\"a-spacing-base\">Formulazione stabile di calcio, il cui elevato carico organico gli conferisce un ulteriore vantaggio come attivatore del metabolismo vegetale. In generale, previene e corregge gli stati di carenza di calcio. Costituisce un contributo fondamentale nelle fasi fenologiche dell&#8217;allegagione e della fruttificazione, cos\u00ec importanti per garantire la produttivit\u00e0. In questo modo, favorisce la qualit\u00e0 finale dei frutti ed evita possibili squilibri nutrizionali che possono portare a rotture dei frutti o a marciumi apicali nelle colture orticole.<\/p>\n<h3 class=\"a-spacing-mini\">Che cos&#8217;\u00e8 il calcio?<\/h3>\n<p>Il calcio \u00e8 un componente strutturale della parete cellulare ed \u00e8 coinvolto nella permeabilit\u00e0 della membrana plasmatica. \u00c8 quindi coinvolto nel trasporto di fotoassimilati, cio\u00e8 contribuisce al riempimento dei frutti. La crescita di nuovi germogli e nuove radici dipende da livelli ottimali di calcio. Le carenze si verificano negli organi giovani della pianta, a causa della scarsa mobilit\u00e0 attraverso il floema.<\/p>\n<h3 class=\"a-spacing-mini\">Mancanza di calcio in pomodori e peperoni<\/h3>\n<p>Il marciume apicale \u00e8 una malattia causata dalla mancanza di calcio. Se il vostro terreno \u00e8 calcareo e soffrite di questa fisiopatologia, \u00e8 perch\u00e9 il calcio presente nel terreno \u00e8 bloccato e non pu\u00f2 essere assimilato dalle piante. Il calcio si lega al fosforo presente nel terreno per formare il trifosfato di calcio. Pu\u00f2 verificarsi in terreni acidi o scarsamente irrigati, perch\u00e9 senza acqua non assorbono il calcio. Possiamo risolvere questo problema con l&#8217;applicazione di prodotti contenenti calcio, ma devono essere prodotti con calcio chelato da sostanze organiche, in modo che la molecola di calcio possa penetrare nella pianta, altrimenti il calcio agir\u00e0 come un semplice dislocatore di sali. L&#8217;applicazione di calcio dovrebbe essere iniziata all&#8217;inizio della coltura, perch\u00e9 il calcio \u00e8 una molecola di grandi dimensioni che \u00e8 difficile da spostare all&#8217;interno della pianta, e se trattiamo quando gi\u00e0 vediamo il problema o la carenza, continueremo ad avere una piccola diminuzione fino a quando la pianta assorbe il calcio.<\/p>\n","protected":false},"excerpt":{"rendered":"<ul class=\"a-unordered-list a-vertical a-spacing-mini\">\n<li><span class=\"a-list-item\">Concime organico idrosolubile con calcio per migliorare le colture di pomodoro e peperone.<\/span><\/li>\n<li><span class=\"a-list-item\">Formulazione stabile di calcio e acidi organici, attivi nel metabolismo vegetale.<\/span><\/li>\n<li><span class=\"a-list-item\">Previene e corregge le carenze di calcio. Previene la marcescenza di pomodori e peperoni.<\/span><\/li>\n<li><span class=\"a-list-item\">Costituisce un contributo fondamentale nelle fasi fenologiche dell&#8217;allegagione e della fruttificazione, cos\u00ec importanti per garantire la produttivit\u00e0.<\/span><\/li>\n<li><span class=\"a-list-item\">100% naturale e innocuo per animali e piante.<\/span><\/li>\n<\/ul>\n","protected":false},"featured_media":54019,"comment_status":"open","ping_status":"closed","template":"","meta":{"_acf_changed":false},"product_brand":[],"product_cat":[601,605,362],"product_tag":[1562],"class_list":{"0":"post-18355","1":"product","2":"type-product","3":"status-publish","4":"has-post-thumbnail","6":"product_cat-correttori-di-carenza","7":"product_cat-frutteto","8":"product_cat-pomodori","9":"product_tag-ecocert-it","11":"first","12":"instock","13":"taxable","14":"shipping-taxable","15":"purchasable","16":"product-type-variable","17":"has-default-attributes"},"acf":[],"_links":{"self":[{"href":"https:\/\/cultivers.es\/it\/wp-json\/wp\/v2\/product\/18355","targetHints":{"allow":["GET"]}}],"collection":[{"href":"https:\/\/cultivers.es\/it\/wp-json\/wp\/v2\/product"}],"about":[{"href":"https:\/\/cultivers.es\/it\/wp-json\/wp\/v2\/types\/product"}],"replies":[{"embeddable":true,"href":"https:\/\/cultivers.es\/it\/wp-json\/wp\/v2\/comments?post=18355"}],"wp:featuredmedia":[{"embeddable":true,"href":"https:\/\/cultivers.es\/it\/wp-json\/wp\/v2\/media\/54019"}],"wp:attachment":[{"href":"https:\/\/cultivers.es\/it\/wp-json\/wp\/v2\/media?parent=18355"}],"wp:term":[{"taxonomy":"product_brand","embeddable":true,"href":"https:\/\/cultivers.es\/it\/wp-json\/wp\/v2\/product_brand?post=18355"},{"taxonomy":"product_cat","embeddable":true,"href":"https:\/\/cultivers.es\/it\/wp-json\/wp\/v2\/product_cat?post=18355"},{"taxonomy":"product_tag","embeddable":true,"href":"https:\/\/cultivers.es\/it\/wp-json\/wp\/v2\/product_tag?post=18355"}],"curies":[{"name":"wp","href":"https:\/\/api.w.org\/{rel}","templated":true}]}}