{"id":18544,"date":"2021-10-22T12:12:48","date_gmt":"2021-10-22T12:12:48","guid":{"rendered":"https:\/\/cultivers.es\/abonos\/acidi-umici\/"},"modified":"2025-09-22T04:34:52","modified_gmt":"2025-09-22T04:34:52","slug":"acidi-umici","status":"publish","type":"product","link":"https:\/\/cultivers.es\/it\/fertilizzanti\/acidi-umici\/","title":{"rendered":"Acidi umici solidi"},"content":{"rendered":"<p>Acidi umici concentrati altamente solubili. Migliora le propriet\u00e0 del suolo, la capacit\u00e0 di trattenere l&#8217;umidit\u00e0, lo sviluppo delle radici delle piante e la loro capacit\u00e0 di assimilare pi\u00f9 efficacemente i nutrienti. Si presenta sotto forma di microgranuli di elevata purezza, totalmente solubili in acqua, che lo rendono ideale per l&#8217;applicazione radicale, compreso l&#8217;uso nella fertirrigazione. Il suo regolare apporto favorisce lo sviluppo delle colture migliorando la fertilit\u00e0 del suolo e aumentando la capacit\u00e0 di trattenere acqua e nutrienti. Pu\u00f2 essere applicato durante tutta la stagione di crescita per migliorare le propriet\u00e0 fisico-chimiche del terreno, aumentarne la capacit\u00e0 di scambio cationico, migliorare le condizioni idriche e stimolare lo sviluppo delle radici. La sua composizione gli conferisce una grande capacit\u00e0 di migliorare tutti i tipi di terreno: aumenta l&#8217;aerazione nei terreni argillosi; migliora la capacit\u00e0 di ritenzione idrica nei terreni sabbiosi; aiuta a recuperare la struttura dei terreni erosi.     <\/p>\n","protected":false},"excerpt":{"rendered":"<ul>\n<li>Acidi umici e fulvici leonarditi solubili<\/li>\n<li>Migliora le propriet\u00e0 del suolo, la capacit\u00e0 di trattenere l&#8217;umidit\u00e0 e lo sviluppo delle radici delle piante.<\/li>\n<li>Microgranuli di elevata purezza, totalmente solubili in acqua, ideali per l&#8217;applicazione radicale, compresa la fertirrigazione.<\/li>\n<li>Il suo regolare apporto favorisce lo sviluppo delle colture migliorando la fertilit\u00e0 del suolo e aumentando la capacit\u00e0 di trattenere acqua e nutrienti.<\/li>\n<li>Pu\u00f2 essere applicato durante tutta la stagione di crescita per migliorare le propriet\u00e0 fisico-chimiche del terreno, aumentandone la capacit\u00e0 di scambio cationico.<\/li>\n<\/ul>\n","protected":false},"featured_media":13041,"comment_status":"open","ping_status":"closed","template":"","meta":{"_acf_changed":false},"product_brand":[],"product_cat":[657,404],"product_tag":[1413],"class_list":{"0":"post-18544","1":"product","2":"type-product","3":"status-publish","4":"has-post-thumbnail","6":"product_cat-acidi-umici","7":"product_cat-rigeneratori-del-suolo","8":"product_tag-caae-it","10":"first","11":"instock","12":"taxable","13":"shipping-taxable","14":"purchasable","15":"product-type-variable","16":"has-default-attributes"},"acf":[],"_links":{"self":[{"href":"https:\/\/cultivers.es\/it\/wp-json\/wp\/v2\/product\/18544","targetHints":{"allow":["GET"]}}],"collection":[{"href":"https:\/\/cultivers.es\/it\/wp-json\/wp\/v2\/product"}],"about":[{"href":"https:\/\/cultivers.es\/it\/wp-json\/wp\/v2\/types\/product"}],"replies":[{"embeddable":true,"href":"https:\/\/cultivers.es\/it\/wp-json\/wp\/v2\/comments?post=18544"}],"wp:featuredmedia":[{"embeddable":true,"href":"https:\/\/cultivers.es\/it\/wp-json\/wp\/v2\/media\/13041"}],"wp:attachment":[{"href":"https:\/\/cultivers.es\/it\/wp-json\/wp\/v2\/media?parent=18544"}],"wp:term":[{"taxonomy":"product_brand","embeddable":true,"href":"https:\/\/cultivers.es\/it\/wp-json\/wp\/v2\/product_brand?post=18544"},{"taxonomy":"product_cat","embeddable":true,"href":"https:\/\/cultivers.es\/it\/wp-json\/wp\/v2\/product_cat?post=18544"},{"taxonomy":"product_tag","embeddable":true,"href":"https:\/\/cultivers.es\/it\/wp-json\/wp\/v2\/product_tag?post=18544"}],"curies":[{"name":"wp","href":"https:\/\/api.w.org\/{rel}","templated":true}]}}