{"id":18546,"date":"2021-10-22T12:12:48","date_gmt":"2021-10-22T12:12:48","guid":{"rendered":"https:\/\/cultivers.es\/abonos\/agente-radicante-liquido\/"},"modified":"2025-09-22T05:00:39","modified_gmt":"2025-09-22T05:00:39","slug":"ecologico-radicante-liquido","status":"publish","type":"product","link":"https:\/\/cultivers.es\/it\/fertilizzanti\/ecologico-radicante-liquido\/","title":{"rendered":"Agente radicante liquido"},"content":{"rendered":"<p>\u00c8 un concime organico particolarmente indicato per stimolare lo sviluppo radicale nelle fasi pi\u00f9 difficili della coltura e dove \u00e8 richiesto il massimo coinvolgimento dell&#8217;apparato radicale. La sua studiata formulazione con microelementi chelati da EDTA e complessati da aminoacidi, consente il loro rapido assorbimento e traslocazione nella pianta, assicurando la massima efficienza nel minor tempo possibile. Favorisce le interazioni suolo-pianta e promuove l&#8217;equilibrio tra l&#8217;apparato radicale e quello aereo della pianta. Il suo impiego \u00e8 pienamente giustificato a partire dal trapianto, nelle fasi di fioritura e di allegagione o per superare episodi di stress o di fitotossicit\u00e0 che possono verificarsi durante il ciclo colturale.<\/p>\n","protected":false},"excerpt":{"rendered":"<ul class=\"a-unordered-list a-vertical a-spacing-mini\">\n<li><span class=\"a-list-item\">Stimola la formazione di radici secondarie aumentando il numero di peli assorbenti e rigenerando la capacit\u00e0 di assorbimento dei nutrienti.<\/span><\/li>\n<li><span class=\"a-list-item\">Concime organico per lo sviluppo delle radici.<\/span><\/li>\n<li><span class=\"a-list-item\">Favorisce le interazioni suolo-pianta e promuove l&#8217;equilibrio tra le radici e la parte aerea della pianta.<\/span><\/li>\n<li><span class=\"a-list-item\">Va utilizzato a partire dal trapianto, nella fase di fioritura e di allegagione o per superare stress o fitotossicit\u00e0 che possono verificarsi durante il ciclo vegetativo.<\/span><\/li>\n<li><span class=\"a-list-item\">Agente radicante 100% organico. Certificato per l&#8217;agricoltura biologica da Ecocert.<\/span><\/li>\n<\/ul>\n","protected":false},"featured_media":28281,"comment_status":"open","ping_status":"closed","template":"","meta":{"_acf_changed":false},"product_brand":[],"product_cat":[349,659],"product_tag":[1562],"class_list":{"0":"post-18546","1":"product","2":"type-product","3":"status-publish","4":"has-post-thumbnail","6":"product_cat-bonsai-it","7":"product_cat-radicamento","8":"product_tag-ecocert-it","10":"first","11":"instock","12":"taxable","13":"shipping-taxable","14":"purchasable","15":"product-type-variable"},"acf":[],"_links":{"self":[{"href":"https:\/\/cultivers.es\/it\/wp-json\/wp\/v2\/product\/18546","targetHints":{"allow":["GET"]}}],"collection":[{"href":"https:\/\/cultivers.es\/it\/wp-json\/wp\/v2\/product"}],"about":[{"href":"https:\/\/cultivers.es\/it\/wp-json\/wp\/v2\/types\/product"}],"replies":[{"embeddable":true,"href":"https:\/\/cultivers.es\/it\/wp-json\/wp\/v2\/comments?post=18546"}],"wp:featuredmedia":[{"embeddable":true,"href":"https:\/\/cultivers.es\/it\/wp-json\/wp\/v2\/media\/28281"}],"wp:attachment":[{"href":"https:\/\/cultivers.es\/it\/wp-json\/wp\/v2\/media?parent=18546"}],"wp:term":[{"taxonomy":"product_brand","embeddable":true,"href":"https:\/\/cultivers.es\/it\/wp-json\/wp\/v2\/product_brand?post=18546"},{"taxonomy":"product_cat","embeddable":true,"href":"https:\/\/cultivers.es\/it\/wp-json\/wp\/v2\/product_cat?post=18546"},{"taxonomy":"product_tag","embeddable":true,"href":"https:\/\/cultivers.es\/it\/wp-json\/wp\/v2\/product_tag?post=18546"}],"curies":[{"name":"wp","href":"https:\/\/api.w.org\/{rel}","templated":true}]}}