{"id":18624,"date":"2021-10-22T12:12:47","date_gmt":"2021-10-22T12:12:47","guid":{"rendered":"https:\/\/cultivers.es\/abonos\/agro-melassa-di-canna-per-piante\/"},"modified":"2025-09-22T04:56:54","modified_gmt":"2025-09-22T04:56:54","slug":"melassa-per-piante","status":"publish","type":"product","link":"https:\/\/cultivers.es\/it\/fertilizzanti\/melassa-per-piante\/","title":{"rendered":"Agro Melassa di canna per piante"},"content":{"rendered":"<p>Nella produzione biologica si raccomanda di aumentare la dose del 50%. Per uno sviluppo ottimale delle colture, il trattamento pu\u00f2 essere combinato con microrganismi benefici del suolo, in modo che la pianta possa assimilare meglio i nutrienti presenti nel terreno. Le piante sintetizzano gli aminoacidi dall&#8217;azoto assorbito sotto forma di nitrato o ammonio. Gli amminoacidi sono uniti da legami peptidici per formare le proteine e, oltre alla loro funzione strutturale, sono indispensabili nei processi biochimici della pianta, rientrando nella composizione di enzimi, ormoni e vari composti coinvolti nella difesa e nell&#8217;immunit\u00e0. Si tratta di una formulazione liquida di origine naturale con un&#8217;alta concentrazione di aminoacidi organici ottenuti per idrolisi enzimatica, integrati con sostanza organica. Ha una concentrazione del 42% di sostanza organica di origine vegetale, con una concentrazione del 10% di glicina\/betaina, che migliora le propriet\u00e0 osmoregolatrici della pianta e riduce gli episodi di stress causati da agenti esterni (biotici e abiotici). Promuove raccolti abbondanti migliorando la capacit\u00e0 di trattenere acqua e nutrienti. Pu\u00f2 essere applicato durante l&#8217;intero ciclo vegetativo della coltura per migliorare le propriet\u00e0 fisico-chimiche del terreno, ottimizzare la capacit\u00e0 di scambio cationico e promuovere un migliore sviluppo delle radici.<\/p>\n","protected":false},"excerpt":{"rendered":"<ul class=\"a-unordered-list a-vertical a-spacing-mini\">\n<li><span class=\"a-list-item\">100% MIELE NATURALE: Prodotto certificato biologico dal CAAE.<\/span><\/li>\n<li><span class=\"a-list-item\">MIGLIORA LE PROPRIETA&#8217; DEL SUOLO: favorisce l&#8217;attivit\u00e0 microbica del terreno, facilitando la disponibilit\u00e0 dei nutrienti. Aumenta la fertilit\u00e0 del suolo, ne migliora le condizioni, stimola le interazioni suolo-pianta.<\/span><\/li>\n<li><span class=\"a-list-item\">IDEALE PER I TERRENI ALCALINI: grazie alla sua formulazione equilibrata e al suo carattere leggermente acido.<\/span><\/li>\n<li><span class=\"a-list-item\">ALTA CONCENTRAZIONE DI AMINOACIDI ORGANICI: pu\u00f2 essere applicata durante tutta la stagione di crescita per migliorare le propriet\u00e0 fisico-chimiche del terreno.<\/span><\/li>\n<li><span class=\"a-list-item\">100% naturale e innocuo per animali e piante.<\/span><\/li>\n<\/ul>\n","protected":false},"featured_media":53220,"comment_status":"open","ping_status":"closed","template":"","meta":{"_acf_changed":false},"product_brand":[],"product_cat":[526,607,527,349,611,622,360,1274,605,623,540,626,543,362,346,404,606],"product_tag":[1413],"class_list":{"0":"post-18624","1":"product","2":"type-product","3":"status-publish","4":"has-post-thumbnail","6":"product_cat-agrumi","7":"product_cat-alberi-da-frutto","8":"product_cat-albero-di-ulivo","9":"product_cat-bonsai-it","10":"product_cat-cactus-piante-grasse-e-succulente","11":"product_cat-cespugli-di-rose","12":"product_cat-conifere-e-siepi","13":"product_cat-fertilizzanti-consigliati","14":"product_cat-frutteto","15":"product_cat-gerani","16":"product_cat-orchidee","17":"product_cat-ornamentali","18":"product_cat-ortensie","19":"product_cat-pomodori","20":"product_cat-prato","21":"product_cat-rigeneratori-del-suolo","22":"product_cat-tropicale","23":"product_tag-caae-it","25":"first","26":"instock","27":"taxable","28":"shipping-taxable","29":"purchasable","30":"product-type-variable"},"acf":[],"_links":{"self":[{"href":"https:\/\/cultivers.es\/it\/wp-json\/wp\/v2\/product\/18624","targetHints":{"allow":["GET"]}}],"collection":[{"href":"https:\/\/cultivers.es\/it\/wp-json\/wp\/v2\/product"}],"about":[{"href":"https:\/\/cultivers.es\/it\/wp-json\/wp\/v2\/types\/product"}],"replies":[{"embeddable":true,"href":"https:\/\/cultivers.es\/it\/wp-json\/wp\/v2\/comments?post=18624"}],"wp:featuredmedia":[{"embeddable":true,"href":"https:\/\/cultivers.es\/it\/wp-json\/wp\/v2\/media\/53220"}],"wp:attachment":[{"href":"https:\/\/cultivers.es\/it\/wp-json\/wp\/v2\/media?parent=18624"}],"wp:term":[{"taxonomy":"product_brand","embeddable":true,"href":"https:\/\/cultivers.es\/it\/wp-json\/wp\/v2\/product_brand?post=18624"},{"taxonomy":"product_cat","embeddable":true,"href":"https:\/\/cultivers.es\/it\/wp-json\/wp\/v2\/product_cat?post=18624"},{"taxonomy":"product_tag","embeddable":true,"href":"https:\/\/cultivers.es\/it\/wp-json\/wp\/v2\/product_tag?post=18624"}],"curies":[{"name":"wp","href":"https:\/\/api.w.org\/{rel}","templated":true}]}}