{"id":18759,"date":"2021-10-22T12:12:52","date_gmt":"2021-10-22T12:12:52","guid":{"rendered":"https:\/\/cultivers.es\/abonos\/farina-di-pesce\/"},"modified":"2025-09-22T05:24:09","modified_gmt":"2025-09-22T05:24:09","slug":"farina-di-pesce","status":"publish","type":"product","link":"https:\/\/cultivers.es\/it\/fertilizzanti\/farina-di-pesce\/","title":{"rendered":"Farina di pesce"},"content":{"rendered":"<p>La farina di pesce \u00e8 un fertilizzante organico ad alto contenuto di azoto e fosforo. Attivatore di una crescita equilibrata delle colture. La sua applicazione fornisce un apporto rapido ed equilibrato di azoto e fosforo, che favorisce e stimola i processi fisiologici delle piante. Nelle piante, la maggior parte dell&#8217;azoto si trova in composti ad alto peso molecolare (proteine e acidi nucleici). Di solito \u00e8 il macroelemento che pi\u00f9 frequentemente limita la produzione delle colture. La carenza di azoto provoca la clorosi delle foglie pi\u00f9 vecchie, con una diminuzione della superficie della biomassa.    I suoi nutrienti vengono rilasciati gradualmente, coprendo le esigenze della coltura durante il suo sviluppo. La sua applicazione aumenta il tasso di fotosintesi e garantisce l&#8217;apporto di azoto e fosforo nei momenti critici della crescita vegetativa. La sua origine e il suo processo di produzione fanno s\u00ec che i suoi componenti non vengano dilavati dall&#8217;acqua piovana o dall&#8217;irrigazione prolungata, evitando cos\u00ec la perdita di materiale nutritivo e la contaminazione delle falde acquifere. <\/p>\n","protected":false},"excerpt":{"rendered":"<ul class=\"a-unordered-list a-vertical a-spacing-mini\">\n<li><span class=\"a-list-item\">Concime organico di origine animale ad alto contenuto di azoto e fosforo. NP 9,5% + 8,23% + 8,23%.<\/span><\/li>\n<li><span class=\"a-list-item\">Fertilizzante 100% naturale per il terreno da applicare uniformemente sulla superficie del terreno, interrandolo leggermente e annaffiando successivamente.<\/span><\/li>\n<li><span class=\"a-list-item\">Soddisfa le esigenze delle piante in modo graduale durante il loro sviluppo.<\/span><\/li>\n<li><span class=\"a-list-item\">Non perde le sue qualit\u00e0 quando piove.<\/span><\/li>\n<li><span class=\"a-list-item\">Attivatore di una crescita equilibrata delle colture. La sua applicazione fornisce un apporto rapido ed equilibrato di azoto e fosforo, che favorisce e stimola i processi fisiologici delle piante.<\/span><\/li>\n<\/ul>\n","protected":false},"featured_media":13031,"comment_status":"open","ping_status":"closed","template":"","meta":{"_acf_changed":false},"product_brand":[],"product_cat":[697,404],"product_tag":[1562],"woo-feed-brand":[],"class_list":{"0":"post-18759","1":"product","2":"type-product","3":"status-publish","4":"has-post-thumbnail","6":"product_cat-materie-prime","7":"product_cat-rigeneratori-del-suolo","8":"product_tag-ecocert-it","10":"first","11":"outofstock","12":"taxable","13":"shipping-taxable","14":"purchasable","15":"product-type-variable"},"acf":[],"_links":{"self":[{"href":"https:\/\/cultivers.es\/it\/wp-json\/wp\/v2\/product\/18759","targetHints":{"allow":["GET"]}}],"collection":[{"href":"https:\/\/cultivers.es\/it\/wp-json\/wp\/v2\/product"}],"about":[{"href":"https:\/\/cultivers.es\/it\/wp-json\/wp\/v2\/types\/product"}],"replies":[{"embeddable":true,"href":"https:\/\/cultivers.es\/it\/wp-json\/wp\/v2\/comments?post=18759"}],"wp:featuredmedia":[{"embeddable":true,"href":"https:\/\/cultivers.es\/it\/wp-json\/wp\/v2\/media\/13031"}],"wp:attachment":[{"href":"https:\/\/cultivers.es\/it\/wp-json\/wp\/v2\/media?parent=18759"}],"wp:term":[{"taxonomy":"product_brand","embeddable":true,"href":"https:\/\/cultivers.es\/it\/wp-json\/wp\/v2\/product_brand?post=18759"},{"taxonomy":"product_cat","embeddable":true,"href":"https:\/\/cultivers.es\/it\/wp-json\/wp\/v2\/product_cat?post=18759"},{"taxonomy":"product_tag","embeddable":true,"href":"https:\/\/cultivers.es\/it\/wp-json\/wp\/v2\/product_tag?post=18759"},{"taxonomy":"woo-feed-brand","embeddable":true,"href":"https:\/\/cultivers.es\/it\/wp-json\/wp\/v2\/woo-feed-brand?post=18759"}],"curies":[{"name":"wp","href":"https:\/\/api.w.org\/{rel}","templated":true}]}}