{"id":18764,"date":"2021-10-22T12:12:52","date_gmt":"2021-10-22T12:12:52","guid":{"rendered":"https:\/\/cultivers.es\/abonos\/farina-di-ossa\/"},"modified":"2025-09-22T05:30:55","modified_gmt":"2025-09-22T05:30:55","slug":"osso-di-farina","status":"publish","type":"product","link":"https:\/\/cultivers.es\/it\/fertilizzanti\/osso-di-farina\/","title":{"rendered":"Farina di ossa"},"content":{"rendered":"<p>L&#8217;apparato radicale della pianta \u00e8 responsabile dell&#8217;esplorazione del suolo e dell&#8217;assunzione di acqua e nutrienti minerali da esso; una radice abbondante \u00e8 uno dei modi pi\u00f9 diretti ed economici per aumentare l&#8217;efficienza dell&#8217;assorbimento dei nutrienti, riducendo cos\u00ec l&#8217;apporto extra di NPK.<br \/>\nInoltre, \u00e8 nella radice che viene sintetizzata la maggior parte degli ormoni responsabili della regolazione del metabolismo della pianta in processi importanti come la divisione cellulare, l&#8217;ispessimento e l&#8217;allungamento delle cellule, l&#8217;allegagione e la crescita dei frutti, ecc. Il calcio \u00e8 coinvolto nelle reazioni di resistenza e adattamento della pianta ed \u00e8 uno dei componenti pi\u00f9 importanti della parete cellulare, che la rende permeabile. Inoltre, migliora la qualit\u00e0, la consistenza e la vita post-raccolta dei frutti.<br \/>\nConcime naturale ideale per piantare alberi e arbusti. Favorisce la radicazione e stimola la fioritura e la fruttificazione.<\/p>\n","protected":false},"excerpt":{"rendered":"<ul>\n<li>Concime naturale che fornisce fosforo e calcio a tutti i tipi di colture.<\/li>\n<li>Stimola la radicazione, la crescita, l&#8217;assorbimento dei nutrienti e la fioritura delle piante.<\/li>\n<li>Aumenta l&#8217;allegagione<\/li>\n<li>Aumenta il vigore e la forza contro i parassiti e i fattori negativi esterni<\/li>\n<li>Ideale per tutti i tipi di colture, piante e giardini.<\/li>\n<\/ul>\n","protected":false},"featured_media":13171,"comment_status":"open","ping_status":"closed","template":"","meta":{"_acf_changed":false},"product_brand":[],"product_cat":[1274,697,404],"product_tag":[1562],"woo-feed-brand":[],"class_list":{"0":"post-18764","1":"product","2":"type-product","3":"status-publish","4":"has-post-thumbnail","6":"product_cat-fertilizzanti-consigliati","7":"product_cat-materie-prime","8":"product_cat-rigeneratori-del-suolo","9":"product_tag-ecocert-it","11":"first","12":"outofstock","13":"taxable","14":"shipping-taxable","15":"purchasable","16":"product-type-variable"},"acf":[],"_links":{"self":[{"href":"https:\/\/cultivers.es\/it\/wp-json\/wp\/v2\/product\/18764","targetHints":{"allow":["GET"]}}],"collection":[{"href":"https:\/\/cultivers.es\/it\/wp-json\/wp\/v2\/product"}],"about":[{"href":"https:\/\/cultivers.es\/it\/wp-json\/wp\/v2\/types\/product"}],"replies":[{"embeddable":true,"href":"https:\/\/cultivers.es\/it\/wp-json\/wp\/v2\/comments?post=18764"}],"wp:featuredmedia":[{"embeddable":true,"href":"https:\/\/cultivers.es\/it\/wp-json\/wp\/v2\/media\/13171"}],"wp:attachment":[{"href":"https:\/\/cultivers.es\/it\/wp-json\/wp\/v2\/media?parent=18764"}],"wp:term":[{"taxonomy":"product_brand","embeddable":true,"href":"https:\/\/cultivers.es\/it\/wp-json\/wp\/v2\/product_brand?post=18764"},{"taxonomy":"product_cat","embeddable":true,"href":"https:\/\/cultivers.es\/it\/wp-json\/wp\/v2\/product_cat?post=18764"},{"taxonomy":"product_tag","embeddable":true,"href":"https:\/\/cultivers.es\/it\/wp-json\/wp\/v2\/product_tag?post=18764"},{"taxonomy":"woo-feed-brand","embeddable":true,"href":"https:\/\/cultivers.es\/it\/wp-json\/wp\/v2\/woo-feed-brand?post=18764"}],"curies":[{"name":"wp","href":"https:\/\/api.w.org\/{rel}","templated":true}]}}