{"id":18785,"date":"2021-10-22T13:29:43","date_gmt":"2021-10-22T13:29:43","guid":{"rendered":"https:\/\/cultivers.es\/abonos\/humus-liquido-di-vermi\/"},"modified":"2025-09-22T05:00:22","modified_gmt":"2025-09-22T05:00:22","slug":"liquido-terra-umido","status":"publish","type":"product","link":"https:\/\/cultivers.es\/it\/fertilizzanti\/liquido-terra-umido\/","title":{"rendered":"Humus liquido di vermi"},"content":{"rendered":"<p>LOMBRIZ HUMUS deriva dalla stabilizzazione di materia organica di origine animale da parte di lombrichi della specie Eisenia foetida ed \u00e8 arricchito con fitormoni che agiscono come regolatori della crescita delle piante. \u00c8 ricco di flora microbica (1 grammo di humus contiene circa 2.000 miliardi di microrganismi), ristabilendo rapidamente la vita nel suolo. Migliora la struttura del suolo, l&#8217;aerazione e la capacit\u00e0 di trattenere l&#8217;umidit\u00e0. Stimola lo sviluppo delle radici delle piante e l&#8217;assorbimento dei nutrienti. Ha un pH neutro che lo rende ideale per l&#8217;applicazione su qualsiasi tipo di terreno. Prodotto privo di Salmonella sp, Escherichia coli e di metalli pesanti. Prodotto privo di Salmonella sp, Escherichia coli e di metalli pesanti. L&#8217;applicazione continua di vermicompost migliora le propriet\u00e0 del suolo, il che si traduce in un aumento della qualit\u00e0 e della resa delle colture. L&#8217;humus di vermi ha un&#8217;elevata attivit\u00e0 microbica che migliora la crescita delle piante. Ha un effetto soppressivo contro i nematodi e altri patogeni delle piante. L&#8217;humus di verme ha la capacit\u00e0 di modificare l&#8217;estraibilit\u00e0 dei metalli pesanti, il comportamento (adsorbimento, degradazione) dei pesticidi nel suolo e di rigenerare i suoli degradati.<\/p>\n","protected":false},"excerpt":{"rendered":"<div id=\"featurebullets_feature_div\" class=\"celwidget\" data-feature-name=\"featurebullets\" data-csa-c-id=\"245fnw-2te75m-sv0udn-eq9t1v\" data-cel-widget=\"featurebullets_feature_div\">\n<div id=\"feature-bullets\" class=\"a-section a-spacing-medium a-spacing-top-small\">\n<ul class=\"a-unordered-list a-vertical a-spacing-mini\">\n<li><span class=\"a-list-item\">100% humus di vermi biologici di altissima qualit\u00e0.<\/span><\/li>\n<li><span class=\"a-list-item\">Stimola lo sviluppo delle radici delle piante e l&#8217;assorbimento dei nutrienti. <\/span><\/li>\n<li><span class=\"a-list-item\">Ha un pH neutro che lo rende ideale per tutti i tipi di terreno come fonte di materia organica. <\/span><\/li>\n<li><span class=\"a-list-item\">L&#8217;humus di vermi aumenta la qualit\u00e0 e la resa delle colture. Ha un basso rapporto C\/N, che consente una rapida mineralizzazione e il rilascio di sostanze nutritive.<\/span><\/li>\n<li><span class=\"a-list-item\">Numero di registrazione certificato da sohiscert: CV237PAE-07.<\/span><\/li>\n<\/ul>\n<\/div>\n<\/div>\n<div id=\"customerReviewsAttribute_feature_div\" class=\"celwidget\" data-feature-name=\"customerReviewsAttribute\" data-csa-c-id=\"gms01g-hds0gw-ttj0o5-amotg8\" data-cel-widget=\"customerReviewsAttribute_feature_div\"><\/div>\n<div id=\"addOnItem_feature_div\" class=\"celwidget\" data-feature-name=\"addOnItem\" data-csa-c-id=\"sjbsfd-ae4hfa-ywtuny-kelnhg\" data-cel-widget=\"addOnItem_feature_div\"><\/div>\n<div id=\"andonCord_feature_div\" class=\"celwidget\" data-feature-name=\"andonCord\" data-csa-c-id=\"vkqi6k-olw88z-eqvebc-9slw0y\" data-cel-widget=\"andonCord_feature_div\"><\/div>\n<div id=\"HLCXComparisonJumplink_feature_div\"><\/div>\n","protected":false},"featured_media":28793,"comment_status":"open","ping_status":"closed","template":"","meta":{"_acf_changed":false},"product_brand":[],"product_cat":[526,607,349,622,394,360,605,623,626,543,627,362,346,404,606],"product_tag":[1562],"class_list":{"0":"post-18785","1":"product","2":"type-product","3":"status-publish","4":"has-post-thumbnail","6":"product_cat-agrumi","7":"product_cat-alberi-da-frutto","8":"product_cat-bonsai-it","9":"product_cat-cespugli-di-rose","10":"product_cat-concimi-liquidi","11":"product_cat-conifere-e-siepi","12":"product_cat-frutteto","13":"product_cat-gerani","14":"product_cat-ornamentali","15":"product_cat-ortensie","16":"product_cat-piante-da-interno","17":"product_cat-pomodori","18":"product_cat-prato","19":"product_cat-rigeneratori-del-suolo","20":"product_cat-tropicale","21":"product_tag-ecocert-it","23":"first","24":"instock","25":"taxable","26":"shipping-taxable","27":"purchasable","28":"product-type-variable"},"acf":[],"_links":{"self":[{"href":"https:\/\/cultivers.es\/it\/wp-json\/wp\/v2\/product\/18785","targetHints":{"allow":["GET"]}}],"collection":[{"href":"https:\/\/cultivers.es\/it\/wp-json\/wp\/v2\/product"}],"about":[{"href":"https:\/\/cultivers.es\/it\/wp-json\/wp\/v2\/types\/product"}],"replies":[{"embeddable":true,"href":"https:\/\/cultivers.es\/it\/wp-json\/wp\/v2\/comments?post=18785"}],"wp:featuredmedia":[{"embeddable":true,"href":"https:\/\/cultivers.es\/it\/wp-json\/wp\/v2\/media\/28793"}],"wp:attachment":[{"href":"https:\/\/cultivers.es\/it\/wp-json\/wp\/v2\/media?parent=18785"}],"wp:term":[{"taxonomy":"product_brand","embeddable":true,"href":"https:\/\/cultivers.es\/it\/wp-json\/wp\/v2\/product_brand?post=18785"},{"taxonomy":"product_cat","embeddable":true,"href":"https:\/\/cultivers.es\/it\/wp-json\/wp\/v2\/product_cat?post=18785"},{"taxonomy":"product_tag","embeddable":true,"href":"https:\/\/cultivers.es\/it\/wp-json\/wp\/v2\/product_tag?post=18785"}],"curies":[{"name":"wp","href":"https:\/\/api.w.org\/{rel}","templated":true}]}}