{"id":18965,"date":"2021-10-22T12:12:50","date_gmt":"2021-10-22T12:12:50","guid":{"rendered":"https:\/\/cultivers.es\/abonos\/concime-per-lingrasso-e-la-maturazione\/"},"modified":"2026-03-19T07:05:37","modified_gmt":"2026-03-19T07:05:37","slug":"concimi-per-lingrasso-e-la-stagionatura","status":"publish","type":"product","link":"https:\/\/cultivers.es\/it\/fertilizzanti\/concimi-per-lingrasso-e-la-stagionatura\/","title":{"rendered":"Concime per l&#8217;ingrasso e la maturazione"},"content":{"rendered":"<div class=\"page\" title=\"Pagina 1\">\n<div class=\"section\">\n<div class=\"layoutArea\">\n<div class=\"column\">\n<p>Il concime per l&#8217;ingrasso e la maturazione \u00e8 un fertilizzante altamente concentrato in <a href=\"https:\/\/cultivers.es\/it\/abonos-ecologicos\/fertilizzanti\/acidi-umici\/\">acidi fulvici<\/a> e potassio. Fornisce numerosi benefici che integrano la sua funzione primaria di fornire potassio di alta qualit\u00e0 e di rapida assimilazione.<\/p>\n<p>Gli acidi fulvici sono potenti stimolanti organici. Sono pi\u00f9 reattivi degli acidi umici grazie alle loro dimensioni molecolari pi\u00f9 piccole e quindi agiscono pi\u00f9 rapidamente per migliorare la crescita delle piante. Inoltre, aumentano la permeabilit\u00e0 delle membrane cellulari, migliorando l&#8217;assorbimento dei nutrienti.<\/p>\n<p>Nel terreno, agiscono come agenti chelanti naturali. Formano fulvati con i cationi bloccati, convertendoli in molecole facilmente assimilabili che entrano rapidamente all&#8217;interno della pianta, ottimizzando l&#8217;apporto dei fertilizzanti applicati durante l&#8217;irrigazione. Migliorano la struttura del suolo grazie all&#8217;aumento dell&#8217;aerazione e alla flocculazione dell&#8217;argilla, favorendo la crescita delle radici.<\/p>\n<p>Il nostro concime per l&#8217;ingrasso e la maturazione migliora la produzione di pigmenti in frutta e verdura e quindi l&#8217;intensit\u00e0 del colore. Il contenuto di zucchero, acidit\u00e0 e succo aumenta e l&#8217;aroma si intensifica. I frutti commercializzati sono molto pi\u00f9 attraenti per i clienti.<\/p>\n<p>Aumenta la consistenza dei tessuti della pianta, che \u00e8 decisiva.<\/p>\n<\/div>\n<\/div>\n<\/div>\n<\/div>\n","protected":false},"excerpt":{"rendered":"<div id=\"featurebullets_feature_div\" class=\"celwidget\" data-feature-name=\"featurebullets\" data-csa-c-id=\"kxuqun-1zzt9o-6y97l6-wnlnvu\" data-cel-widget=\"featurebullets_feature_div\">\n<div id=\"feature-bullets\" class=\"a-section a-spacing-medium a-spacing-top-small\">\n<ul class=\"a-unordered-list a-vertical a-spacing-mini\">\n<li><span class=\"a-list-item\">Soluzione di potassio a pH neutro per l&#8217;ingrasso e la maturazione dei frutti.<\/span><\/li>\n<li><span class=\"a-list-item\">\u00c8 altamente mobile e traslocabile, quindi la pianta ha una maggiore capacit\u00e0 di assimilarla rapidamente.<\/span><\/li>\n<li><span class=\"a-list-item\">Favorisce la sintesi degli zuccheri e il loro successivo accumulo negli organi di riserva.<\/span><\/li>\n<li><span class=\"a-list-item\">Si consiglia di applicarlo durante la fase di fruttificazione per migliorare il processo di ingrasso, in quanto favorisce l&#8217;aumento delle dimensioni e l&#8217;uniformit\u00e0 dei frutti.<\/span><\/li>\n<li><span class=\"a-list-item\">concime potassico indicato per l&#8217;applicazione durante le fasi di crescita dei frutti e degli altri organi di riserva<\/span><\/li>\n<\/ul>\n<\/div>\n<\/div>\n","protected":false},"featured_media":12696,"comment_status":"open","ping_status":"closed","template":"","meta":{"_acf_changed":false},"product_brand":[],"product_cat":[605,713,362],"product_tag":[1562],"class_list":{"0":"post-18965","1":"product","2":"type-product","3":"status-publish","4":"has-post-thumbnail","6":"product_cat-frutteto","7":"product_cat-maturazione-e-ingrasso-it","8":"product_cat-pomodori","9":"product_tag-ecocert-it","11":"first","12":"instock","13":"featured","14":"taxable","15":"shipping-taxable","16":"purchasable","17":"product-type-variable"},"acf":[],"_links":{"self":[{"href":"https:\/\/cultivers.es\/it\/wp-json\/wp\/v2\/product\/18965","targetHints":{"allow":["GET"]}}],"collection":[{"href":"https:\/\/cultivers.es\/it\/wp-json\/wp\/v2\/product"}],"about":[{"href":"https:\/\/cultivers.es\/it\/wp-json\/wp\/v2\/types\/product"}],"replies":[{"embeddable":true,"href":"https:\/\/cultivers.es\/it\/wp-json\/wp\/v2\/comments?post=18965"}],"wp:featuredmedia":[{"embeddable":true,"href":"https:\/\/cultivers.es\/it\/wp-json\/wp\/v2\/media\/12696"}],"wp:attachment":[{"href":"https:\/\/cultivers.es\/it\/wp-json\/wp\/v2\/media?parent=18965"}],"wp:term":[{"taxonomy":"product_brand","embeddable":true,"href":"https:\/\/cultivers.es\/it\/wp-json\/wp\/v2\/product_brand?post=18965"},{"taxonomy":"product_cat","embeddable":true,"href":"https:\/\/cultivers.es\/it\/wp-json\/wp\/v2\/product_cat?post=18965"},{"taxonomy":"product_tag","embeddable":true,"href":"https:\/\/cultivers.es\/it\/wp-json\/wp\/v2\/product_tag?post=18965"}],"curies":[{"name":"wp","href":"https:\/\/api.w.org\/{rel}","templated":true}]}}