{"id":18966,"date":"2021-10-22T12:12:50","date_gmt":"2021-10-22T12:12:50","guid":{"rendered":"https:\/\/cultivers.es\/abonos\/fertilizzante-ingrassante-e-intensificatore-di-colore\/"},"modified":"2025-09-22T05:00:23","modified_gmt":"2025-09-22T05:00:23","slug":"fertilizzante-intensificante-del-colore","status":"publish","type":"product","link":"https:\/\/cultivers.es\/it\/fertilizzanti\/fertilizzante-intensificante-del-colore\/","title":{"rendered":"Fertilizzante ingrassante e intensificatore di colore"},"content":{"rendered":"<p>Concime ingrassante e intensificatore di colore a base di <a href=\"https:\/\/cultivers.es\/it\/abonos-ecologicos\/fertilizzanti\/biostimolanti\/alghe\/\">estratti di alghe<\/a> con micronutrienti. Questi agiscono in modo sinergico sulla pianta per reindirizzare il maggior numero possibile di fotoassimilati disponibili verso i frutti in crescita. Nella pianta, i frutti competono per una disponibilit\u00e0 limitata, ma non fissa, di fotoassimilati. Questi sono distribuiti tra i diversi pozzi a seconda della loro posizione e distanza dalle sorgenti. E naturalmente la forza da essi esercitata, che non \u00e8 altro che la capacit\u00e0 di attrarre e accumulare fotosimili. Capacit\u00e0 determinata da fattori anatomici e ormonali.<\/p>\n<p>La distribuzione dei fotoassimilati nella pianta pu\u00f2 quindi essere considerata un processo regolato. In modo complesso a causa dell&#8217;interazione tra i frutti stessi, tra i frutti e le foglie e, naturalmente, a causa dello stato funzionale della via di trasporto, il floema<a href=\"https:\/\/es.wikipedia.org\/wiki\/Floema\" target=\"_blank\" rel=\"noopener\">.<\/a> Composto da tubi di setaccio, cellule associate e connessioni vascolari.<\/p>\n<p>Il fertilizzante Ingrasso e Intensificatore di colore deve essere applicato durante le fasi di allegagione, crescita e maturazione dei frutti, per aumentarne il numero, la dimensione e la colorazione.<\/p>\n","protected":false},"excerpt":{"rendered":"<ul class=\"a-unordered-list a-vertical a-spacing-mini\">\n<li><span class=\"a-list-item\">Concime a base di alghe per stimolare la crescita dei frutti, senza ormoni sintetici.<\/span><\/li>\n<li><span class=\"a-list-item\">\u00c8 un prodotto ideale per l&#8217;allegagione, l&#8217;ingrassamento, la colorazione e la maturazione dei frutti.<\/span><\/li>\n<li><span class=\"a-list-item\">Aumenta la resa di tutti i tipi di colture e i suoi effetti sono visibili molto rapidamente.<\/span><\/li>\n<li><span class=\"a-list-item\">Migliora tutti i parametri qualitativi della frutta: calibro, consistenza, turgore, colorazione, omogeneit\u00e0 e conservabilit\u00e0.<\/span><\/li>\n<li><span class=\"a-list-item\">\u00c8 uno stimolatore organico al 100%. Certificato per l&#8217;agricoltura biologica dal CAEE.<\/span><\/li>\n<\/ul>\n","protected":false},"featured_media":29172,"comment_status":"open","ping_status":"closed","template":"","meta":{"_acf_changed":false},"product_brand":[],"product_cat":[526,607,527,713,606],"product_tag":[],"class_list":{"0":"post-18966","1":"product","2":"type-product","3":"status-publish","4":"has-post-thumbnail","6":"product_cat-agrumi","7":"product_cat-alberi-da-frutto","8":"product_cat-albero-di-ulivo","9":"product_cat-maturazione-e-ingrasso-it","10":"product_cat-tropicale","12":"first","13":"instock","14":"taxable","15":"shipping-taxable","16":"purchasable","17":"product-type-variable"},"acf":[],"_links":{"self":[{"href":"https:\/\/cultivers.es\/it\/wp-json\/wp\/v2\/product\/18966","targetHints":{"allow":["GET"]}}],"collection":[{"href":"https:\/\/cultivers.es\/it\/wp-json\/wp\/v2\/product"}],"about":[{"href":"https:\/\/cultivers.es\/it\/wp-json\/wp\/v2\/types\/product"}],"replies":[{"embeddable":true,"href":"https:\/\/cultivers.es\/it\/wp-json\/wp\/v2\/comments?post=18966"}],"wp:featuredmedia":[{"embeddable":true,"href":"https:\/\/cultivers.es\/it\/wp-json\/wp\/v2\/media\/29172"}],"wp:attachment":[{"href":"https:\/\/cultivers.es\/it\/wp-json\/wp\/v2\/media?parent=18966"}],"wp:term":[{"taxonomy":"product_brand","embeddable":true,"href":"https:\/\/cultivers.es\/it\/wp-json\/wp\/v2\/product_brand?post=18966"},{"taxonomy":"product_cat","embeddable":true,"href":"https:\/\/cultivers.es\/it\/wp-json\/wp\/v2\/product_cat?post=18966"},{"taxonomy":"product_tag","embeddable":true,"href":"https:\/\/cultivers.es\/it\/wp-json\/wp\/v2\/product_tag?post=18966"}],"curies":[{"name":"wp","href":"https:\/\/api.w.org\/{rel}","templated":true}]}}