{"id":19129,"date":"2022-12-23T13:48:46","date_gmt":"2022-12-23T13:48:46","guid":{"rendered":"https:\/\/cultivers.es\/abonos\/farina-pluma\/"},"modified":"2025-09-22T04:45:33","modified_gmt":"2025-09-22T04:45:33","slug":"farina-di-piume","status":"publish","type":"product","link":"https:\/\/cultivers.es\/it\/fertilizzanti\/farina-di-piume\/","title":{"rendered":"Farina Pluma"},"content":{"rendered":"<p>La farina di piume pu\u00f2 essere utilizzata in agricoltura ed \u00e8 una fonte di azoto e aminoacidi, con l&#8217;85% di materia organica e oltre il 49% di carbonio organico, un buon fertilizzante per le nostre piante. La farina di piume \u00e8 un fertilizzante organico ad alto contenuto di azoto, che favorisce la crescita di radici, fusti e foglie, ideale per l&#8217;uso in frutteti biologici, alberi da fiore\/frutta e piante ornamentali.<\/p>\n<p>Inoltre, grazie all&#8217;uso della tecnologia di idrolisi con temperatura, pressione ed enzimi, consente di rendere le molecole di aminoacidi sufficientemente piccole da essere assorbite dalla radice della pianta.<\/p>\n<p>Un&#8217;altra caratteristica della farina di piume \u00e8 che l&#8217;azoto \u00e8 a lento rilascio, a differenza della farina di sangue, che ha un rilascio pi\u00f9 rapido. Inoltre, questo azoto, essendo a lenta decomposizione, \u00e8 utile per attivare la decomposizione dei residui vegetali nel compost.<\/p>\n","protected":false},"excerpt":{"rendered":"<div class=\"page\" title=\"Pagina 1\">\n<div class=\"section\">\n<div class=\"layoutArea\">\n<div class=\"column\">\n<p>Farina Pluma. Fertilizzante organico a lento rilascio di origine animale ad alto contenuto di azoto<\/p>\n<p>Favorisce la crescita di radici, fusti e foglie, ideale per l&#8217;uso in orti biologici, alberi da fiore\/frutta e piante ornamentali.<\/p>\n<p>Attiva la decomposizione dei residui vegetali nel compost.<\/p>\n<p>Grazie all&#8217;uso della tecnologia dell&#8217;idrolisi con temperatura, pressione ed enzimi, le molecole di aminoacidi vengono rese sufficientemente piccole da essere assorbite dalla radice della pianta.<\/p>\n<p>Dosaggio generale: applicare 40 grammi per metro quadro ogni 3 settimane o in base alle esigenze della coltura.<\/p>\n<\/div>\n<\/div>\n<\/div>\n<\/div>\n","protected":false},"featured_media":16486,"comment_status":"open","ping_status":"closed","template":"","meta":{"_acf_changed":false},"product_brand":[],"product_cat":[697],"product_tag":[],"class_list":{"0":"post-19129","1":"product","2":"type-product","3":"status-publish","4":"has-post-thumbnail","6":"product_cat-materie-prime","8":"first","9":"outofstock","10":"taxable","11":"shipping-taxable","12":"purchasable","13":"product-type-variable","14":"has-default-attributes"},"acf":[],"_links":{"self":[{"href":"https:\/\/cultivers.es\/it\/wp-json\/wp\/v2\/product\/19129","targetHints":{"allow":["GET"]}}],"collection":[{"href":"https:\/\/cultivers.es\/it\/wp-json\/wp\/v2\/product"}],"about":[{"href":"https:\/\/cultivers.es\/it\/wp-json\/wp\/v2\/types\/product"}],"replies":[{"embeddable":true,"href":"https:\/\/cultivers.es\/it\/wp-json\/wp\/v2\/comments?post=19129"}],"wp:featuredmedia":[{"embeddable":true,"href":"https:\/\/cultivers.es\/it\/wp-json\/wp\/v2\/media\/16486"}],"wp:attachment":[{"href":"https:\/\/cultivers.es\/it\/wp-json\/wp\/v2\/media?parent=19129"}],"wp:term":[{"taxonomy":"product_brand","embeddable":true,"href":"https:\/\/cultivers.es\/it\/wp-json\/wp\/v2\/product_brand?post=19129"},{"taxonomy":"product_cat","embeddable":true,"href":"https:\/\/cultivers.es\/it\/wp-json\/wp\/v2\/product_cat?post=19129"},{"taxonomy":"product_tag","embeddable":true,"href":"https:\/\/cultivers.es\/it\/wp-json\/wp\/v2\/product_tag?post=19129"}],"curies":[{"name":"wp","href":"https:\/\/api.w.org\/{rel}","templated":true}]}}