{"id":19251,"date":"2022-12-19T11:26:32","date_gmt":"2022-12-19T11:26:32","guid":{"rendered":"https:\/\/cultivers.es\/abonos\/confezione-da-6-semi-aromatici-e-6-fiori-commestibili-biologici-concimi-e-trattamenti\/"},"modified":"2025-09-22T05:16:59","modified_gmt":"2025-09-22T05:16:59","slug":"pack-6-aromatici-e-6-fiori-edibili-concimi-ecologici-e-trattamenti-confezioni-semina","status":"publish","type":"product","link":"https:\/\/cultivers.es\/it\/fertilizzanti\/pack-6-aromatici-e-6-fiori-edibili-concimi-ecologici-e-trattamenti-confezioni-semina\/","title":{"rendered":"Confezione da 6 semi aromatici e 6 fiori commestibili \/ Concimi e trattamenti"},"content":{"rendered":"<p><img loading=\"lazy\" decoding=\"async\" class=\"alignnone wp-image-6980\" src=\"https:\/\/cultivers.es\/wp-content\/uploads\/2022\/12\/12-AROMATICASFLORESCOMESTIBLES-300x134.jpg\" alt=\"\" width=\"1200\" height=\"536\" title=\"\" srcset=\"https:\/\/cultivers.es\/wp-content\/uploads\/2022\/12\/12-AROMATICASFLORESCOMESTIBLES-300x134.jpg 300w, https:\/\/cultivers.es\/wp-content\/uploads\/2022\/12\/12-AROMATICASFLORESCOMESTIBLES-scaled-600x268.jpg 600w, https:\/\/cultivers.es\/wp-content\/uploads\/2022\/12\/12-AROMATICASFLORESCOMESTIBLES-1024x458.jpg 1024w, https:\/\/cultivers.es\/wp-content\/uploads\/2022\/12\/12-AROMATICASFLORESCOMESTIBLES-768x343.jpg 768w, https:\/\/cultivers.es\/wp-content\/uploads\/2022\/12\/12-AROMATICASFLORESCOMESTIBLES-1536x687.jpg 1536w, https:\/\/cultivers.es\/wp-content\/uploads\/2022\/12\/12-AROMATICASFLORESCOMESTIBLES-2048x916.jpg 2048w, https:\/\/cultivers.es\/wp-content\/uploads\/2022\/12\/12-AROMATICASFLORESCOMESTIBLES-1080x483.jpg 1080w, https:\/\/cultivers.es\/wp-content\/uploads\/2022\/12\/12-AROMATICASFLORESCOMESTIBLES-1280x573.jpg 1280w, https:\/\/cultivers.es\/wp-content\/uploads\/2022\/12\/12-AROMATICASFLORESCOMESTIBLES-980x438.jpg 980w, https:\/\/cultivers.es\/wp-content\/uploads\/2022\/12\/12-AROMATICASFLORESCOMESTIBLES-480x215.jpg 480w\" sizes=\"auto, (max-width: 1200px) 100vw, 1200px\" \/><\/p>\n<p>&nbsp;<\/p>\n<p>Contenuto della confezione:<br \/>\n<strong><br \/>\n6 SEMI DI FIORI EDIBILI<\/strong><br \/>\nCosmos Mix di colori<br \/>\nEchinacea<br \/>\nViola del pensiero<br \/>\nGirasole gigante<br \/>\nSambuco Blu<br \/>\nCalendula<\/p>\n<p><strong>6 SEMI AROMATICI<\/strong><br \/>\nBasilico genovese<br \/>\nCilantro<br \/>\nPrezzemolo gigante<br \/>\nErba cipollina<br \/>\nTimo<br \/>\nAneto<\/p>\n<p><strong>FERTILIZZANTI E TRATTAMENTI ORGANICI<\/strong><\/p>\n<p>1 l di Melassa di canna<br \/>\n500 ml di Tripla Azione<br \/>\n1 l di Aminoacidi<br \/>\n250 g di fertilizzante NPK Guano<br \/>\n6 kg di Humus di lombrico<br \/>\n-- --<\/p>\n<p class=\"p1\"><strong><span class=\"s1\">Come utilizzare i nostri prodotti.<\/span><\/strong><\/p>\n<p>&nbsp;<\/p>\n<p class=\"p1\"><strong><span class=\"s1\">HUMUS DI LOMBRICO E GUANO COMPOST.<\/span><\/strong><\/p>\n<p class=\"p1\"><span class=\"s1\">1. Mescoliamo il vostro substrato o terriccio con il nostro humus di vermi e il nostro fertilizzante NPK granulare di guano. In base alle dimensioni della confezione.<\/span><\/p>\n<p class=\"p1\"><span class=\"s1\">2. Una volta che il composto \u00e8 pronto, aggiungerlo alla pentola e mescolare bene finch\u00e9 non \u00e8 ben integrato. Nel caso dei vasi, \u00e8 sufficiente riempirli.<\/span><\/p>\n<p>&nbsp;<\/p>\n<p class=\"p1\"><strong><span class=\"s1\">AGRO MELAZA<\/span><\/strong><\/p>\n<p class=\"p3\"><span class=\"s2\">1. Lo <\/span><span class=\"s1\">uso<\/span><span class=\"s2\"> una volta che le piante hanno una dimensione di circa 10 cm, se lo usiamo prima, lo useremo a 1\/3 delle sue dosi.<\/span><\/p>\n<p class=\"p3\"><span class=\"s2\">2. Applicare per via radicale, sia con <\/span><span class=\"s1\">fertirrigazione<\/span><span class=\"s2\"> o utilizzando un tubo flessibile, con le dosi indicate sulla confezione ogni 15-21 giorni.<\/span><\/p>\n<p class=\"p3\"><span class=\"s2\">3. Possiamo <\/span><span class=\"s1\">usarlo<\/span><span class=\"s2\"> durante l&#8217;intero ciclo delle nostre piante.<\/span><\/p>\n<p>&nbsp;<\/p>\n<p class=\"p1\"><strong><span class=\"s1\">FERRO CHELATO (CORRETTORE DI CARENZA)<\/span><\/strong><\/p>\n<p class=\"p3\"><span class=\"s2\">1. Possiamo <\/span><span class=\"s1\">usarlo<\/span><span class=\"s2\"> sia per correggere la carenza di ferro che per prevenirla.<\/span><\/p>\n<p class=\"p3\"><span class=\"s2\">2. Lo <\/span><span class=\"s1\">utilizzare<\/span><span class=\"s2\"> sempre nelle dosi consigliate sulla confezione.<\/span><\/p>\n<p class=\"p1\"><span class=\"s1\">3. Il prodotto sar\u00e0 applicato per via radicale alle nostre colture.<\/span><\/p>\n<p>&nbsp;<\/p>\n<p class=\"p1\"><strong><span class=\"s1\">TRIPLA AZIONE (INSETTICIDA-ACARICIDA-FUNGICIDA)<\/span><\/strong><\/p>\n<p class=\"p3\"><span class=\"s2\">1. Questo prodotto sar\u00e0 <\/span><span class=\"s1\">utilizzare<\/span><span class=\"s2\"> preventivo o quando il parassita non \u00e8 molto diffuso.<\/span><\/p>\n<p class=\"p1\"><span class=\"s1\">2. Essendo un prodotto biologico, non richiede un periodo di tolleranza.<\/span><\/p>\n<p class=\"p1\"><span class=\"s1\">3. Trattandosi di un prodotto da utilizzare, non \u00e8 necessario miscelarlo con l&#8217;acqua: baster\u00e0 applicarlo sulle nostre colture.<\/span><\/p>\n<p>&nbsp;<\/p>\n<p class=\"p1\"><strong><span class=\"s1\">AMINOACIDI<\/span><\/strong><\/p>\n<p class=\"p1\"><span class=\"s1\">1. Aiuta le nostre piante a crescere senza problemi.<\/span><\/p>\n<p class=\"p3\"><span class=\"s2\">2. <\/span><span class=\"s1\">Noterete<\/span><span class=\"s2\"> che le piante sono <\/span><span class=\"s1\">pi\u00f9<\/span><span class=\"s2\"> e vigorose, aumentando la fioritura, la fruttificazione e la produttivit\u00e0 delle piante.<\/span><\/p>\n<p class=\"p3\"><span class=\"s2\">3. Applicheremo alle nostre piante sia <\/span><span class=\"s1\">fogliare<\/span><span class=\"s2\"> e radicale, alle dosi indicate sulla confezione.<span class=\"Apple-converted-space\"> <\/span><\/span> <\/p>\n<p class=\"p1\"><span class=\"s1\">4. Da 2 a 3 applicazioni durante l&#8217;intero ciclo delle nostre piante.<\/span><\/p>\n<p>&nbsp;<\/p>\n<p class=\"p1\"><strong><span class=\"s1\">FERTILIZZANTE A BASE DI ALGHE<\/span><\/strong><\/p>\n<p class=\"p3\"><span class=\"s2\">1. <\/span><span class=\"s1\">Aiuter\u00e0 le<\/span><span class=\"s2\"> le nostre colture a non subire stress.<\/span><\/p>\n<p class=\"p1\"><span class=\"s1\">2. Contiene anche azoto e potassio, macroelementi essenziali per le nostre piante.<\/span><\/p>\n<p class=\"p3\"><span class=\"s2\">3. Somministrare alle nostre colture ogni 20 <\/span><span class=\"s1\">giorni,<\/span><span class=\"s2\"> quando la pianta \u00e8 gi\u00e0 <\/span><span class=\"s1\">\u00e8<\/span><span class=\"s2\">  con circa 10 cm. Se si tratta di un semenzaio, applicare \u00bc della dose raccomandata.<\/span><\/p>\n<p>&nbsp;<\/p>\n<p class=\"p5\"><strong><span class=\"s1\">CONSIGLI PER LA GERMINAZIONE DEI SEMI<span class=\"Apple-converted-space\"> <\/span><\/span><\/strong><\/p>\n<p>&nbsp;<\/p>\n<p class=\"p7\"><span class=\"s1\">Irrigazione. Per germogliare, i semi devono assorbire acqua.  <\/span><\/p>\n<p class=\"p7\"><span class=\"s1\">Temperatura. Ogni specie ha una propria temperatura di germinazione che deve essere raggiunta e mantenuta se si vuole che i semi germoglino correttamente.<\/span><\/p>\n<p class=\"p7\"><span class=\"s1\">Luce. All&#8217;inizio della germinazione la necessit\u00e0 di luce non \u00e8 essenziale, ma dopo la germinazione \u00e8 fondamentale che le piantine abbiano una corretta fonte di luce, quindi i semenzai devono essere collocati in uno spazio ben illuminato.<\/span><\/p>\n<p class=\"p5\"><span class=\"s2\">Semi per una corretta germinazione e crescita:  <\/span><\/p>\n<p class=\"p7\"><span class=\"s1\">Saranno seminati a tempo debito. Alcune specie possono essere piantate tutto l&#8217;anno, mentre altre devono essere piantate in un periodo specifico dell&#8217;anno.<\/span><\/p>\n<p class=\"p7\"><span class=\"s1\">Il substrato in cui germogliano deve trattenere l&#8217;umidit\u00e0 e l&#8217;aria e deve essere ricco di sostanze nutritive per la crescita.<\/span><\/p>\n<p class=\"p7\"><span class=\"s1\">L&#8217;umidit\u00e0 deve essere costante, evitando di annaffiare troppo, perch\u00e9 l&#8217;eccesso di acqua fa marcire i semi o le piccole piantine.<\/span><\/p>\n","protected":false},"excerpt":{"rendered":"<p>Contenuto della confezione:<br \/>\n<strong><br \/>\n 6 <\/strong><strong>SEMI DI FIORI EDIBILI: <\/strong>Cosmos Colori Misti, Echinacea, Viola del pensiero, Girasole Gigante, Sambuco Blu, Calendula<\/p>\n<p> 6<strong>SEMI AROMATICI<\/strong>: Basilico Genovese, Cilantro, Prezzemolo Gigante, Erba Cipollina, Timo, Aneto<\/p>\n<p><strong>FERTILIZZANTI E TRATTAMENTI BIOLOGICI: <\/strong>1 l di Melassa di Canna, 1 l di Tripla Azione, 1 l di Aminoacidi, 250 g di concime NPK Guano, 6 kg di Humus di lombrico.<\/p>\n","protected":false},"featured_media":16371,"comment_status":"open","ping_status":"closed","template":"","meta":{"_acf_changed":false},"product_brand":[],"product_cat":[436],"product_tag":[1577],"class_list":{"0":"post-19251","1":"product","2":"type-product","3":"status-publish","4":"has-post-thumbnail","6":"product_cat-semi-biologici","7":"product_tag-eco","9":"first","10":"instock","11":"taxable","12":"shipping-taxable","13":"purchasable","14":"product-type-simple"},"acf":[],"_links":{"self":[{"href":"https:\/\/cultivers.es\/it\/wp-json\/wp\/v2\/product\/19251","targetHints":{"allow":["GET"]}}],"collection":[{"href":"https:\/\/cultivers.es\/it\/wp-json\/wp\/v2\/product"}],"about":[{"href":"https:\/\/cultivers.es\/it\/wp-json\/wp\/v2\/types\/product"}],"replies":[{"embeddable":true,"href":"https:\/\/cultivers.es\/it\/wp-json\/wp\/v2\/comments?post=19251"}],"wp:featuredmedia":[{"embeddable":true,"href":"https:\/\/cultivers.es\/it\/wp-json\/wp\/v2\/media\/16371"}],"wp:attachment":[{"href":"https:\/\/cultivers.es\/it\/wp-json\/wp\/v2\/media?parent=19251"}],"wp:term":[{"taxonomy":"product_brand","embeddable":true,"href":"https:\/\/cultivers.es\/it\/wp-json\/wp\/v2\/product_brand?post=19251"},{"taxonomy":"product_cat","embeddable":true,"href":"https:\/\/cultivers.es\/it\/wp-json\/wp\/v2\/product_cat?post=19251"},{"taxonomy":"product_tag","embeddable":true,"href":"https:\/\/cultivers.es\/it\/wp-json\/wp\/v2\/product_tag?post=19251"}],"curies":[{"name":"wp","href":"https:\/\/api.w.org\/{rel}","templated":true}]}}