{"id":19258,"date":"2022-12-19T11:00:51","date_gmt":"2022-12-19T11:00:51","guid":{"rendered":"https:\/\/cultivers.es\/abonos\/iniziate-il-vostro-orto-da-1-a-3-m2-confezione-11-semi-e-fertilizzanti-eco\/"},"modified":"2025-09-22T05:17:00","modified_gmt":"2025-09-22T05:17:00","slug":"inicia-tu-huerto-de-1-a-3-m2-pack-11-semillas-y-abonos-eco","status":"publish","type":"product","link":"https:\/\/cultivers.es\/it\/fertilizzanti\/inicia-tu-huerto-de-1-a-3-m2-pack-11-semillas-y-abonos-eco\/","title":{"rendered":"Iniziate il vostro orto da 1 a 3 m2. Confezione 11 Semi e fertilizzanti Eco"},"content":{"rendered":"<p><img loading=\"lazy\" decoding=\"async\" class=\"alignnone wp-image-6975\" src=\"https:\/\/cultivers.es\/wp-content\/uploads\/2022\/12\/CALENDARIO-PACK-HUERTO-16-300x131.jpg\" alt=\"\" width=\"1266\" height=\"553\" title=\"\" srcset=\"https:\/\/cultivers.es\/wp-content\/uploads\/2022\/12\/CALENDARIO-PACK-HUERTO-16-300x131.jpg 300w, https:\/\/cultivers.es\/wp-content\/uploads\/2022\/12\/CALENDARIO-PACK-HUERTO-16-scaled-600x263.jpg 600w, https:\/\/cultivers.es\/wp-content\/uploads\/2022\/12\/CALENDARIO-PACK-HUERTO-16-2048x897.jpg 2048w, https:\/\/cultivers.es\/wp-content\/uploads\/2022\/12\/CALENDARIO-PACK-HUERTO-16-1080x473.jpg 1080w, https:\/\/cultivers.es\/wp-content\/uploads\/2022\/12\/CALENDARIO-PACK-HUERTO-16-480x210.jpg 480w\" sizes=\"auto, (max-width: 1266px) 100vw, 1266px\" \/><\/p>\n<p>Contenuto della confezione:<\/p>\n<p>Melanzana Uovo Bianco<br \/>\nCarote Jaune du Doubs<br \/>\nCipolla Rossa Lunga di Firenze<br \/>\nPomodoro Cuore di Manzo<br \/>\nPomodoro Ciliegia Nera<br \/>\nPeperone Corno di Toro Rosso<br \/>\nRavanello Saxa 2<br \/>\nSpinaci Matador<br \/>\nBroccoli Viola<br \/>\nLattuga Riccia Lollo Rosso<br \/>\nLattuga Foglia di Quercia Insalatiera<\/p>\n<p>&nbsp;<\/p>\n<p><strong>Fertilizzanti e trattamenti organici<\/strong><\/p>\n<p>&nbsp;<\/p>\n<p>1,5 kg di humus di lombrico<br \/>\n250 g di concime NPK con guano<br \/>\n1 l di melassa di canna<br \/>\n250 g di chelato di ferro<br \/>\n250 g di correttore di calcio<br \/>\n250 g di concime per ingrasso e maturazione<br \/>\n500 ml di Tripla Azione<\/p>\n<p>&nbsp;<\/p>\n<p class=\"p1\"><strong><span class=\"s1\">Come utilizzare i nostri prodotti.<\/span><\/strong><\/p>\n<p>&nbsp;<\/p>\n<p class=\"p1\"><strong><span class=\"s1\">HUMUS DI LOMBRICO E GUANO COMPOST.<\/span><\/strong><\/p>\n<p class=\"p1\"><span class=\"s1\">1. Mescoliamo il vostro substrato o terriccio con il nostro humus di vermi e il nostro fertilizzante NPK granulare di guano. In base alle dimensioni della confezione.<\/span><\/p>\n<p class=\"p1\"><span class=\"s1\">2. Una volta che il composto \u00e8 pronto, aggiungerlo alla pentola e mescolare bene finch\u00e9 non \u00e8 ben integrato. Nel caso dei vasi, \u00e8 sufficiente riempirli.<\/span><\/p>\n<p>&nbsp;<\/p>\n<p class=\"p1\"><strong><span class=\"s1\">AGRO MELAZA<\/span><\/strong><\/p>\n<p class=\"p3\"><span class=\"s2\">1. Lo <\/span><span class=\"s1\">uso<\/span><span class=\"s2\"> una volta che le piante hanno una dimensione di circa 10 cm, se lo usiamo prima, lo useremo a 1\/3 delle sue dosi.<\/span><\/p>\n<p class=\"p3\"><span class=\"s2\">2. Applicare per via radicale, sia con <\/span><span class=\"s1\">fertirrigazione<\/span><span class=\"s2\"> o utilizzando un tubo flessibile, con le dosi indicate sulla confezione ogni 15-21 giorni.<\/span><\/p>\n<p class=\"p3\"><span class=\"s2\">3. Possiamo <\/span><span class=\"s1\">usarlo<\/span><span class=\"s2\"> durante l&#8217;intero ciclo delle nostre piante.<\/span><\/p>\n<p>&nbsp;<\/p>\n<p class=\"p3\"><strong><span class=\"s2\">CALCIO (<\/span><span class=\"s1\">CORRETTORE<\/span><span class=\"s2\"> CORRETTORE)<\/span><\/strong><\/p>\n<p class=\"p3\"><span class=\"s2\">1. Lo <\/span><span class=\"s1\">utilizzare<\/span><span class=\"s2\"> nelle dosi indicate 2 o 3 volte durante l&#8217;intero ciclo delle nostre piante.<\/span><\/p>\n<p class=\"p3\"><span class=\"s2\">2. Il primo <\/span><span class=\"s1\">\u00e8<\/span><span class=\"s2\"> appena prima che le nostre piante inizino a fiorire, questo aiuter\u00e0 ad avere una migliore allegagione.<\/span><\/p>\n<p class=\"p1\"><span class=\"s1\">3. Pu\u00f2 essere applicato sia per via fogliare che radicale.<\/span><\/p>\n<p>&nbsp;<\/p>\n<p class=\"p1\"><strong><span class=\"s1\">FERRO CHELATO (CORRETTORE DI CARENZA)<\/span><\/strong><\/p>\n<p class=\"p3\"><span class=\"s2\">1. Possiamo <\/span><span class=\"s1\">usarlo<\/span><span class=\"s2\"> sia per correggere la carenza di ferro che per prevenirla.<\/span><\/p>\n<p class=\"p3\"><span class=\"s2\">2. Lo <\/span><span class=\"s1\">utilizzare<\/span><span class=\"s2\"> sempre nelle dosi consigliate sulla confezione.<\/span><\/p>\n<p class=\"p1\"><span class=\"s1\">3. Il prodotto sar\u00e0 applicato per via radicale alle nostre colture.<\/span><\/p>\n<p>&nbsp;<\/p>\n<p class=\"p1\"><strong><span class=\"s1\">MATURAZIONE E INGRASSO<\/span><\/strong><\/p>\n<p class=\"p3\"><span class=\"s2\">1. Questo prodotto \u00e8 particolarmente adatto per <\/span><span class=\"s1\">utilizzato<\/span><span class=\"s2\"> sulle piante a partire dalla fioritura.<\/span><\/p>\n<p class=\"p3\"><span class=\"s2\">2. pu\u00f2 essere <\/span><span class=\"s1\">pu\u00f2 essere utilizzato<\/span><span class=\"s2\"> sia per applicazione fogliare che radicale.<\/span><\/p>\n<p class=\"p3\"><span class=\"s2\">3. Lo utilizzeremo una volta ogni 21 <\/span><span class=\"s1\">giorni<\/span><span class=\"s2\"> approssimativamente.<\/span><\/p>\n<p>&nbsp;<\/p>\n<p class=\"p1\"><strong><span class=\"s1\">TRIPLA AZIONE (INSETTICIDA-ACARICIDA-FUNGICIDA)<\/span><\/strong><\/p>\n<p class=\"p3\"><span class=\"s2\">1. Questo prodotto sar\u00e0 <\/span><span class=\"s1\">utilizzare<\/span><span class=\"s2\"> preventivo o quando il parassita non \u00e8 molto diffuso.<\/span><\/p>\n<p class=\"p1\"><span class=\"s1\">2. Essendo un prodotto biologico, non richiede un periodo di tolleranza.<\/span><\/p>\n<p class=\"p1\"><span class=\"s1\">3. Trattandosi di un prodotto da utilizzare, non \u00e8 necessario miscelarlo con l&#8217;acqua: baster\u00e0 applicarlo sulle nostre colture.<\/span><\/p>\n<p>&nbsp;<\/p>\n<p class=\"p5\"><strong><span class=\"s1\">CONSIGLI PER LA GERMINAZIONE DEI SEMI<span class=\"Apple-converted-space\"> <\/span><\/span><\/strong><\/p>\n<p>&nbsp;<\/p>\n<p class=\"p7\"><span class=\"s1\">Irrigazione. Per germogliare, i semi devono assorbire acqua.  <\/span><\/p>\n<p class=\"p7\"><span class=\"s1\">Temperatura. Ogni specie ha una propria temperatura di germinazione che deve essere raggiunta e mantenuta se si vuole che i semi germoglino correttamente.<\/span><\/p>\n<p class=\"p7\"><span class=\"s1\">Luce. All&#8217;inizio della germinazione la necessit\u00e0 di luce non \u00e8 essenziale, ma dopo la germinazione \u00e8 fondamentale che le piantine abbiano una corretta fonte di luce, quindi i semenzai devono essere collocati in uno spazio ben illuminato.<\/span><\/p>\n<p class=\"p5\"><span class=\"s2\">Semi per una corretta germinazione e crescita:  <\/span><\/p>\n<p class=\"p7\"><span class=\"s1\">Saranno seminati a tempo debito. Alcune specie possono essere piantate tutto l&#8217;anno, mentre altre devono essere piantate in un periodo specifico dell&#8217;anno.<\/span><\/p>\n<p class=\"p7\"><span class=\"s1\">Il substrato in cui germogliano deve trattenere l&#8217;umidit\u00e0 e l&#8217;aria e deve essere ricco di sostanze nutritive per la crescita.<\/span><\/p>\n<p class=\"p7\"><span class=\"s1\">L&#8217;umidit\u00e0 deve essere costante, evitando di annaffiare troppo, perch\u00e9 l&#8217;eccesso di acqua fa marcire i semi o le piccole piantine.<\/span><\/p>\n","protected":false},"excerpt":{"rendered":"<p>Contenuto:<\/p>\n<p><strong>11 Semi biologici:<\/strong> Melanzana Uovo Bianco, Melanzana Bellezza Nera, Carote Jaune du Doubs, Cipolla Rossa Lunga di Firenze, Pomodoro Roma VF, Pomodoro Cuore di Bue, Pomodoro Ciliegia Nera, Peperone Corno di Toro Rosso, Ravanello Saxa 2, Spinaci Matador, Broccoli Viola, Lattuga riccia Lollo Rosso, Lattuga Foglia di Quercia Insalatiera<\/p>\n<p><strong>Concimi biologici:<\/strong> 10 kg di humus di lombrico, 5 kg di concime NPK con guano, 1 l di melassa di canna, 1 l di acidi amminici, 250 g di alghe marine 100%, 250 g di ferro chelato, 250 g di correttore di calcio, 250 g di concime per ingrasso e maturazione, 1 l di tripla azione.<\/p>\n","protected":false},"featured_media":16356,"comment_status":"open","ping_status":"closed","template":"","meta":{"_acf_changed":false},"product_brand":[],"product_cat":[344,436],"product_tag":[],"class_list":{"0":"post-19258","1":"product","2":"type-product","3":"status-publish","4":"has-post-thumbnail","6":"product_cat-fertilizzanti","7":"product_cat-semi-biologici","9":"first","10":"instock","11":"taxable","12":"shipping-taxable","13":"purchasable","14":"product-type-simple"},"acf":[],"_links":{"self":[{"href":"https:\/\/cultivers.es\/it\/wp-json\/wp\/v2\/product\/19258","targetHints":{"allow":["GET"]}}],"collection":[{"href":"https:\/\/cultivers.es\/it\/wp-json\/wp\/v2\/product"}],"about":[{"href":"https:\/\/cultivers.es\/it\/wp-json\/wp\/v2\/types\/product"}],"replies":[{"embeddable":true,"href":"https:\/\/cultivers.es\/it\/wp-json\/wp\/v2\/comments?post=19258"}],"wp:featuredmedia":[{"embeddable":true,"href":"https:\/\/cultivers.es\/it\/wp-json\/wp\/v2\/media\/16356"}],"wp:attachment":[{"href":"https:\/\/cultivers.es\/it\/wp-json\/wp\/v2\/media?parent=19258"}],"wp:term":[{"taxonomy":"product_brand","embeddable":true,"href":"https:\/\/cultivers.es\/it\/wp-json\/wp\/v2\/product_brand?post=19258"},{"taxonomy":"product_cat","embeddable":true,"href":"https:\/\/cultivers.es\/it\/wp-json\/wp\/v2\/product_cat?post=19258"},{"taxonomy":"product_tag","embeddable":true,"href":"https:\/\/cultivers.es\/it\/wp-json\/wp\/v2\/product_tag?post=19258"}],"curies":[{"name":"wp","href":"https:\/\/api.w.org\/{rel}","templated":true}]}}