{"id":19276,"date":"2022-11-30T07:48:40","date_gmt":"2022-11-30T07:48:40","guid":{"rendered":"https:\/\/cultivers.es\/abonos\/semi-di-melanzana-tsakoniki-biologica\/"},"modified":"2026-03-04T15:21:36","modified_gmt":"2026-03-04T15:21:36","slug":"semi-di-piante-da-uova-biologiche-tsakoniki-tsakoniki-tsakoniki","status":"publish","type":"product","link":"https:\/\/cultivers.es\/it\/fertilizzanti\/semi-di-piante-da-uova-biologiche-tsakoniki-tsakoniki-tsakoniki\/","title":{"rendered":"Semi di melanzana Tsakoniki Biodinamica Demeter"},"content":{"rendered":"","protected":false},"excerpt":{"rendered":"<p>La <strong>melanzana Tsakoniki<\/strong> \u00e8 una variet\u00e0 tradizionale originaria della Grecia, nota per la sua forma allungata e la sua buccia <strong>viola con venature bianche<\/strong>, che la rendono una scelta visivamente attraente e deliziosa. La sua polpa tenera e dal sapore delicato, con una nota di dolcezza, \u00e8 perfetta per un&#8217;ampia variet\u00e0 di piatti come stufati, arrosti, moussakas e ripieni. Questa melanzana \u00e8 facile da coltivare e molto produttiva, ideale per arricchire il tuo <strong>orto<\/strong> con una pianta nutriente e versatile.  <\/p>\n<p><strong>Forma allungata ed elegante:<\/strong> con la sua buccia viola striata di bianco, questa variet\u00e0 si distingue per l&#8217;aspetto attraente e la consistenza tenera.<\/p>\n<p><strong>Sapore dolce e delicato:<\/strong> la polpa della melanzana Tsakoniki \u00e8 delicata, con un sapore delicato che la rende perfetta per essere arrostita, stufata, fritta o farcita.<\/p>\n<p><strong>Alta produttivit\u00e0:<\/strong> \u00e8 una pianta vigorosa che produce frutti in modo costante per tutta la stagione, garantendo un raccolto abbondante.<\/p>\n<p><strong>Difficile e facile da coltivare:<\/strong> si adatta bene a climi e terreni diversi, essendo una variet\u00e0 resistente alle malattie, ideale sia per i principianti che per i giardinieri esperti.<\/p>\n<p><strong>Ricche di nutrienti:<\/strong> Le melanzane sono un&#8217;ottima fonte di antiossidanti, vitamine e minerali che contribuiscono a una dieta sana ed equilibrata.<\/p>\n<p><strong>Certificazione Demeter:<\/strong> questi semi sono conformi agli standard dell&#8217;agricoltura biodinamica, garantendo una coltivazione che rispetta i cicli naturali e l&#8217;ambiente.<\/p>\n<p><strong>Coltivazione biologica:<\/strong> i nostri semi sono <strong>100% biologici<\/strong>, privi di pesticidi e fertilizzanti chimici, per promuovere un <strong>orto<\/strong> sostenibile e rispettoso della biodiversit\u00e0.<\/p>\n<p>Coltiva la <strong>Melanzana Tsakoniki biologica Demeter<\/strong> e goditi una variet\u00e0 tradizionale che combina gusto, produttivit\u00e0 e bellezza nel tuo <strong>giardino<\/strong>. Ordina oggi stesso e porta l&#8217;autenticit\u00e0 greca sulla tua tavola! <\/p>\n","protected":false},"featured_media":16281,"comment_status":"open","ping_status":"closed","template":"","meta":{"_acf_changed":false},"product_brand":[],"product_cat":[436,1305,440],"product_tag":[1383],"class_list":{"0":"post-19276","1":"product","2":"type-product","3":"status-publish","4":"has-post-thumbnail","6":"product_cat-semi-biologici","7":"product_cat-semi-di-demeter","8":"product_cat-semi-di-frutta-e-verdura-biologici","9":"product_tag-demeter-it","11":"first","12":"instock","13":"taxable","14":"shipping-taxable","15":"purchasable","16":"product-type-simple"},"acf":[],"_links":{"self":[{"href":"https:\/\/cultivers.es\/it\/wp-json\/wp\/v2\/product\/19276","targetHints":{"allow":["GET"]}}],"collection":[{"href":"https:\/\/cultivers.es\/it\/wp-json\/wp\/v2\/product"}],"about":[{"href":"https:\/\/cultivers.es\/it\/wp-json\/wp\/v2\/types\/product"}],"replies":[{"embeddable":true,"href":"https:\/\/cultivers.es\/it\/wp-json\/wp\/v2\/comments?post=19276"}],"wp:featuredmedia":[{"embeddable":true,"href":"https:\/\/cultivers.es\/it\/wp-json\/wp\/v2\/media\/16281"}],"wp:attachment":[{"href":"https:\/\/cultivers.es\/it\/wp-json\/wp\/v2\/media?parent=19276"}],"wp:term":[{"taxonomy":"product_brand","embeddable":true,"href":"https:\/\/cultivers.es\/it\/wp-json\/wp\/v2\/product_brand?post=19276"},{"taxonomy":"product_cat","embeddable":true,"href":"https:\/\/cultivers.es\/it\/wp-json\/wp\/v2\/product_cat?post=19276"},{"taxonomy":"product_tag","embeddable":true,"href":"https:\/\/cultivers.es\/it\/wp-json\/wp\/v2\/product_tag?post=19276"}],"curies":[{"name":"wp","href":"https:\/\/api.w.org\/{rel}","templated":true}]}}