{"id":19286,"date":"2022-12-14T12:56:58","date_gmt":"2022-12-14T12:56:58","guid":{"rendered":"https:\/\/cultivers.es\/abonos\/iniziate-il-vostro-giardino-da-10-a-20-m2-confezione-28-semi-e-fertilizzanti-eco\/"},"modified":"2025-09-22T05:38:29","modified_gmt":"2025-09-22T05:38:29","slug":"pack-huerto-semillas-y-abonos-eco-de-10-a-20-m2","status":"publish","type":"product","link":"https:\/\/cultivers.es\/it\/fertilizzanti\/pack-huerto-semillas-y-abonos-eco-de-10-a-20-m2\/","title":{"rendered":"Iniziate il vostro giardino da 10 a 20 m2 . Confezione 28 Semi e fertilizzanti Eco."},"content":{"rendered":"<p><img loading=\"lazy\" decoding=\"async\" class=\"alignnone wp-image-6955\" src=\"https:\/\/cultivers.es\/wp-content\/uploads\/2022\/12\/CALENDARIO-PACK-semillas-huerto-300x212.jpg\" alt=\"\" width=\"1349\" height=\"953\" title=\"\" srcset=\"https:\/\/cultivers.es\/wp-content\/uploads\/2022\/12\/CALENDARIO-PACK-semillas-huerto-300x212.jpg 300w, https:\/\/cultivers.es\/wp-content\/uploads\/2022\/12\/CALENDARIO-PACK-semillas-huerto-600x424.jpg 600w, https:\/\/cultivers.es\/wp-content\/uploads\/2022\/12\/CALENDARIO-PACK-semillas-huerto-1024x724.jpg 1024w, https:\/\/cultivers.es\/wp-content\/uploads\/2022\/12\/CALENDARIO-PACK-semillas-huerto-768x543.jpg 768w, https:\/\/cultivers.es\/wp-content\/uploads\/2022\/12\/CALENDARIO-PACK-semillas-huerto-1536x1086.jpg 1536w, https:\/\/cultivers.es\/wp-content\/uploads\/2022\/12\/CALENDARIO-PACK-semillas-huerto-2048x1448.jpg 2048w, https:\/\/cultivers.es\/wp-content\/uploads\/2022\/12\/CALENDARIO-PACK-semillas-huerto-400x284.jpg 400w, https:\/\/cultivers.es\/wp-content\/uploads\/2022\/12\/CALENDARIO-PACK-semillas-huerto-1080x763.jpg 1080w, https:\/\/cultivers.es\/wp-content\/uploads\/2022\/12\/CALENDARIO-PACK-semillas-huerto-1280x905.jpg 1280w, https:\/\/cultivers.es\/wp-content\/uploads\/2022\/12\/CALENDARIO-PACK-semillas-huerto-980x693.jpg 980w, https:\/\/cultivers.es\/wp-content\/uploads\/2022\/12\/CALENDARIO-PACK-semillas-huerto-480x339.jpg 480w\" sizes=\"auto, (max-width: 1349px) 100vw, 1349px\" \/><\/p>\n<p>Contenuto della confezione:<\/p>\n<p>&nbsp;<\/p>\n<p><strong>Semi biologici<\/strong><\/p>\n<p>Zucchina di Nizza<br \/>\nUovo bianco di melanzana<br \/>\nMelanzana Black Beauty<br \/>\nTsakoniki di melanzane<br \/>\nCarote Jaune du Doubs<br \/>\nCipolla Rossa Lunga di Firenze<br \/>\nPomodoro Roma VF<br \/>\nPomodoro cuore di manzo<br \/>\nPomodoro ciliegia nera<br \/>\nPepe dolce al cioccolato<br \/>\nPepe Corno di Toro Rosso<br \/>\nRavanello Saxa 2<br \/>\nBarbabietola di Chioggia<br \/>\nMelone Retato Degli Ortolani<br \/>\nAnguria Sugar Baby<br \/>\nZucca Rouge Vif estampes<br \/>\nCetriolo Tanja<br \/>\nCipolla Stutgarder<br \/>\nSpinaci Matador<br \/>\nTatsoi di verdure asiatiche<br \/>\nVerdure asiatiche Mizuna<br \/>\nCavolo<br \/>\nBroccoli viola<br \/>\nPalla di cavolfiore<br \/>\nLattuga riccia Lollo Rosso<br \/>\nInsalatiera con foglie di quercia<br \/>\nRazzo Esme<br \/>\nLattuga di agnello Vit<\/p>\n<p>&nbsp;<\/p>\n<p><strong>Fertilizzanti e trattamenti organici<\/strong><\/p>\n<p>250 G DI INGRASSO E MATURAZIONE<br \/>\n250 G DI FERRO CHELATO<br \/>\n250 G DI CALCIO<br \/>\n250 G DI ALGHE<\/p>\n<p>10 kg di humus di lombrico<br \/>\n5 kg di fertilizzante NPK con guano<br \/>\n1 l di melassa di canna<br \/>\n1 l di acidi di amimo<br \/>\n250 g di alghe marine al 100%<br \/>\n250 g di ferro chelato<br \/>\n250 g di correttore di calcio<br \/>\n250 g di fertilizzante per ingrasso e maturazione<br \/>\n1 l di tripla azione<\/p>\n<p>&nbsp;<\/p>\n<p class=\"p1\"><strong><span class=\"s1\">Come utilizzare i nostri prodotti.<\/span><\/strong><\/p>\n<p>&nbsp;<\/p>\n<p class=\"p1\"><strong><span class=\"s1\">HUMUS DI LOMBRICO E GUANO COMPOST.<\/span><\/strong><\/p>\n<p class=\"p1\"><span class=\"s1\">1. Mescoliamo il vostro substrato o terriccio con il nostro humus di vermi e il nostro fertilizzante NPK granulare di guano. In base alle dimensioni della confezione.<\/span><\/p>\n<p class=\"p1\"><span class=\"s1\">2. Una volta che il composto \u00e8 pronto, aggiungerlo alla pentola e mescolare bene finch\u00e9 non \u00e8 ben integrato. Nel caso dei vasi, \u00e8 sufficiente riempirli.<\/span><\/p>\n<p>&nbsp;<\/p>\n<p class=\"p1\"><strong><span class=\"s1\">AGRO MELAZA<\/span><\/strong><\/p>\n<p class=\"p3\"><span class=\"s2\">1. Lo <\/span><span class=\"s1\">uso<\/span><span class=\"s2\"> una volta che le piante hanno una dimensione di circa 10 cm, se lo usiamo prima, lo useremo a 1\/3 delle sue dosi.<\/span><\/p>\n<p class=\"p3\"><span class=\"s2\">2. Applicare per via radicale, sia con <\/span><span class=\"s1\">fertirrigazione<\/span><span class=\"s2\"> o utilizzando un tubo flessibile, con le dosi indicate sulla confezione ogni 15-21 giorni.<\/span><\/p>\n<p class=\"p3\"><span class=\"s2\">3. Possiamo <\/span><span class=\"s1\">usarlo<\/span><span class=\"s2\"> durante l&#8217;intero ciclo delle nostre piante.<\/span><\/p>\n<p>&nbsp;<\/p>\n<p class=\"p3\"><strong><span class=\"s2\">CALCIO (<\/span><span class=\"s1\">CORRETTORE<\/span><span class=\"s2\"> CORRETTORE)<\/span><\/strong><\/p>\n<p class=\"p3\"><span class=\"s2\">1. Lo <\/span><span class=\"s1\">utilizzare<\/span><span class=\"s2\"> nelle dosi indicate 2 o 3 volte durante l&#8217;intero ciclo delle nostre piante.<\/span><\/p>\n<p class=\"p3\"><span class=\"s2\">2. Il primo <\/span><span class=\"s1\">\u00e8<\/span><span class=\"s2\"> appena prima che le nostre piante inizino a fiorire, questo aiuter\u00e0 ad avere una migliore allegagione.<\/span><\/p>\n<p class=\"p1\"><span class=\"s1\">3. Pu\u00f2 essere applicato sia per via fogliare che radicale.<\/span><\/p>\n<p>&nbsp;<\/p>\n<p class=\"p1\"><strong><span class=\"s1\">FERRO CHELATO (CORRETTORE DI CARENZA)<\/span><\/strong><\/p>\n<p class=\"p3\"><span class=\"s2\">1. Possiamo <\/span><span class=\"s1\">usarlo<\/span><span class=\"s2\"> sia per correggere la carenza di ferro che per prevenirla.<\/span><\/p>\n<p class=\"p3\"><span class=\"s2\">2. Lo <\/span><span class=\"s1\">utilizzare<\/span><span class=\"s2\"> sempre nelle dosi consigliate sulla confezione.<\/span><\/p>\n<p class=\"p1\"><span class=\"s1\">3. Il prodotto sar\u00e0 applicato per via radicale alle nostre colture.<\/span><\/p>\n<p>&nbsp;<\/p>\n<p class=\"p1\"><strong><span class=\"s1\">MATURAZIONE E INGRASSO<\/span><\/strong><\/p>\n<p class=\"p3\"><span class=\"s2\">1. Questo prodotto \u00e8 particolarmente adatto per <\/span><span class=\"s1\">utilizzato<\/span><span class=\"s2\"> sulle piante a partire dalla fioritura.<\/span><\/p>\n<p class=\"p3\"><span class=\"s2\">2. pu\u00f2 essere <\/span><span class=\"s1\">pu\u00f2 essere utilizzato<\/span><span class=\"s2\"> sia per applicazione fogliare che radicale.<\/span><\/p>\n<p class=\"p3\"><span class=\"s2\">3. Lo utilizzeremo una volta ogni 21 <\/span><span class=\"s1\">giorni<\/span><span class=\"s2\"> approssimativamente.<\/span><\/p>\n<p>&nbsp;<\/p>\n<p class=\"p1\"><strong><span class=\"s1\">TRIPLA AZIONE (INSETTICIDA-ACARICIDA-FUNGICIDA)<\/span><\/strong><\/p>\n<p class=\"p3\"><span class=\"s2\">1. Questo prodotto sar\u00e0 <\/span><span class=\"s1\">utilizzare<\/span><span class=\"s2\"> preventivo o quando il parassita non \u00e8 molto diffuso.<\/span><\/p>\n<p class=\"p1\"><span class=\"s1\">2. Essendo un prodotto biologico, non richiede un periodo di tolleranza.<\/span><\/p>\n<p class=\"p1\"><span class=\"s1\">3. Trattandosi di un prodotto da utilizzare, non \u00e8 necessario miscelarlo con l&#8217;acqua: baster\u00e0 applicarlo sulle nostre colture.<\/span><\/p>\n<p>&nbsp;<\/p>\n<p class=\"p1\"><strong><span class=\"s1\">AMINOACIDI<\/span><\/strong><\/p>\n<p class=\"p1\"><span class=\"s1\">1. Aiuta le nostre piante a crescere senza problemi.<\/span><\/p>\n<p class=\"p3\"><span class=\"s2\">2. <\/span><span class=\"s1\">Noterete<\/span><span class=\"s2\"> che le piante sono <\/span><span class=\"s1\">pi\u00f9<\/span><span class=\"s2\"> e vigorose, aumentando la fioritura, la fruttificazione e la produttivit\u00e0 delle piante.<\/span><\/p>\n<p class=\"p3\"><span class=\"s2\">3. Applicheremo alle nostre piante sia <\/span><span class=\"s1\">fogliare<\/span><span class=\"s2\"> e radicale, alle dosi indicate sulla confezione.<span class=\"Apple-converted-space\"> <\/span><\/span> <\/p>\n<p class=\"p1\"><span class=\"s1\">4. Da 2 a 3 applicazioni durante l&#8217;intero ciclo delle nostre piante.<\/span><\/p>\n<p>&nbsp;<\/p>\n<p class=\"p1\"><strong><span class=\"s1\">FERTILIZZANTE A BASE DI ALGHE<\/span><\/strong><\/p>\n<p class=\"p3\"><span class=\"s2\">1. <\/span><span class=\"s1\">Aiuter\u00e0 le<\/span><span class=\"s2\"> le nostre colture a non subire stress.<\/span><\/p>\n<p class=\"p1\"><span class=\"s1\">2. Contiene anche azoto e potassio, macroelementi essenziali per le nostre piante.<\/span><\/p>\n<p class=\"p3\"><span class=\"s2\">3. Somministrare alle nostre colture ogni 20 <\/span><span class=\"s1\">giorni,<\/span><span class=\"s2\"> quando la pianta \u00e8 gi\u00e0 <\/span><span class=\"s1\">\u00e8<\/span><span class=\"s2\">  con circa 10 cm. Se si tratta di un semenzaio, applicare \u00bc della dose raccomandata.<\/span><\/p>\n<p>&nbsp;<\/p>\n<p class=\"p5\"><strong><span class=\"s1\">CONSIGLI PER LA GERMINAZIONE DEI SEMI<span class=\"Apple-converted-space\"> <\/span><\/span><\/strong><\/p>\n<p>&nbsp;<\/p>\n<p class=\"p7\"><span class=\"s1\">Irrigazione. Per germogliare, i semi devono assorbire acqua.  <\/span><\/p>\n<p class=\"p7\"><span class=\"s1\">Temperatura. Ogni specie ha una propria temperatura di germinazione che deve essere raggiunta e mantenuta se si vuole che i semi germoglino correttamente.<\/span><\/p>\n<p class=\"p7\"><span class=\"s1\">Luce. All&#8217;inizio della germinazione la necessit\u00e0 di luce non \u00e8 essenziale, ma dopo la germinazione \u00e8 fondamentale che le piantine abbiano una corretta fonte di luce, quindi i semenzai devono essere collocati in uno spazio ben illuminato.<\/span><\/p>\n<p class=\"p5\"><span class=\"s2\">Semi per una corretta germinazione e crescita:  <\/span><\/p>\n<p class=\"p7\"><span class=\"s1\">Saranno seminati a tempo debito. Alcune specie possono essere piantate tutto l&#8217;anno, mentre altre devono essere piantate in un periodo specifico dell&#8217;anno.<\/span><\/p>\n<p class=\"p7\"><span class=\"s1\">Il substrato in cui germogliano deve trattenere l&#8217;umidit\u00e0 e l&#8217;aria e deve essere ricco di sostanze nutritive per la crescita.<\/span><\/p>\n<p class=\"p7\"><span class=\"s1\">L&#8217;umidit\u00e0 deve essere costante, evitando di annaffiare troppo, perch\u00e9 l&#8217;eccesso di acqua fa marcire i semi o le piccole piantine.<\/span><\/p>\n","protected":false},"excerpt":{"rendered":"<p>Contenuto:<\/p>\n<p><strong>28 Semi biologici:<\/strong> Zucchina di Nizza, Melanzana White Egg, Melanzana Black Beauty, Melanzana Tsakoniki, Carote Jaune du Doubs, Cipolla Rossa Lunga di Firenze, Pomodoro Roma VF, Pomodoro Corazon de Buey, Pomodoro Black Cherry, Peperone Sweet Chocolate, Peperone Corno di Toro Rosso, Ravanello Saxa 2, Barbabietola Chioggia, Melone Retato Degli Ortolani, Anguria Sugar Baby, Zucca Rouge Vif estampes, Cetriolo Tanja, Cipolla Stutgarder, Spinaci Matador, Verdura asiatica Tatsoi, Verdura asiatica Mizuna, Cavolo Kale, Broccolo Viola, Cavolfiore Palla di Neve, Lattuga riccia Lollo Rosso, Lattuga a foglia di quercia Insalatiera, Rucola Esme, Lattuga di Agnello Vit.<\/p>\n<p>&nbsp;<\/p>\n<p><strong>Concimi organici:<\/strong> 10 kg di humus di vermi, 5 kg di concime NPK con guano, 1 l di melassa di canna, 1 l di acidi amminici, 250 g di alghe marine al 100%, 250 g di ferro chelato, 250 g di correttore di calcio, 250 g di concime per ingrasso e maturazione, 1 l di tripla azione.<\/p>\n","protected":false},"featured_media":16356,"comment_status":"open","ping_status":"closed","template":"","meta":{"_acf_changed":false},"product_brand":[],"product_cat":[344,436],"product_tag":[],"class_list":{"0":"post-19286","1":"product","2":"type-product","3":"status-publish","4":"has-post-thumbnail","6":"product_cat-fertilizzanti","7":"product_cat-semi-biologici","9":"first","10":"instock","11":"taxable","12":"shipping-taxable","13":"purchasable","14":"product-type-simple"},"acf":[],"_links":{"self":[{"href":"https:\/\/cultivers.es\/it\/wp-json\/wp\/v2\/product\/19286","targetHints":{"allow":["GET"]}}],"collection":[{"href":"https:\/\/cultivers.es\/it\/wp-json\/wp\/v2\/product"}],"about":[{"href":"https:\/\/cultivers.es\/it\/wp-json\/wp\/v2\/types\/product"}],"replies":[{"embeddable":true,"href":"https:\/\/cultivers.es\/it\/wp-json\/wp\/v2\/comments?post=19286"}],"wp:featuredmedia":[{"embeddable":true,"href":"https:\/\/cultivers.es\/it\/wp-json\/wp\/v2\/media\/16356"}],"wp:attachment":[{"href":"https:\/\/cultivers.es\/it\/wp-json\/wp\/v2\/media?parent=19286"}],"wp:term":[{"taxonomy":"product_brand","embeddable":true,"href":"https:\/\/cultivers.es\/it\/wp-json\/wp\/v2\/product_brand?post=19286"},{"taxonomy":"product_cat","embeddable":true,"href":"https:\/\/cultivers.es\/it\/wp-json\/wp\/v2\/product_cat?post=19286"},{"taxonomy":"product_tag","embeddable":true,"href":"https:\/\/cultivers.es\/it\/wp-json\/wp\/v2\/product_tag?post=19286"}],"curies":[{"name":"wp","href":"https:\/\/api.w.org\/{rel}","templated":true}]}}